{"id":8470,"date":"2025-10-16T15:09:10","date_gmt":"2025-10-16T07:09:10","guid":{"rendered":"https:\/\/oydisplay.com\/?post_type=product&#038;p=8470"},"modified":"2025-10-16T15:09:13","modified_gmt":"2025-10-16T07:09:13","slug":"custom-cigarette-display-case-for-sale","status":"publish","type":"product","link":"https:\/\/oydisplay.com\/tr\/product\/custom-cigarette-display-case-for-sale\/","title":{"rendered":"\u00d6zel Sigara Te\u015fhir Kutusu Sat\u0131\u015fta"},"content":{"rendered":"","protected":false},"featured_media":8477,"parent":0,"template":"","meta":{"_acf_changed":true},"product-category":[75],"product-tags":[],"class_list":["post-8470","product","type-product","status-publish","has-post-thumbnail","hentry","product-category-smoke-shop-fixtures"],"acf":{"product_image":[8471,8472,8473,8474,8475,8476,8477,8478,8479,8480,8481,8482],"product_short_description":"","a_image":null,"Product_Description_A":"","B_Image":null,"Product_Description_B":"","C_Image":null,"Product_Description_C":"","D_Image":null,"Product_Description_D":""},"_links":{"self":[{"href":"https:\/\/oydisplay.com\/tr\/wp-json\/wp\/v2\/product\/8470","targetHints":{"allow":["GET"]}}],"collection":[{"href":"https:\/\/oydisplay.com\/tr\/wp-json\/wp\/v2\/product"}],"about":[{"href":"https:\/\/oydisplay.com\/tr\/wp-json\/wp\/v2\/types\/product"}],"acf:attachment":[{"embeddable":true,"href":"https:\/\/oydisplay.com\/tr\/wp-json\/wp\/v2\/media\/8482"},{"embeddable":true,"href":"https:\/\/oydisplay.com\/tr\/wp-json\/wp\/v2\/media\/8481"},{"embeddable":true,"href":"https:\/\/oydisplay.com\/tr\/wp-json\/wp\/v2\/media\/8480"},{"embeddable":true,"href":"https:\/\/oydisplay.com\/tr\/wp-json\/wp\/v2\/media\/8479"},{"embeddable":true,"href":"https:\/\/oydisplay.com\/tr\/wp-json\/wp\/v2\/media\/8478"},{"embeddable":true,"href":"https:\/\/oydisplay.com\/tr\/wp-json\/wp\/v2\/media\/8477"},{"embeddable":true,"href":"https:\/\/oydisplay.com\/tr\/wp-json\/wp\/v2\/media\/8476"},{"embeddable":true,"href":"https:\/\/oydisplay.com\/tr\/wp-json\/wp\/v2\/media\/8475"},{"embeddable":true,"href":"https:\/\/oydisplay.com\/tr\/wp-json\/wp\/v2\/media\/8474"},{"embeddable":true,"href":"https:\/\/oydisplay.com\/tr\/wp-json\/wp\/v2\/media\/8473"},{"embeddable":true,"href":"https:\/\/oydisplay.com\/tr\/wp-json\/wp\/v2\/media\/8472"},{"embeddable":true,"href":"https:\/\/oydisplay.com\/tr\/wp-json\/wp\/v2\/media\/8471"}],"wp:featuredmedia":[{"embeddable":true,"href":"https:\/\/oydisplay.com\/tr\/wp-json\/wp\/v2\/media\/8477"}],"wp:attachment":[{"href":"https:\/\/oydisplay.com\/tr\/wp-json\/wp\/v2\/media?parent=8470"}],"wp:term":[{"taxonomy":"product-category","embeddable":true,"href":"https:\/\/oydisplay.com\/tr\/wp-json\/wp\/v2\/product-category?post=8470"},{"taxonomy":"product-tags","embeddable":true,"href":"https:\/\/oydisplay.com\/tr\/wp-json\/wp\/v2\/product-tags?post=8470"}],"curies":[{"name":"wp","href":"https:\/\/api.w.org\/{rel}","templated":true}]}}