{"id":8094,"date":"2025-10-15T15:32:08","date_gmt":"2025-10-15T07:32:08","guid":{"rendered":"https:\/\/oydisplay.com\/?post_type=product&#038;p=8094"},"modified":"2025-10-15T15:32:10","modified_gmt":"2025-10-15T07:32:10","slug":"custom-smoke-shop-furniture-manufacturers","status":"publish","type":"product","link":"https:\/\/oydisplay.com\/tr\/product\/custom-smoke-shop-furniture-manufacturers\/","title":{"rendered":"Modern Sigara D\u00fckkan\u0131 Tasar\u0131m\u0131 | \u00d6zel Sigara D\u00fckkan\u0131 Mobilya \u00dcreticileri"},"content":{"rendered":"","protected":false},"featured_media":8099,"parent":0,"template":"","meta":{"_acf_changed":true},"product-category":[75],"product-tags":[],"class_list":["post-8094","product","type-product","status-publish","has-post-thumbnail","hentry","product-category-smoke-shop-fixtures"],"acf":{"product_image":[8095,8096,8097,8098,8099,8100,8101,8102,8103,8104],"product_short_description":"","a_image":null,"Product_Description_A":"","B_Image":null,"Product_Description_B":"","C_Image":null,"Product_Description_C":"","D_Image":null,"Product_Description_D":""},"_links":{"self":[{"href":"https:\/\/oydisplay.com\/tr\/wp-json\/wp\/v2\/product\/8094","targetHints":{"allow":["GET"]}}],"collection":[{"href":"https:\/\/oydisplay.com\/tr\/wp-json\/wp\/v2\/product"}],"about":[{"href":"https:\/\/oydisplay.com\/tr\/wp-json\/wp\/v2\/types\/product"}],"acf:attachment":[{"embeddable":true,"href":"https:\/\/oydisplay.com\/tr\/wp-json\/wp\/v2\/media\/8104"},{"embeddable":true,"href":"https:\/\/oydisplay.com\/tr\/wp-json\/wp\/v2\/media\/8103"},{"embeddable":true,"href":"https:\/\/oydisplay.com\/tr\/wp-json\/wp\/v2\/media\/8102"},{"embeddable":true,"href":"https:\/\/oydisplay.com\/tr\/wp-json\/wp\/v2\/media\/8101"},{"embeddable":true,"href":"https:\/\/oydisplay.com\/tr\/wp-json\/wp\/v2\/media\/8100"},{"embeddable":true,"href":"https:\/\/oydisplay.com\/tr\/wp-json\/wp\/v2\/media\/8099"},{"embeddable":true,"href":"https:\/\/oydisplay.com\/tr\/wp-json\/wp\/v2\/media\/8098"},{"embeddable":true,"href":"https:\/\/oydisplay.com\/tr\/wp-json\/wp\/v2\/media\/8097"},{"embeddable":true,"href":"https:\/\/oydisplay.com\/tr\/wp-json\/wp\/v2\/media\/8096"},{"embeddable":true,"href":"https:\/\/oydisplay.com\/tr\/wp-json\/wp\/v2\/media\/8095"}],"wp:featuredmedia":[{"embeddable":true,"href":"https:\/\/oydisplay.com\/tr\/wp-json\/wp\/v2\/media\/8099"}],"wp:attachment":[{"href":"https:\/\/oydisplay.com\/tr\/wp-json\/wp\/v2\/media?parent=8094"}],"wp:term":[{"taxonomy":"product-category","embeddable":true,"href":"https:\/\/oydisplay.com\/tr\/wp-json\/wp\/v2\/product-category?post=8094"},{"taxonomy":"product-tags","embeddable":true,"href":"https:\/\/oydisplay.com\/tr\/wp-json\/wp\/v2\/product-tags?post=8094"}],"curies":[{"name":"wp","href":"https:\/\/api.w.org\/{rel}","templated":true}]}}