{"id":2271,"date":"2025-04-16T09:55:33","date_gmt":"2025-04-16T01:55:33","guid":{"rendered":"https:\/\/oydisplay.com\/?page_id=2271"},"modified":"2025-04-16T09:58:30","modified_gmt":"2025-04-16T01:58:30","slug":"privacy","status":"publish","type":"page","link":"https:\/\/oydisplay.com\/tr\/privacy\/","title":{"rendered":"Gizlilik"},"content":{"rendered":"<div data-elementor-type=\"wp-page\" data-elementor-id=\"2271\" class=\"elementor elementor-2271\" data-elementor-post-type=\"page\">\n\t\t\t\t<div class=\"elementor-element elementor-element-b7a0fad e-flex e-con-boxed e-con e-parent\" data-id=\"b7a0fad\" data-element_type=\"container\" data-e-type=\"container\">\n\t\t\t\t\t<div class=\"e-con-inner\">\n\t\t\t\t<div class=\"elementor-element elementor-element-90b73b8 elementor-widget elementor-widget-text-editor\" data-id=\"90b73b8\" data-element_type=\"widget\" data-e-type=\"widget\" data-widget_type=\"text-editor.default\">\n\t\t\t\t<div class=\"elementor-widget-container\">\n\t\t\t\t\t\t\t\t\t<h1>Gizlilik Politikas\u0131<\/h1><p>Son g\u00fcncelleme: 16 Nisan 2025<\/p><p>Bu Gizlilik Politikas\u0131, Hizmeti kullan\u0131rken bilgilerinizin toplanmas\u0131, kullan\u0131lmas\u0131 ve a\u00e7\u0131klanmas\u0131 konusundaki politikalar\u0131m\u0131z\u0131 ve prosed\u00fcrlerimizi a\u00e7\u0131klamaktad\u0131r ve gizlilik haklar\u0131n\u0131z ile yasan\u0131n sizi nas\u0131l korudu\u011funu anlatmaktad\u0131r.<\/p><p>Ki\u015fisel verilerinizi Hizmeti sa\u011flamak ve geli\u015ftirmek i\u00e7in kullan\u0131yoruz. Hizmeti kullanarak, bu Gizlilik Politikas\u0131'na uygun olarak bilgi toplanmas\u0131n\u0131 ve kullan\u0131lmas\u0131n\u0131 kabul etmi\u015f olursunuz.<\/p><h2>Yorumlama ve Tan\u0131mlar<\/h2><h3>Yorumlama<\/h3><p>\u0130lk harfi b\u00fcy\u00fck olan kelimelerin anlamlar\u0131 a\u015fa\u011f\u0131daki ko\u015fullarda tan\u0131mlanm\u0131\u015ft\u0131r. A\u015fa\u011f\u0131daki tan\u0131mlar, tekil veya \u00e7o\u011ful olup olmamalar\u0131na bak\u0131lmaks\u0131z\u0131n ayn\u0131 anlama gelir.<\/p><h3>Tan\u0131mlar<\/h3><p>Bu Gizlilik Politikas\u0131 amac\u0131yla:<\/p><ul><li><p><strong>Hesap<\/strong> Hizmetimize veya Hizmetimizin bir b\u00f6l\u00fcm\u00fcne eri\u015fim sa\u011flamak i\u00e7in sizin i\u00e7in olu\u015fturulmu\u015f benzersiz bir hesapt\u0131r.<\/p><\/li><li><p><strong>\u0130\u015f Orta\u011f\u0131<\/strong> Bir taraf\u0131 kontrol eden, taraf taraf\u0131ndan kontrol edilen veya ortak kontrol alt\u0131nda olan bir varl\u0131k anlam\u0131na gelir, burada \u201ckontrol\u201d oy kullanma hakk\u0131 olan hisse senetleri, sermaye paylar\u0131 veya di\u011fer menkul k\u0131ymetlerin ,1 veya daha fazlas\u0131na sahip olmakt\u0131r.<\/p><\/li><li><p><strong>\u015eirket<\/strong> (Bu S\u00f6zle\u015fmede \u201c\u015eirket\u201d, \u201cBiz\u201d, \u201cBize\u201d veya \u201cBizim\u201d olarak an\u0131l\u0131r) Ouyee Display'\u0131 ifade eder.<\/p><\/li><li><p><strong>\u00c7erezler<\/strong> Bir web sitesi taraf\u0131ndan bilgisayar\u0131n\u0131za, mobil cihaz\u0131n\u0131za veya ba\u015fka herhangi bir cihaza yerle\u015ftirilen k\u00fc\u00e7\u00fck dosyalard\u0131r ve bu dosyalar, o web sitesinde gezinme ge\u00e7mi\u015finizin detaylar\u0131n\u0131 i\u00e7erir ve bir\u00e7ok kullan\u0131m\u0131 vard\u0131r.<\/p><\/li><li><p><strong>\u00dclke<\/strong> T\u00fcrkiye'yi ifade eder<\/p><\/li><li><p><strong>Cihaz<\/strong> Hizmete eri\u015febilen herhangi bir cihaz, \u00f6rne\u011fin bir bilgisayar, cep telefonu veya dijital tablet gibi cihazlar.<\/p><\/li><li><p><strong>Ki\u015fisel Veri<\/strong> Tan\u0131mlanm\u0131\u015f veya tan\u0131mlanabilir bir bireyle ilgili herhangi bir bilgi.<\/p><\/li><li><p><strong>Hizmet<\/strong> Web sitesine at\u0131fta bulunur.<\/p><\/li><li><p><strong>Hizmet Sa\u011flay\u0131c\u0131<\/strong> \u015eirket ad\u0131na veriyi i\u015fleyen herhangi bir ger\u00e7ek veya t\u00fczel ki\u015fiyi ifade eder. Bu, Hizmeti kolayla\u015ft\u0131rmak, \u015eirket ad\u0131na Hizmeti sa\u011flamak, Hizmetle ilgili hizmetleri yerine getirmek veya \u015eirket'in Hizmetin nas\u0131l kullan\u0131ld\u0131\u011f\u0131n\u0131 analiz etmesine yard\u0131mc\u0131 olmak amac\u0131yla \u015eirket taraf\u0131ndan istihdam edilen \u00fc\u00e7\u00fcnc\u00fc taraf \u015firketleri veya bireyleri ifade eder.<\/p><\/li><li><p><strong>Kullan\u0131m Verisi<\/strong> Hizmeti kullan\u0131rken otomatik olarak toplanan veya Hizmet altyap\u0131s\u0131ndan (\u00f6rne\u011fin, bir sayfa ziyaretinin s\u00fcresi) \u00fcretilen verilere at\u0131fta bulunur.<\/p><\/li><li><p><strong>Web Sitesi<\/strong> Ouyee Display'ye at\u0131fta bulunur, eri\u015filebilir <a href=\"https:\/\/oydisplay.com\/tr\/\" target=\"_blank\" rel=\"external nofollow noopener\">https:\/\/oydisplay.com\/<\/a><\/p><\/li><li><p><strong>Sen<\/strong> Hizmete eri\u015fen veya kullanan bireyi veya bu bireyin Hizmete eri\u015fti\u011fi veya kulland\u0131\u011f\u0131 \u015firketi veya di\u011fer hukuki ki\u015fiyi, uygun olan \u015fekilde ifade eder.<\/p><\/li><\/ul><h2>Ki\u015fisel Verilerinizi Toplama ve Kullanma<\/h2><h3>Toplanan Veri T\u00fcrleri<\/h3><h4>Ki\u015fisel Veri<\/h4><p>Hizmetimizi kullan\u0131rken, sizinle ileti\u015fim kurmak veya sizi tan\u0131mlamak i\u00e7in kullan\u0131labilecek belirli ki\u015fisel tan\u0131mlanabilir bilgiler sa\u011flaman\u0131z\u0131 isteyebiliriz. Ki\u015fisel tan\u0131mlanabilir bilgiler \u015funlar\u0131 i\u00e7erebilir, ancak bunlarla s\u0131n\u0131rl\u0131 de\u011fildir:<\/p><ul><li><p>E-posta adresi<\/p><\/li><li><p>\u0130sim ve soyisim<\/p><\/li><li><p>Telefon numaras\u0131<\/p><\/li><li><p>Kullan\u0131m Verisi<\/p><\/li><\/ul><h4>Kullan\u0131m Verisi<\/h4><p>Kullan\u0131m Verisi, Hizmeti kullan\u0131rken otomatik olarak toplan\u0131r.<\/p><p>Kullan\u0131m Verileri, Cihaz\u0131n\u0131z\u0131n \u0130nternet Protokol\u00fc adresi (\u00f6rne\u011fin IP adresi), taray\u0131c\u0131 t\u00fcr\u00fc, taray\u0131c\u0131 s\u00fcr\u00fcm\u00fc, Hizmetimizde ziyaret etti\u011finiz sayfalar, ziyaretinizin tarihi ve saati, bu sayfalarda ge\u00e7irilen s\u00fcre, benzersiz cihaz tan\u0131mlay\u0131c\u0131lar ve di\u011fer tan\u0131lama verileri gibi bilgileri i\u00e7erebilir.<\/p><p>Hizmete mobil bir cihaz arac\u0131l\u0131\u011f\u0131yla eri\u015fti\u011finizde, kullanmakta oldu\u011funuz mobil cihaz t\u00fcr\u00fc, mobil cihaz benzersiz kimli\u011fi, mobil cihaz IP adresi, mobil i\u015fletim sisteminiz, kulland\u0131\u011f\u0131n\u0131z mobil internet taray\u0131c\u0131 t\u00fcr\u00fc, benzersiz cihaz tan\u0131mlay\u0131c\u0131lar ve di\u011fer tan\u0131lama verileri gibi belirli bilgileri otomatik olarak toplayabiliriz.<\/p><p>Ayr\u0131ca, Hizmetimize her ziyaret etti\u011finizde veya mobil bir cihaz arac\u0131l\u0131\u011f\u0131yla eri\u015fti\u011finizde, taray\u0131c\u0131n\u0131z\u0131n g\u00f6nderdi\u011fi bilgileri de toplayabiliriz.<\/p><h4>Takip Teknolojileri ve \u00c7erezler<\/h4><p>Hizmetimizdeki etkinli\u011fi izlemek ve belirli bilgileri depolamak i\u00e7in \u00c7erezler ve benzer takip teknolojileri kullan\u0131yoruz. Kullan\u0131lan takip teknolojileri aras\u0131nda sinyaller, etiketler ve betikler bulunur ve bu teknolojiler bilgi toplamak, izlemek ve Hizmetimizi geli\u015ftirmek ve analiz etmek amac\u0131yla kullan\u0131l\u0131r. Kulland\u0131\u011f\u0131m\u0131z teknolojiler \u015funlar\u0131 i\u00e7erebilir:<\/p><ul><li><strong>\u00c7erezler veya Taray\u0131c\u0131 \u00c7erezleri.<\/strong> Bir \u00e7erez, Cihaz\u0131n\u0131za yerle\u015ftirilen k\u00fc\u00e7\u00fck bir dosyad\u0131r. Taray\u0131c\u0131n\u0131za t\u00fcm \u00c7erezleri reddetmesini veya bir \u00c7erez g\u00f6nderildi\u011finde bildirilmesini talimat verebilirsiniz. Ancak, \u00c7erezleri kabul etmezseniz, Hizmetimizin baz\u0131 b\u00f6l\u00fcmlerini kullanamayabilirsiniz. Taray\u0131c\u0131 ayarlar\u0131n\u0131z\u0131, \u00c7erezleri reddedecek \u015fekilde ayarlamad\u0131\u011f\u0131n\u0131z s\u00fcrece, Hizmetimiz \u00c7erezleri kullanabilir.<\/li><li><strong>Web Sinyalleri.<\/strong> Hizmetimizin belirli b\u00f6l\u00fcmleri ve e-postalar\u0131m\u0131z, web sinyalleri (\u015feffaf gifler, piksel etiketleri ve tek pikselli gifler olarak da bilinir) ad\u0131 verilen k\u00fc\u00e7\u00fck elektronik dosyalar i\u00e7erebilir. Bu dosyalar, \u00f6rne\u011fin, bu sayfalar\u0131 ziyaret eden kullan\u0131c\u0131lar\u0131 saymak veya bir e-postay\u0131 a\u00e7an kullan\u0131c\u0131lar\u0131 belirlemek ve di\u011fer ilgili web sitesi istatistikleri (\u00f6rne\u011fin, belirli bir b\u00f6l\u00fcm\u00fcn pop\u00fclerli\u011fini kaydetmek ve sistem ile sunucu b\u00fct\u00fcnl\u00fc\u011f\u00fcn\u00fc do\u011frulamak) i\u00e7in kullan\u0131labilir.<\/li><\/ul><p>\u00c7erezler \u201cKal\u0131c\u0131\u201d veya \u201cOturum\u201d \u00c7erezleri olabilir. Kal\u0131c\u0131 \u00c7erezler, \u00e7evrimd\u0131\u015f\u0131yken bile ki\u015fisel bilgisayar\u0131n\u0131zda veya mobil cihaz\u0131n\u0131zda kal\u0131r, Oturum \u00c7erezleri ise taray\u0131c\u0131n\u0131z\u0131 kapatt\u0131\u011f\u0131n\u0131zda silinir.<\/p><p>A\u015fa\u011f\u0131da belirtilen ama\u00e7lar i\u00e7in hem Oturum hem de Kal\u0131c\u0131 \u00c7erezleri kullan\u0131yoruz:<\/p><ul><li><p><strong>Gerekli \/ Temel \u00c7erezler<\/strong><\/p><p>T\u00fcr: Oturum \u00c7erezleri<\/p><p>Y\u00f6netici: Biz<\/p><p>Amac\u0131: Bu \u00c7erezler, Web Sitesi \u00fczerinden sunulan hizmetleri sa\u011flamak ve baz\u0131 \u00f6zelliklerini kullanman\u0131z\u0131 m\u00fcmk\u00fcn k\u0131lmak i\u00e7in gereklidir. Kullan\u0131c\u0131lar\u0131n kimlik do\u011frulamas\u0131na yard\u0131mc\u0131 olur ve kullan\u0131c\u0131 hesaplar\u0131n\u0131n sahte kullan\u0131m\u0131n\u0131 engeller. Bu \u00c7erezler olmadan, talep etti\u011finiz hizmetler sa\u011flanamaz ve yaln\u0131zca bu hizmetleri sunmak i\u00e7in kullan\u0131l\u0131r.<\/p><\/li><li><p><strong>\u00c7erez Politikas\u0131 \/ Bildirim Kabul \u00c7erezleri<\/strong><\/p><p>T\u00fcr: Kal\u0131c\u0131 \u00c7erezler<\/p><p>Y\u00f6netici: Biz<\/p><p>Amac\u0131: Bu \u00c7erezler, kullan\u0131c\u0131lar\u0131n Web Sitesinde \u00e7erez kullan\u0131m\u0131n\u0131 kabul edip etmedi\u011fini belirler.<\/p><\/li><li><p><strong>\u0130\u015flevsellik \u00c7erezleri<\/strong><\/p><p>T\u00fcr: Kal\u0131c\u0131 \u00c7erezler<\/p><p>Y\u00f6netici: Biz<\/p><p>Amac\u0131: Bu \u00c7erezler, Web Sitesini kullan\u0131rken yapt\u0131\u011f\u0131n\u0131z se\u00e7imleri hat\u0131rlamam\u0131za olanak tan\u0131r, \u00f6rne\u011fin giri\u015f bilgilerinizi veya dil tercihinizi hat\u0131rlamak gibi. Bu \u00c7erezlerin amac\u0131, size daha ki\u015fisel bir deneyim sunmak ve Web Sitesini her kulland\u0131\u011f\u0131n\u0131zda tercihlerinizi tekrar girmenizi \u00f6nlemektir.<\/p><\/li><\/ul><p>\u00c7erezlerimiz ve \u00e7erezlerle ilgili tercihlerinize ili\u015fkin daha fazla bilgi i\u00e7in l\u00fctfen \u00c7erez Politikam\u0131z\u0131 veya Gizlilik Politikam\u0131z\u0131n \u00c7erezler b\u00f6l\u00fcm\u00fcn\u00fc ziyaret edin.<\/p><h3>Ki\u015fisel Verilerinizin Kullan\u0131m\u0131<\/h3><p>\u015eirket, Ki\u015fisel Verilerinizi a\u015fa\u011f\u0131daki ama\u00e7lar i\u00e7in kullanabilir:<\/p><ul><li><p><strong>Hizmetimizi sa\u011flamak ve s\u00fcrd\u00fcrmek i\u00e7in<\/strong>, hizmetimizin kullan\u0131m\u0131n\u0131 izlemek de dahil olmak \u00fczere.<\/p><\/li><li><p><strong>Hesab\u0131n\u0131z\u0131 Y\u00f6netmek i\u00e7in:<\/strong> Hizmet kullan\u0131c\u0131s\u0131 olarak kayd\u0131n\u0131z\u0131 y\u00f6netmek. Sa\u011flad\u0131\u011f\u0131n\u0131z Ki\u015fisel Veriler, kay\u0131tl\u0131 bir kullan\u0131c\u0131 olarak size sunulan farkl\u0131 fonksiyonlara eri\u015fim sa\u011flayabilir.<\/p><\/li><li><p><strong>Bir s\u00f6zle\u015fmenin yerine getirilmesi i\u00e7in:<\/strong> Sat\u0131n ald\u0131\u011f\u0131n\u0131z \u00fcr\u00fcnler, maddeler veya hizmetler i\u00e7in sat\u0131n alma s\u00f6zle\u015fmesinin geli\u015ftirilmesi, uyumu ve yerine getirilmesi veya bizimle hizmet arac\u0131l\u0131\u011f\u0131yla yap\u0131lan di\u011fer herhangi bir s\u00f6zle\u015fme.<\/p><\/li><li><p><strong>Size ula\u015fmak i\u00e7in:<\/strong> Size e-posta, telefon g\u00f6r\u00fc\u015fmeleri, SMS veya di\u011fer e\u015fde\u011fer elektronik ileti\u015fim bi\u00e7imleriyle, \u00f6rne\u011fin mobil uygulaman\u0131n bildirimleri gibi, g\u00fcncellemeler veya fonksiyonlar, \u00fcr\u00fcnler veya s\u00f6zle\u015fmeli hizmetlerle ilgili bilgilendirme ileti\u015fimleri, g\u00fcvenlik g\u00fcncellemeleri de dahil olmak \u00fczere, gerekti\u011finde veya makul oldu\u011fu durumlarda ula\u015fmak.<\/p><\/li><li><p><strong>Size sa\u011flamak i\u00e7in<\/strong> haberler, \u00f6zel teklifler ve sizin zaten sat\u0131n ald\u0131\u011f\u0131n\u0131z veya bilgi almak istedi\u011finiz di\u011fer \u00fcr\u00fcnler, hizmetler ve etkinlikler hakk\u0131nda genel bilgiler, sizin bu t\u00fcr bilgileri almama tercihiniz olmad\u0131k\u00e7a.<\/p><\/li><li><p><strong>\u0130steklerinizi Y\u00f6netmek i\u00e7in:<\/strong> Bize iletti\u011finiz istekleri kar\u015f\u0131lamak ve y\u00f6netmek.<\/p><\/li><li><p><strong>\u0130\u015f transferleri i\u00e7in:<\/strong> Hizmet kullan\u0131c\u0131lar\u0131m\u0131zla ilgili Ki\u015fisel Verilerimizin, birle\u015fme, b\u00f6l\u00fcnme, yeniden yap\u0131land\u0131rma, tasfiye veya di\u011fer sat\u0131\u015f veya devri s\u0131ras\u0131nda, \u015firketimizin t\u00fcm varl\u0131klar\u0131n\u0131n veya bir k\u0131sm\u0131n\u0131n devri s\u0131ras\u0131nda, iflas, tasfiye veya benzeri i\u015flemler kapsam\u0131nda kullan\u0131labilir.<\/p><\/li><li><p><strong>Di\u011fer ama\u00e7lar i\u00e7in<\/strong>: Verilerinizi, kullan\u0131m e\u011filimlerini belirlemek, promosyon kampanyalar\u0131m\u0131z\u0131n etkinli\u011fini de\u011ferlendirmek ve Hizmetimizi, \u00fcr\u00fcnlerimizi, hizmetlerimizi, pazarlamam\u0131z\u0131 ve deneyiminizi geli\u015ftirmek gibi di\u011fer ama\u00e7lar i\u00e7in kullanabiliriz.<\/p><\/li><\/ul><p>Ki\u015fisel verilerinizi a\u015fa\u011f\u0131daki durumlarda payla\u015fabiliriz:<\/p><ul><li><strong>Hizmet Sa\u011flay\u0131c\u0131lar\u0131 ile:<\/strong> Hizmetimizi kullanman\u0131z\u0131 izlemek ve analiz etmek, sizinle ileti\u015fime ge\u00e7mek amac\u0131yla ki\u015fisel bilgilerinizi Hizmet Sa\u011flay\u0131c\u0131lar\u0131yla payla\u015fabiliriz.<\/li><li><strong>\u0130\u015f transferleri i\u00e7in:<\/strong> Birle\u015fme, \u015eirket varl\u0131klar\u0131n\u0131n sat\u0131\u015f\u0131, finansman veya t\u00fcm veya k\u0131smi \u0130\u015fletmemizin ba\u015fka bir \u015firkete devri veya m\u00fczakereleri s\u0131ras\u0131nda ki\u015fisel bilgilerinizi payla\u015fabilir veya devredebiliriz.<\/li><li><strong>Ba\u011fl\u0131 Kurulu\u015flar ile:<\/strong> Bilgilerinizi ba\u011fl\u0131 kurulu\u015flar\u0131m\u0131zla payla\u015fabiliriz, bu durumda bu ba\u011fl\u0131 kurulu\u015flar\u0131n bu Gizlilik Politikas\u0131na uymas\u0131n\u0131 sa\u011flayaca\u011f\u0131z. Ba\u011fl\u0131 kurulu\u015flar, Ana \u015firketimiz ve bizim kontrol\u00fcm\u00fczde olan veya ortak kontrol alt\u0131nda olan di\u011fer i\u015ftirakler, ortak giri\u015fim ortaklar\u0131 veya di\u011fer \u015firketleri i\u00e7erir.<\/li><li><strong>\u0130\u015f ortaklar\u0131 ile:<\/strong> Size belirli \u00fcr\u00fcnler, hizmetler veya promosyonlar sunmak amac\u0131yla bilgilerinizi i\u015f ortaklar\u0131m\u0131zla payla\u015fabiliriz.<\/li><li><strong>Di\u011fer kullan\u0131c\u0131lar ile:<\/strong> ki\u015fisel bilgilerinizi payla\u015ft\u0131\u011f\u0131n\u0131z veya di\u011fer kullan\u0131c\u0131larla kamu alanlar\u0131nda ba\u015fka \u015fekillerde etkile\u015fime ge\u00e7ti\u011finizde, bu bilgiler t\u00fcm kullan\u0131c\u0131lar taraf\u0131ndan g\u00f6r\u00fcnt\u00fclenebilir ve d\u0131\u015far\u0131da kamuya a\u00e7\u0131k \u015fekilde da\u011f\u0131t\u0131labilir.<\/li><li><strong>Onay\u0131n\u0131z ile<\/strong>: Ki\u015fisel bilgilerinizi ba\u015fka herhangi bir ama\u00e7la, onay\u0131n\u0131zla a\u00e7\u0131klayabiliriz.<\/li><\/ul><h3>Ki\u015fisel Verilerinizin Saklanmas\u0131<\/h3><p>\u015eirket, bu Gizlilik Politikas\u0131nda belirtilen ama\u00e7lar i\u00e7in gerekli oldu\u011fu s\u00fcrece Ki\u015fisel Verilerinizi saklayacakt\u0131r. Yasal y\u00fck\u00fcml\u00fcl\u00fcklerimize uymak, anla\u015fmazl\u0131klar\u0131 \u00e7\u00f6zmek ve yasal s\u00f6zle\u015fmelerimizi ve politikalar\u0131m\u0131z\u0131 uygulamak i\u00e7in gerekli oldu\u011fu \u00f6l\u00e7\u00fcde Ki\u015fisel Verilerinizi saklay\u0131p kullanaca\u011f\u0131z.<\/p><p>\u015eirket ayr\u0131ca Kullan\u0131m Verilerini i\u00e7 analiz ama\u00e7lar\u0131yla saklayacakt\u0131r. Kullan\u0131m Verileri genellikle daha k\u0131sa bir s\u00fcre saklan\u0131r, ancak bu veriler G\u00fcvenli\u011fi g\u00fc\u00e7lendirmek veya Hizmetimizin i\u015flevselli\u011fini art\u0131rmak amac\u0131yla kullan\u0131ld\u0131\u011f\u0131nda veya yasal olarak bu verilerin daha uzun s\u00fcre saklanmas\u0131 gerekiyorsa, bu s\u00fcre uzat\u0131labilir.<\/p><h3>Ki\u015fisel Verilerinizin Aktar\u0131m\u0131<\/h3><p>Bilgileriniz, Ki\u015fisel Verileriniz dahil olmak \u00fczere, \u015firketin faaliyet ofislerinde ve i\u015flemde yer alan taraflar\u0131n bulundu\u011fu di\u011fer yerlerde i\u015flenir. Bu, bu bilgilerin \u2014 ve saklanmas\u0131n\u0131n \u2014 sizin eyaletiniz, b\u00f6lgeniz, \u00fclkeniz veya di\u011fer devlet otoritesi d\u0131\u015f\u0131ndaki bilgisayarlara aktar\u0131labilece\u011fi ve burada tutulabilece\u011fi anlam\u0131na gelir; veri koruma yasalar\u0131 sizin b\u00f6lgenizden farkl\u0131 olabilir.<\/p><p>Bu Gizlilik Politikas\u0131na onay\u0131n\u0131z ve bu t\u00fcr bilgileri g\u00f6ndermeniz, bu aktar\u0131m\u0131 kabul etti\u011finizi g\u00f6sterir.<\/p><p>\u015eirket, verilerinizin g\u00fcvenli bir \u015fekilde ve bu Gizlilik Politikas\u0131na uygun olarak i\u015flenmesini sa\u011flamak i\u00e7in makul t\u00fcm ad\u0131mlar\u0131 atacakt\u0131r ve ki\u015fisel verilerinizin veya di\u011fer ki\u015fisel bilgilerinizin aktar\u0131m\u0131, yeterli kontroller bulunmad\u0131k\u00e7a, bir organizasyona veya \u00fclkeye yap\u0131lmayacakt\u0131r.<\/p><h3>Ki\u015fisel Verilerinizi Silin<\/h3><p>Sizin, hakk\u0131n\u0131zda toplanan Ki\u015fisel Verilerin silinmesini veya bu konuda yard\u0131m talep etme hakk\u0131n\u0131z vard\u0131r.<\/p><p>Hizmetimiz, Sizinle ilgili belirli bilgileri Hizmet i\u00e7inden silme imk\u00e2n\u0131 sa\u011flayabilir.<\/p><p>Bir Hesab\u0131n\u0131za giri\u015f yaparak ve ki\u015fisel bilgilerinizi y\u00f6netmenize olanak tan\u0131yan hesap ayarlar\u0131 b\u00f6l\u00fcm\u00fcn\u00fc ziyaret ederek, bilgilerinizi istedi\u011finiz zaman g\u00fcncelleyebilir, de\u011fi\u015ftirebilir veya silebilirsiniz. Ayr\u0131ca, bize sa\u011flad\u0131\u011f\u0131n\u0131z ki\u015fisel bilgilere eri\u015fim, d\u00fczeltme veya silme talebinde bulunmak i\u00e7in bizimle ileti\u015fime ge\u00e7ebilirsiniz.<\/p><p>Ancak, yasal bir y\u00fck\u00fcml\u00fcl\u00fc\u011f\u00fcm\u00fcz veya yasal bir temelimiz oldu\u011funda belirli bilgileri saklamam\u0131z gerekebilece\u011fini l\u00fctfen unutmay\u0131n.<\/p><h3>Ki\u015fisel Verilerinizin A\u00e7\u0131klanmas\u0131<\/h3><h4>\u0130\u015flem \u0130\u015flemleri<\/h4><p>\u015eirket birle\u015fme, sat\u0131n alma veya varl\u0131k sat\u0131\u015f\u0131yla ilgileniyorsa, Ki\u015fisel Verileriniz aktar\u0131labilir. Ki\u015fisel Verilerinizin aktar\u0131lmadan \u00f6nce bilgilendirilece\u011finizi ve farkl\u0131 bir Gizlilik Politikas\u0131na tabi olaca\u011f\u0131n\u0131 sa\u011flayaca\u011f\u0131z.<\/p><h4>Yasalarca Yetkilendirme<\/h4><p>Baz\u0131 durumlarda, \u015eirket yasal olarak veya kamu makamlar\u0131n\u0131n (\u00f6rne\u011fin mahkeme veya devlet kurumu) ge\u00e7erli taleplerine yan\u0131t olarak Ki\u015fisel Verilerinizi a\u00e7\u0131klamak zorunda kalabilir.<\/p><h4>Di\u011fer yasal gereklilikler<\/h4><p>\u015eirket, bu t\u00fcr bir i\u015flemin gerekli oldu\u011funa iyi niyetle inan\u0131yorsa, Ki\u015fisel Verilerinizi a\u00e7\u0131klayabilir:<\/p><ul><li>Yasal bir y\u00fck\u00fcml\u00fcl\u00fc\u011fe uymak<\/li><li>\u015eirketin haklar\u0131n\u0131 veya m\u00fclk\u00fcn\u00fc korumak ve savunmak<\/li><li>Hizmetle ba\u011flant\u0131l\u0131 olas\u0131 su\u00e7lar\u0131 \u00f6nlemek veya ara\u015ft\u0131rmak<\/li><li>Hizmet Kullan\u0131c\u0131lar\u0131n\u0131n veya halk\u0131n ki\u015fisel g\u00fcvenli\u011fini korumak<\/li><li>Yasal sorumluluktan korunmak<\/li><\/ul><h3>Ki\u015fisel Verilerinizin G\u00fcvenli\u011fi<\/h3><p>Ki\u015fisel Verilerinizin g\u00fcvenli\u011fi bizim i\u00e7in \u00f6nemlidir, ancak internet \u00fczerinden iletim veya elektronik depolama y\u00f6ntemlerinin hi\u00e7biri 0 g\u00fcvenli de\u011fildir. Ki\u015fisel Verilerinizi korumak i\u00e7in ticari olarak kabul edilen y\u00f6ntemleri kullanmaya \u00e7al\u0131\u015fsak da, bunun mutlak g\u00fcvenli\u011fini garanti edemeyiz.<\/p><h2>\u00c7ocuklar\u0131n Gizlili\u011fi<\/h2><p>Hizmetimiz 13 ya\u015f\u0131n alt\u0131ndaki hi\u00e7 kimseye hitap etmez. 13 ya\u015f\u0131n alt\u0131ndaki hi\u00e7 kimseyle bilerek ki\u015fisel tan\u0131mlanabilir bilgi toplam\u0131yoruz. Bir ebeveyn veya veliyseniz ve \u00e7ocu\u011funuzun bize Ki\u015fisel Veri sa\u011flad\u0131\u011f\u0131ndan haberdarsan\u0131z, l\u00fctfen bizimle ileti\u015fime ge\u00e7in. Ebeveyn onay\u0131 olmadan 13 ya\u015f\u0131n alt\u0131ndaki herhangi birinden Ki\u015fisel Veri toplad\u0131\u011f\u0131m\u0131z\u0131 fark edersek, bu bilgileri sunucular\u0131m\u0131zdan kald\u0131rmak i\u00e7in ad\u0131mlar ataca\u011f\u0131z.<\/p><p>Bilgilerinizi i\u015flerken yasal temel olarak r\u0131zaya dayanmak zorunda kal\u0131rsak ve \u00fclkeniz ebeveyn onay\u0131 gerektiriyorsa, bu bilgileri toplamadan ve kullanmadan \u00f6nce ebeveyninizin onay\u0131n\u0131 alman\u0131z gerekebilir.<\/p><h2>Di\u011fer Web Sitelerine Ba\u011flant\u0131lar<\/h2><p>Hizmetimiz, Bizim taraf\u0131m\u0131zdan i\u015fletilmeyen di\u011fer web sitelerine ba\u011flant\u0131lar i\u00e7erebilir. \u00dc\u00e7\u00fcnc\u00fc taraf bir ba\u011flant\u0131ya t\u0131klad\u0131\u011f\u0131n\u0131zda, o \u00fc\u00e7\u00fcnc\u00fc taraf\u0131n sitesine y\u00f6nlendirilirsiniz. Ziyaret etti\u011finiz her sitenin Gizlilik Politikas\u0131n\u0131 g\u00f6zden ge\u00e7irmenizi \u015fiddetle tavsiye ederiz.<\/p><p>\u00dc\u00e7\u00fcnc\u00fc taraf sitelerin veya hizmetlerin i\u00e7erikleri, gizlilik politikalar\u0131 veya uygulamalar\u0131 \u00fczerinde kontrol\u00fcm\u00fcz yoktur ve sorumluluk kabul etmiyoruz.<\/p><h2>Gizlilik Politikas\u0131ndaki De\u011fi\u015fiklikler<\/h2><p>Zaman zaman Gizlilik Politikam\u0131z\u0131 g\u00fcncelleyebiliriz. Herhangi bir de\u011fi\u015fiklik oldu\u011funda, yeni Gizlilik Politikas\u0131n\u0131 bu sayfada yay\u0131nlayarak sizi bilgilendirece\u011fiz.<\/p><p>De\u011fi\u015fikliklerin y\u00fcr\u00fcrl\u00fc\u011fe girmesinden \u00f6nce, e-posta ve\/veya Hizmetimizde belirgin bir bildirim arac\u0131l\u0131\u011f\u0131yla sizi bilgilendirecek ve bu Gizlilik Politikas\u0131n\u0131n en \u00fcst\u00fcndeki \u201cSon g\u00fcncelleme\u201d tarihini g\u00fcncelleyece\u011fiz.<\/p><p>Her zaman bu Gizlilik Politikas\u0131n\u0131 periyodik olarak g\u00f6zden ge\u00e7irmeniz \u00f6nerilir. Bu Gizlilik Politikas\u0131ndaki de\u011fi\u015fiklikler, bu sayfada yay\u0131nland\u0131klar\u0131 zaman y\u00fcr\u00fcrl\u00fc\u011fe girer.<\/p><h2>\u0130leti\u015fim<\/h2><p>Bu Gizlilik Politikas\u0131 hakk\u0131nda herhangi bir sorunuz varsa, bizimle ileti\u015fime ge\u00e7ebilirsiniz:<\/p><ul><li><p>E-posta ile: <a href=\"mailto:gzouyeedisplay@gmail.com\">gzouyeedisplay@gmail.com<\/a><\/p><\/li><li><p>Web sitemizde bu sayfay\u0131 ziyaret ederek: <a href=\"https:\/\/oydisplay.com\/tr\/contact\/\" target=\"_blank\" rel=\"external nofollow noopener\">https:\/\/oydisplay.com\/contact\/<\/a><\/p><\/li><li><p>Telefon numaras\u0131 ile: <a href=\"tel:+86 18813963880\">+86 18813963880<\/a><\/p><\/li><\/ul>\t\t\t\t\t\t\t\t<\/div>\n\t\t\t\t<\/div>\n\t\t\t\t\t<\/div>\n\t\t\t\t<\/div>\n\t\t\t\t<\/div>","protected":false},"excerpt":{"rendered":"<p>Privacy Policy Last updated: April 16, 2025 This Privacy Policy describes Our policies and procedures on the collection, use and disclosure of Your information when You use the Service and tells You about Your privacy rights and how the law protects You. We use Your Personal data to provide and improve the Service. By using [&hellip;]<\/p>\n","protected":false},"author":1,"featured_media":0,"parent":0,"menu_order":0,"comment_status":"closed","ping_status":"closed","template":"","meta":{"_acf_changed":false,"footnotes":""},"class_list":["post-2271","page","type-page","status-publish","hentry"],"acf":[],"_links":{"self":[{"href":"https:\/\/oydisplay.com\/tr\/wp-json\/wp\/v2\/pages\/2271","targetHints":{"allow":["GET"]}}],"collection":[{"href":"https:\/\/oydisplay.com\/tr\/wp-json\/wp\/v2\/pages"}],"about":[{"href":"https:\/\/oydisplay.com\/tr\/wp-json\/wp\/v2\/types\/page"}],"author":[{"embeddable":true,"href":"https:\/\/oydisplay.com\/tr\/wp-json\/wp\/v2\/users\/1"}],"replies":[{"embeddable":true,"href":"https:\/\/oydisplay.com\/tr\/wp-json\/wp\/v2\/comments?post=2271"}],"version-history":[{"count":7,"href":"https:\/\/oydisplay.com\/tr\/wp-json\/wp\/v2\/pages\/2271\/revisions"}],"predecessor-version":[{"id":2278,"href":"https:\/\/oydisplay.com\/tr\/wp-json\/wp\/v2\/pages\/2271\/revisions\/2278"}],"wp:attachment":[{"href":"https:\/\/oydisplay.com\/tr\/wp-json\/wp\/v2\/media?parent=2271"}],"curies":[{"name":"wp","href":"https:\/\/api.w.org\/{rel}","templated":true}]}}