{"id":1020,"date":"2025-03-24T16:42:47","date_gmt":"2025-03-24T08:42:47","guid":{"rendered":"https:\/\/oydisplay.com\/?page_id=1020"},"modified":"2025-09-03T09:50:17","modified_gmt":"2025-09-03T01:50:17","slug":"cupcake-kiosk","status":"publish","type":"page","link":"https:\/\/oydisplay.com\/tr\/cupcake-kiosk\/","title":{"rendered":"cupcake kiosk"},"content":{"rendered":"<div data-elementor-type=\"wp-page\" data-elementor-id=\"1020\" class=\"elementor elementor-1020\" data-elementor-post-type=\"page\">\n\t\t\t\t<div class=\"elementor-element elementor-element-17ef090c e-flex e-con-boxed e-con e-parent\" data-id=\"17ef090c\" data-element_type=\"container\" data-e-type=\"container\">\n\t\t\t\t\t<div class=\"e-con-inner\">\n\t\t<div class=\"elementor-element elementor-element-34755ba8 e-con-full e-flex e-con e-child\" data-id=\"34755ba8\" data-element_type=\"container\" data-e-type=\"container\">\n\t\t\t\t<div class=\"elementor-element elementor-element-40955cfc elementor-widget elementor-widget-heading\" data-id=\"40955cfc\" data-element_type=\"widget\" data-e-type=\"widget\" data-widget_type=\"heading.default\">\n\t\t\t\t<div class=\"elementor-widget-container\">\n\t\t\t\t\t<h1 class=\"elementor-heading-title elementor-size-default\">\u00c7in'deki En \u00c7ok Tercih Edilen Cupcake Kiosk \u00dcreticiniz<\/h1>\t\t\t\t<\/div>\n\t\t\t\t<\/div>\n\t\t\t\t<div class=\"elementor-element elementor-element-7d4e34c8 elementor-widget__width-initial elementor-widget elementor-widget-text-editor\" data-id=\"7d4e34c8\" data-element_type=\"widget\" data-e-type=\"widget\" data-widget_type=\"text-editor.default\">\n\t\t\t\t<div class=\"elementor-widget-container\">\n\t\t\t\t\t\t\t\t\t<p dir=\"ltr\" data-pm-slice=\"1 1 []\">En \u00c7ok Tercih Edilen <strong>cupcake kiosk \u00fcreticisi<\/strong> \u00c7in'de maliyetlerinizden 25% tasarruf etmenizi sa\u011flar. Ouyee, <strong>\u00f6zel tasar\u0131mlar<\/strong> cupcake'lar\u0131n\u0131z\u0131 sergilemenize olanak tan\u0131r.<\/p>\t\t\t\t\t\t\t\t<\/div>\n\t\t\t\t<\/div>\n\t\t\t\t<div class=\"elementor-element elementor-element-1a61588 elementor-align-start elementor-icon-list--layout-traditional elementor-list-item-link-full_width elementor-widget elementor-widget-icon-list\" data-id=\"1a61588\" data-element_type=\"widget\" data-e-type=\"widget\" data-widget_type=\"icon-list.default\">\n\t\t\t\t<div class=\"elementor-widget-container\">\n\t\t\t\t\t\t\t<ul class=\"elementor-icon-list-items\">\n\t\t\t\t\t\t\t<li class=\"elementor-icon-list-item\">\n\t\t\t\t\t\t\t\t\t\t\t<span class=\"elementor-icon-list-icon\">\n\t\t\t\t\t\t\t<svg aria-hidden=\"true\" class=\"e-font-icon-svg e-fas-check\" viewbox=\"0 0 512 512\" xmlns=\"http:\/\/www.w3.org\/2000\/svg\"><path d=\"M173.898 439.404l-166.4-166.4c-9.997-9.997-9.997-26.206 0-36.204l36.203-36.204c9.997-9.998 26.207-9.998 36.204 0L192 312.69 432.095 72.596c9.997-9.997 26.207-9.997 36.204 0l36.203 36.204c9.997 9.997 9.997 26.206 0 36.204l-294.4 294.401c-9.998 9.997-26.207 9.997-36.204-.001z\"><\/path><\/svg>\t\t\t\t\t\t<\/span>\n\t\t\t\t\t\t\t\t\t\t<span class=\"elementor-icon-list-text\">\u015e\u0131k G\u00f6sterim Sat\u0131\u015flar\u0131n\u0131z\u0131 TP3T Art\u0131r\u0131r<\/span>\n\t\t\t\t\t\t\t\t\t<\/li>\n\t\t\t\t\t\t\t\t<li class=\"elementor-icon-list-item\">\n\t\t\t\t\t\t\t\t\t\t\t<span class=\"elementor-icon-list-icon\">\n\t\t\t\t\t\t\t<svg aria-hidden=\"true\" class=\"e-font-icon-svg e-fas-check\" viewbox=\"0 0 512 512\" xmlns=\"http:\/\/www.w3.org\/2000\/svg\"><path d=\"M173.898 439.404l-166.4-166.4c-9.997-9.997-9.997-26.206 0-36.204l36.203-36.204c9.997-9.998 26.207-9.998 36.204 0L192 312.69 432.095 72.596c9.997-9.997 26.207-9.997 36.204 0l36.203 36.204c9.997 9.997 9.997 26.206 0 36.204l-294.4 294.401c-9.998 9.997-26.207 9.997-36.204-.001z\"><\/path><\/svg>\t\t\t\t\t\t<\/span>\n\t\t\t\t\t\t\t\t\t\t<span class=\"elementor-icon-list-text\">Dayan\u0131kl\u0131 \u00dcst\u00fcn Malzemeler<\/span>\n\t\t\t\t\t\t\t\t\t<\/li>\n\t\t\t\t\t\t\t\t<li class=\"elementor-icon-list-item\">\n\t\t\t\t\t\t\t\t\t\t\t<span class=\"elementor-icon-list-icon\">\n\t\t\t\t\t\t\t<svg aria-hidden=\"true\" class=\"e-font-icon-svg e-fas-check\" viewbox=\"0 0 512 512\" xmlns=\"http:\/\/www.w3.org\/2000\/svg\"><path d=\"M173.898 439.404l-166.4-166.4c-9.997-9.997-9.997-26.206 0-36.204l36.203-36.204c9.997-9.998 26.207-9.998 36.204 0L192 312.69 432.095 72.596c9.997-9.997 26.207-9.997 36.204 0l36.203 36.204c9.997 9.997 9.997 26.206 0 36.204l-294.4 294.401c-9.998 9.997-26.207 9.997-36.204-.001z\"><\/path><\/svg>\t\t\t\t\t\t<\/span>\n\t\t\t\t\t\t\t\t\t\t<span class=\"elementor-icon-list-text\">25 G\u00fcn Hassas \u00dcretim<\/span>\n\t\t\t\t\t\t\t\t\t<\/li>\n\t\t\t\t\t\t\t\t<li class=\"elementor-icon-list-item\">\n\t\t\t\t\t\t\t\t\t\t\t<span class=\"elementor-icon-list-icon\">\n\t\t\t\t\t\t\t<svg aria-hidden=\"true\" class=\"e-font-icon-svg e-fas-check\" viewbox=\"0 0 512 512\" xmlns=\"http:\/\/www.w3.org\/2000\/svg\"><path d=\"M173.898 439.404l-166.4-166.4c-9.997-9.997-9.997-26.206 0-36.204l36.203-36.204c9.997-9.998 26.207-9.998 36.204 0L192 312.69 432.095 72.596c9.997-9.997 26.207-9.997 36.204 0l36.203 36.204c9.997 9.997 9.997 26.206 0 36.204l-294.4 294.401c-9.998 9.997-26.207 9.997-36.204-.001z\"><\/path><\/svg>\t\t\t\t\t\t<\/span>\n\t\t\t\t\t\t\t\t\t\t<span class=\"elementor-icon-list-text\">M\u00fckemmel Tazelik \u0130\u00e7in S\u0131cakl\u0131k Kontrol\u00fc<\/span>\n\t\t\t\t\t\t\t\t\t<\/li>\n\t\t\t\t\t\t\t\t<li class=\"elementor-icon-list-item\">\n\t\t\t\t\t\t\t\t\t\t\t<span class=\"elementor-icon-list-icon\">\n\t\t\t\t\t\t\t<svg aria-hidden=\"true\" class=\"e-font-icon-svg e-fas-check\" viewbox=\"0 0 512 512\" xmlns=\"http:\/\/www.w3.org\/2000\/svg\"><path d=\"M173.898 439.404l-166.4-166.4c-9.997-9.997-9.997-26.206 0-36.204l36.203-36.204c9.997-9.998 26.207-9.998 36.204 0L192 312.69 432.095 72.596c9.997-9.997 26.207-9.997 36.204 0l36.203 36.204c9.997 9.997 9.997 26.206 0 36.204l-294.4 294.401c-9.998 9.997-26.207 9.997-36.204-.001z\"><\/path><\/svg>\t\t\t\t\t\t<\/span>\n\t\t\t\t\t\t\t\t\t\t<span class=\"elementor-icon-list-text\">Rekabet\u00e7i Fiyat, Ayn\u0131 Kalite<\/span>\n\t\t\t\t\t\t\t\t\t<\/li>\n\t\t\t\t\t\t<\/ul>\n\t\t\t\t\t\t<\/div>\n\t\t\t\t<\/div>\n\t\t\t\t<div class=\"elementor-element elementor-element-550d2fa1 elementor-align-left e-transform elementor-widget elementor-widget-button\" data-id=\"550d2fa1\" data-element_type=\"widget\" data-e-type=\"widget\" data-settings=\"{&quot;_transform_scale_effect_hover&quot;:{&quot;unit&quot;:&quot;px&quot;,&quot;size&quot;:1.1,&quot;sizes&quot;:[]},&quot;_transform_scale_effect_hover_tablet&quot;:{&quot;unit&quot;:&quot;px&quot;,&quot;size&quot;:&quot;&quot;,&quot;sizes&quot;:[]},&quot;_transform_scale_effect_hover_mobile&quot;:{&quot;unit&quot;:&quot;px&quot;,&quot;size&quot;:&quot;&quot;,&quot;sizes&quot;:[]}}\" data-widget_type=\"button.default\">\n\t\t\t\t<div class=\"elementor-widget-container\">\n\t\t\t\t\t\t\t\t\t<div class=\"elementor-button-wrapper\">\n\t\t\t\t\t<a class=\"elementor-button elementor-button-link elementor-size-sm\" href=\"#elementor-action%3Aaction%3Dpopup%3Aopen%26settings%3DeyJpZCI6IjEzNyIsInRvZ2dsZSI6ZmFsc2V9\">\n\t\t\t\t\t\t<span class=\"elementor-button-content-wrapper\">\n\t\t\t\t\t\t\t\t\t<span class=\"elementor-button-text\">En G\u00fcncel Fiyat Teklifimizi Talep Edin<\/span>\n\t\t\t\t\t<\/span>\n\t\t\t\t\t<\/a>\n\t\t\t\t<\/div>\n\t\t\t\t\t\t\t\t<\/div>\n\t\t\t\t<\/div>\n\t\t\t\t<\/div>\n\t\t<div class=\"elementor-element elementor-element-405a7cf2 e-con-full e-flex e-con e-child\" data-id=\"405a7cf2\" data-element_type=\"container\" data-e-type=\"container\">\n\t\t\t\t<div class=\"elementor-element elementor-element-637d4ee elementor-widget elementor-widget-image\" data-id=\"637d4ee\" data-element_type=\"widget\" data-e-type=\"widget\" data-widget_type=\"image.default\">\n\t\t\t\t<div class=\"elementor-widget-container\">\n\t\t\t\t\t\t\t\t\t\t\t\t\t\t\t<img loading=\"lazy\" decoding=\"async\" width=\"800\" height=\"449\" src=\"https:\/\/oydisplay.com\/wp-content\/uploads\/2025\/09\/Cupcake-Kiosk-Manufacturer-Banner.jpg\" class=\"attachment-large size-large wp-image-6518\" alt=\"Cupcake Kiosk \u00dcreticisi \u2013 Banner\" srcset=\"https:\/\/oydisplay.com\/wp-content\/uploads\/2025\/09\/Cupcake-Kiosk-Manufacturer-Banner.jpg 1024w, https:\/\/oydisplay.com\/wp-content\/uploads\/2025\/09\/Cupcake-Kiosk-Manufacturer-Banner-300x168.jpg 300w, https:\/\/oydisplay.com\/wp-content\/uploads\/2025\/09\/Cupcake-Kiosk-Manufacturer-Banner-768x431.jpg 768w\" sizes=\"auto, (max-width: 800px) 100vw, 800px\" title=\"\">\t\t\t\t\t\t\t\t\t\t\t\t\t\t\t<\/div>\n\t\t\t\t<\/div>\n\t\t\t\t<\/div>\n\t\t\t\t\t<\/div>\n\t\t\t\t<\/div>\n\t\t\t\t<\/div>","protected":false},"excerpt":{"rendered":"<p>En \u0130yi Se\u00e7iminiz Cupcake Kiosk \u00dcreticiniz T\u00fcrkiye'de \u00c7in'deki en iyi se\u00e7ilmi\u015f cupcake kiosk \u00fcreticisi maliyetlerinizden 25% tasarruf etmenizi sa\u011flar. Ouyee, cupcake'lerinizi sergilemek i\u00e7in \u00f6zel tasar\u0131mlar sunar. Zarif G\u00f6sterim Sat\u0131\u015flar\u0131n\u0131z\u0131 30% art\u0131r\u0131r. \u00dcst\u00fcn Malzemeler Dayan\u0131kl\u0131 \u00dcretim 25 G\u00fcn Hassas \u00dcretim Tesisleri Taze Kalma \u0130\u00e7in S\u0131cakl\u0131k Kontrol\u00fc Rekabet\u00e7i Fiyat, Ayn\u0131 Kalite En son fiyat\u0131m\u0131z\u0131 talep edin<\/p>","protected":false},"author":1,"featured_media":0,"parent":0,"menu_order":0,"comment_status":"closed","ping_status":"closed","template":"","meta":{"_acf_changed":false,"footnotes":""},"class_list":["post-1020","page","type-page","status-publish","hentry"],"acf":[],"_links":{"self":[{"href":"https:\/\/oydisplay.com\/tr\/wp-json\/wp\/v2\/pages\/1020","targetHints":{"allow":["GET"]}}],"collection":[{"href":"https:\/\/oydisplay.com\/tr\/wp-json\/wp\/v2\/pages"}],"about":[{"href":"https:\/\/oydisplay.com\/tr\/wp-json\/wp\/v2\/types\/page"}],"author":[{"embeddable":true,"href":"https:\/\/oydisplay.com\/tr\/wp-json\/wp\/v2\/users\/1"}],"replies":[{"embeddable":true,"href":"https:\/\/oydisplay.com\/tr\/wp-json\/wp\/v2\/comments?post=1020"}],"version-history":[{"count":10,"href":"https:\/\/oydisplay.com\/tr\/wp-json\/wp\/v2\/pages\/1020\/revisions"}],"predecessor-version":[{"id":6555,"href":"https:\/\/oydisplay.com\/tr\/wp-json\/wp\/v2\/pages\/1020\/revisions\/6555"}],"wp:attachment":[{"href":"https:\/\/oydisplay.com\/tr\/wp-json\/wp\/v2\/media?parent=1020"}],"curies":[{"name":"wp","href":"https:\/\/api.w.org\/{rel}","templated":true}]}}