{"id":9426,"date":"2025-10-28T14:12:05","date_gmt":"2025-10-28T06:12:05","guid":{"rendered":"https:\/\/oydisplay.com\/?post_type=product&#038;p=9426"},"modified":"2025-10-28T14:12:07","modified_gmt":"2025-10-28T06:12:07","slug":"glass-eyewear-display-cabinet-for-shop","status":"publish","type":"product","link":"https:\/\/oydisplay.com\/pt\/product\/glass-eyewear-display-cabinet-for-shop\/","title":{"rendered":"Vitrine de Exibi\u00e7\u00e3o de \u00d3culos de Vidro para Loja"},"content":{"rendered":"","protected":false},"featured_media":9431,"parent":0,"template":"","meta":{"_acf_changed":true},"product-category":[83],"product-tags":[],"class_list":["post-9426","product","type-product","status-publish","has-post-thumbnail","hentry","product-category-retail-optical-display"],"acf":{"product_image":[9428,9427,9429,9430,9431,9432],"product_short_description":"","a_image":null,"Product_Description_A":"","B_Image":null,"Product_Description_B":"","C_Image":null,"Product_Description_C":"","D_Image":null,"Product_Description_D":""},"_links":{"self":[{"href":"https:\/\/oydisplay.com\/pt\/wp-json\/wp\/v2\/product\/9426","targetHints":{"allow":["GET"]}}],"collection":[{"href":"https:\/\/oydisplay.com\/pt\/wp-json\/wp\/v2\/product"}],"about":[{"href":"https:\/\/oydisplay.com\/pt\/wp-json\/wp\/v2\/types\/product"}],"acf:attachment":[{"embeddable":true,"href":"https:\/\/oydisplay.com\/pt\/wp-json\/wp\/v2\/media\/9432"},{"embeddable":true,"href":"https:\/\/oydisplay.com\/pt\/wp-json\/wp\/v2\/media\/9431"},{"embeddable":true,"href":"https:\/\/oydisplay.com\/pt\/wp-json\/wp\/v2\/media\/9430"},{"embeddable":true,"href":"https:\/\/oydisplay.com\/pt\/wp-json\/wp\/v2\/media\/9429"},{"embeddable":true,"href":"https:\/\/oydisplay.com\/pt\/wp-json\/wp\/v2\/media\/9427"},{"embeddable":true,"href":"https:\/\/oydisplay.com\/pt\/wp-json\/wp\/v2\/media\/9428"}],"wp:featuredmedia":[{"embeddable":true,"href":"https:\/\/oydisplay.com\/pt\/wp-json\/wp\/v2\/media\/9431"}],"wp:attachment":[{"href":"https:\/\/oydisplay.com\/pt\/wp-json\/wp\/v2\/media?parent=9426"}],"wp:term":[{"taxonomy":"product-category","embeddable":true,"href":"https:\/\/oydisplay.com\/pt\/wp-json\/wp\/v2\/product-category?post=9426"},{"taxonomy":"product-tags","embeddable":true,"href":"https:\/\/oydisplay.com\/pt\/wp-json\/wp\/v2\/product-tags?post=9426"}],"curies":[{"name":"wp","href":"https:\/\/api.w.org\/{rel}","templated":true}]}}