{"id":15749,"date":"2026-04-02T13:54:45","date_gmt":"2026-04-02T05:54:45","guid":{"rendered":"https:\/\/oydisplay.com\/?post_type=product&#038;p=15749"},"modified":"2026-04-02T13:54:45","modified_gmt":"2026-04-02T05:54:45","slug":"jewelry-store-design-modular-luxury-retail-fixture-system","status":"publish","type":"product","link":"https:\/\/oydisplay.com\/pt\/product\/jewelry-store-design-modular-luxury-retail-fixture-system\/","title":{"rendered":"Design de Loja de Joias: Sistema de Mobili\u00e1rio Modular de Luxo para Varejo"},"content":{"rendered":"<p><!--\n#rankmath\ntitle:Jewelry Store Design: Luxury Retail Fixture Solutions\ndescription:Explore our modular luxury jewelry store design, engineered for high-end retail efficiency and product visibility. Perfect for upscale boutiques and watch retailers.\nkeyword:jewelry store design\n#rankmath\n--><\/p>\n<h2>Abertura Orientada pelos Sentidos<\/h2>\n<p>Ao entrar no espa\u00e7o, os clientes s\u00e3o recebidos por uma atmosfera acolhedora e convidativa, criada por pain\u00e9is de parede em folheado de nogueira rica e elegantes detalhes em ouro escovado. Sob uma ilumina\u00e7\u00e3o suave e controlada, cada pe\u00e7a de joalheria brilha, capturando aten\u00e7\u00e3o com expositores cuidadosamente organizados. O piso de m\u00e1rmore polido reflete os acess\u00f3rios sofisticados, enriquecendo a experi\u00eancia de luxo geral enquanto guia os clientes de forma fluida pela loja.<\/p>\n<h2>Problema no Varejo \u2192 Solu\u00e7\u00e3o de Design<\/h2>\n<p>Lojas de joias de alto padr\u00e3o frequentemente enfrentam dificuldades em exibir seus produtos de forma eficaz, garantindo seguran\u00e7a e conforto aos clientes. Nosso design de loja de joias aborda esses desafios atrav\u00e9s de:<\/p>\n<ul>\n<li><strong>Layout<\/strong>: A combina\u00e7\u00e3o de expositores de parede ao n\u00edvel dos olhos e vitrines independentes acess\u00edveis otimiza a apresenta\u00e7\u00e3o de itens de alto valor, tornando-os facilmente vis\u00edveis e acess\u00edveis.<\/li>\n<li><strong>Estrutura<\/strong>: Unidades modulares de parede permitem instala\u00e7\u00f5es escal\u00e1veis que se adaptam a diferentes plantas, garantindo flexibilidade em ambientes de varejo.<\/li>\n<li><strong>L\u00f3gica de Exibi\u00e7\u00e3o<\/strong>: Ilumina\u00e7\u00e3o de fitas de LED de alto \u00edndice de reprodu\u00e7\u00e3o de cor (CRI) integrada melhora a visibilidade das mercadorias dentro de vitrines de vidro, enquanto pain\u00e9is de fundo espelhados amplificam a luz e criam profundidade, tornando cada pe\u00e7a mais atraente.<\/li>\n<\/ul>\n<h2>Desempenho de Materiais &amp; T\u00e9cnico<\/h2>\n<p>Utilizamos materiais premium projetados para durabilidade e apelo est\u00e9tico em ambientes de varejo de alto tr\u00e1fego:<\/p>\n<ul>\n<li><strong>Madeira<\/strong>: As unidades de parede s\u00e3o feitas de folheado de nogueira com acabamento acetinado claro e quente, proporcionando uma textura rica que complementa a marca de luxo.<\/li>\n<li><strong>Metal<\/strong>: Revestimento em ouro escovado em molduras e detalhes garante uma apar\u00eancia sofisticada, mantendo resist\u00eancia ao desgaste.<\/li>\n<li><strong>Vidro<\/strong>: Vidro temperado de baixa ferro \u00e9 utilizado nas vitrines de exibi\u00e7\u00e3o, maximizando a clareza e permitindo vistas desobstru\u00eddas dos produtos.<\/li>\n<li><strong>Material Base<\/strong>: Pedestais de apar\u00eancia de m\u00e1rmore branco adicionam eleg\u00e2ncia e estabilidade, apresentando veios cinza que real\u00e7am a est\u00e9tica geral.<\/li>\n<\/ul>\n<p>Essa combina\u00e7\u00e3o de materiais garante longevidade e minimiza a manuten\u00e7\u00e3o, proporcionando um investimento duradouro para os varejistas.<\/p>\n<h2>Merchandising Visual &amp; L\u00f3gica de Convers\u00e3o<\/h2>\n<p>Nosso design de loja de joias melhora significativamente a visibilidade dos produtos e o engajamento dos clientes atrav\u00e9s de v\u00e1rias caracter\u00edsticas-chave:<\/p>\n<ul>\n<li><strong>Ilumina\u00e7\u00e3o<\/strong>: O sistema de ilumina\u00e7\u00e3o em v\u00e1rias camadas, incluindo ilumina\u00e7\u00e3o de destaque focada e ilumina\u00e7\u00e3o ambiente, destaca efetivamente cada pe\u00e7a, atraindo a aten\u00e7\u00e3o dos clientes e incentivando a intera\u00e7\u00e3o.<\/li>\n<li><strong>Fluxo de Clientes<\/strong>: A coloca\u00e7\u00e3o estrat\u00e9gica dos acess\u00f3rios guia o movimento dos clientes, permitindo que eles explorem e interajam com os produtos de forma confort\u00e1vel, aumentando o tempo de perman\u00eancia e o valor m\u00e9dio do pedido (AOV).<\/li>\n<li><strong>Hierarquia de Exibi\u00e7\u00e3o<\/strong>: Ao utilizar uma combina\u00e7\u00e3o de expositores ao n\u00edvel dos olhos e vitrines independentes, criamos uma hierarquia visual que direciona naturalmente o foco dos clientes para itens premium.<\/li>\n<\/ul>\n<h2>Personaliza\u00e7\u00e3o &amp; Cen\u00e1rios de Aplica\u00e7\u00e3o<\/h2>\n<p>Nosso design modular de loja de joias de luxo pode ser adaptado para atender \u00e0s necessidades espec\u00edficas do varejo:<\/p>\n<ul>\n<li><strong>Par\u00e2metros Personaliz\u00e1veis<\/strong>: Op\u00e7\u00f5es incluem venezianas de madeira alternativas (por exemplo, carvalho branco, madeira envernizada), diferentes acabamentos de revestimento met\u00e1lico (por exemplo, cromo polido, ouro ros\u00e9) e diferentes materiais de base (por exemplo, m\u00e1rmore preto). Inser\u00e7\u00f5es internas de exibi\u00e7\u00e3o podem ser personalizadas para se adequar a tipos espec\u00edficos de produtos.<\/li>\n<li><strong>Tipos de Loja Adequados<\/strong>: Este sistema de acess\u00f3rios \u00e9 ideal para boutiques de joias de alto padr\u00e3o, revendedores de rel\u00f3gios de luxo, departamentos de joias finas em lojas de departamento de alto padr\u00e3o e lojas \u00e2ncora de marcas que exigem uma solu\u00e7\u00e3o de exibi\u00e7\u00e3o coesa e sofisticada.<\/li>\n<\/ul>\n<h2>Valor Comercial &amp; Justificativa de ROI<\/h2>\n<p>Investir em nosso design de loja de joias oferece um valor comercial significativo:<\/p>\n<ul>\n<li><strong>Efici\u00eancia de Espa\u00e7o<\/strong>: O design modular maximiza a utiliza\u00e7\u00e3o do espa\u00e7o de varejo, permitindo uma alta densidade de exibi\u00e7\u00e3o de produtos sem superlota\u00e7\u00e3o.<\/li>\n<li><strong>Ciclos de Atualiza\u00e7\u00e3o<\/strong>: A durabilidade dos materiais e da constru\u00e7\u00e3o garante um ciclo de vida mais longo, reduzindo a frequ\u00eancia e o custo de substitui\u00e7\u00f5es.<\/li>\n<li><strong>Consist\u00eancia de Marca<\/strong>: Um conjunto coeso de acess\u00f3rios refor\u00e7a a identidade da marca, consolidando o posicionamento de luxo da sua loja.<\/li>\n<li><strong>Efici\u00eancia Operacional<\/strong>: Caixas de vidro seguras e tranc\u00e1veis protegem o invent\u00e1rio de alto valor, minimizando perdas e aumentando a efici\u00eancia da equipe.<\/li>\n<\/ul>\n<h2>Perguntas Frequentes Orientadas ao B2B<\/h2>\n<ol>\n<li><strong>Qual \u00e9 o prazo de produ\u00e7\u00e3o e instala\u00e7\u00e3o?<\/strong><\/li>\n<li>\n<p>Os prazos variam com base nas op\u00e7\u00f5es de personaliza\u00e7\u00e3o, mas geralmente variam de 8 a 12 semanas desde a confirma\u00e7\u00e3o do pedido at\u00e9 a instala\u00e7\u00e3o.<\/p>\n<\/li>\n<li>\n<p><strong>Os acess\u00f3rios podem ser adaptados para diferentes layouts de loja?<\/strong><\/p>\n<\/li>\n<li>\n<p>Sim, nosso design modular permite flexibilidade na adapta\u00e7\u00e3o a v\u00e1rios planos de piso e configura\u00e7\u00f5es espaciais.<\/p>\n<\/li>\n<li>\n<p><strong>Que manuten\u00e7\u00e3o \u00e9 necess\u00e1ria para os acess\u00f3rios?<\/strong><\/p>\n<\/li>\n<li>\n<p>A limpeza regular com materiais n\u00e3o abrasivos \u00e9 recomendada para manter a integridade dos acabamentos e materiais.<\/p>\n<\/li>\n<li>\n<p><strong>Existem op\u00e7\u00f5es para integrar tecnologia \u00e0s exibi\u00e7\u00f5es?<\/strong><\/p>\n<\/li>\n<li>\n<p>Sim, oferecemos op\u00e7\u00f5es de personaliza\u00e7\u00e3o que incluem telas de sinaliza\u00e7\u00e3o digital ou gr\u00e1ficos retroiluminados dentro das unidades de parede.<\/p>\n<\/li>\n<li>\n<p><strong>Como os acess\u00f3rios s\u00e3o fixados durante a instala\u00e7\u00e3o?<\/strong><\/p>\n<\/li>\n<li>Nossa equipe de instala\u00e7\u00e3o garante que todas as unidades de parede estejam firmemente ancoradas \u00e0s paredes estruturais, e as unidades de piso estejam niveladas com precis\u00e3o para estabilidade.<\/li>\n<\/ol>\n<h2>Lista de Verifica\u00e7\u00e3o de Aplica\u00e7\u00e3o Pr\u00e1tica<\/h2>\n<ul>\n<li><strong>Onde este produto funciona melhor<\/strong>: Boutiques de joias de alta qualidade, revendedores de rel\u00f3gios de luxo, lojas de departamento de alto padr\u00e3o.<\/li>\n<li><strong>Tamanho ou layout ideal da loja<\/strong>: Adequado para espa\u00e7os de varejo de m\u00e9dio a grande porte, permitindo configura\u00e7\u00f5es modulares.<\/li>\n<li><strong>Quando esta solu\u00e7\u00e3o n\u00e3o \u00e9 recomendada<\/strong>: N\u00e3o \u00e9 ideal para varejistas de baixo or\u00e7amento ou descontos, onde a est\u00e9tica de alto valor n\u00e3o \u00e9 uma prioridade.<\/li>\n<\/ul>\n<h2>Vis\u00e3o Geral T\u00e9cnica<\/h2>\n<h3>Renderiza\u00e7\u00e3o em Perspectiva 3D<\/h3>\n<p><img decoding=\"async\" alt=\"Renderiza\u00e7\u00e3o 3D\" src=\"https:\/\/oydisplay.com\/wp-content\/uploads\/2026\/01\/jewelry_store_design_hero-8.jpg\" title=\"\"><\/p>\n<h2>Etapas de Instala\u00e7\u00e3o<\/h2>\n<h3>Etapa 1<\/h3>\n<p>Confirma\u00e7\u00e3o de Verifica\u00e7\u00e3o do Site e de Instala\u00e7\u00e3o de Utilidades<\/p>\n<ul>\n<li>Verifique se o piso de m\u00e1rmore polido est\u00e1 completo e protegido com cobertura resistente antes de trazer os acess\u00f3rios.<\/li>\n<li>Confirme se as posi\u00e7\u00f5es das caixas el\u00e9tricas do piso correspondem exatamente ao planejamento de coloca\u00e7\u00e3o de expositores de base de m\u00e1rmore independentes para alimenta\u00e7\u00f5es de ilumina\u00e7\u00e3o ocultas.<\/li>\n<li>Certifique-se de que a ilumina\u00e7\u00e3o de trilho preto no teto e os spots embutidos estejam pr\u00e9-instalados de acordo com o plano de teto refletido.<\/li>\n<\/ul>\n<h3>Etapa 2<\/h3>\n<p>Instala\u00e7\u00e3o e Ancoragem de Carca\u00e7as de M\u00f3dulos de Parede<\/p>\n<ul>\n<li>Monte as carca\u00e7as modulares de MDF\/part\u00edcula de madeira para as unidades de parede com altura de 3,5m a 4m.<\/li>\n<li>Nivele os arm\u00e1rios de base com precis\u00e3o usando n\u00edveis a laser.<\/li>\n<li>Fixe firmemente as se\u00e7\u00f5es superiores altas aos montantes estruturais da parede ou blocos de apoio para evitar tombamento, devido \u00e0 sua altura e peso significativos.<\/li>\n<\/ul>\n<h3>Etapa 3<\/h3>\n<p>Acabamentos das Unidades de Parede e Integra\u00e7\u00e3o de Inser\u00e7\u00f5es de Exibi\u00e7\u00e3o<\/p>\n<ul>\n<li>Aplique pain\u00e9is de folheado de madeira de nogueira nas carca\u00e7as, garantindo o alinhamento do gr\u00e3o vertical entre os m\u00f3dulos.<\/li>\n<li>Instale as inser\u00e7\u00f5es de vitrine de vidro ao n\u00edvel dos olhos pr\u00e9-montadas, com acabamento em metal dourado escovado ao redor.<\/li>\n<li>Ajuste cuidadosamente os pain\u00e9is de fundo espelhados nas se\u00e7\u00f5es superiores de exibi\u00e7\u00e3o.<\/li>\n<li>Conecte a ilumina\u00e7\u00e3o de fita de LED de alto \u00edndice de reprodu\u00e7\u00e3o de cor (CRI) integrada nas inser\u00e7\u00f5es de parede aos drivers de energia.<\/li>\n<\/ul>\n<h3>Etapa 4<\/h3>\n<p>Posicionamento e Nivelamento de Bases de Exposi\u00e7\u00e3o de Piso Independentes<\/p>\n<ul>\n<li>Posicione os plintos de base pesados revestidos de m\u00e1rmore branco sobre as caixas el\u00e9tricas de piso designadas.<\/li>\n<li>Use p\u00e9s ajust\u00e1veis ocultos ou cal\u00e7os de alta densidade para nivelar as bases perfeitamente no piso de pedra polida, garantindo que n\u00e3o haja movimento de oscila\u00e7\u00e3o.<\/li>\n<li>Passe as alimenta\u00e7\u00f5es el\u00e9tricas atrav\u00e9s da estrutura da base em prepara\u00e7\u00e3o para as tampas de vidro.<\/li>\n<\/ul>\n<h3>Etapa 5<\/h3>\n<p>Instala\u00e7\u00e3o de Tampas de Vitrines de Vidro e Estruturas de Metal<\/p>\n<ul>\n<li>Usando elevadores de suc\u00e7\u00e3o de vidro, coloque cuidadosamente as vitrines de vidro temperado com liga\u00e7\u00e3o UV, com suas molduras e pernas de acabamento em ouro escovado, sobre as bases de m\u00e1rmore.<\/li>\n<li>Garanta o alinhamento perfeito entre as pernas de metal e o plinto de m\u00e1rmore.<\/li>\n<li>Conecte a ilumina\u00e7\u00e3o de fita de LED integrada na parte superior frontal da vitrine de vidro \u00e0 alimenta\u00e7\u00e3o de energia da base.<\/li>\n<li>Teste o funcionamento suave e a seguran\u00e7a das portas de acesso tranc\u00e1veis do lado da equipe.<\/li>\n<\/ul>\n<h3>Etapa 6<\/h3>\n<p>Comissionamento el\u00e9trico final e alinhamento de ilumina\u00e7\u00e3o<\/p>\n<ul>\n<li>Energize todos os circuitos de lumin\u00e1rias e verifique o funcionamento de todas as fitas de LED de luz quente integrada (3000K-3500K).<\/li>\n<li>Ajuste e direcione as cabe\u00e7as de lumin\u00e1ria de trilho preto montadas no teto para destacar as zonas de exibi\u00e7\u00e3o e criar brilho nas mercadorias.<\/li>\n<li>Verifique se h\u00e1 pontos de luz excessivos ou sombras nos pain\u00e9is de fundo espelhados e ajuste conforme necess\u00e1rio.<\/li>\n<\/ul>\n<h3>Etapa 7<\/h3>\n<p>Configura\u00e7\u00e3o interna e detalhes finais<\/p>\n<ul>\n<li>Instale acess\u00f3rios de exibi\u00e7\u00e3o internos, como bustos de joias de veludo preto e bandejas, dentro das vitrines de vidro.<\/li>\n<li>Remova todas as pel\u00edculas protetoras das molduras de ouro escovado, folheado de nogueira e superf\u00edcies de vidro.<\/li>\n<li>Realize uma limpeza final com luvas brancas para remover impress\u00f5es digitais e poeira de superf\u00edcies de vidro e m\u00e1rmore polido.<\/li>\n<\/ul>\n<h2>Lista de Materiais \/ Hardware (BOM)<\/h2>\n<h3>Cartaz de Brochura T\u00e9cnica<\/h3>\n<p><img decoding=\"async\" alt=\"Cartaz de Lista de Materiais (BOM)\" src=\"https:\/\/oydisplay.com\/wp-content\/uploads\/2026\/01\/jewelry_store_design_poster-2.png\" title=\"\"><\/p>\n<table>\n<thead>\n<tr>\n<th>N\u00famero da Pe\u00e7a<\/th>\n<th>Nome da Pe\u00e7a<\/th>\n<th style=\"text-align: right;\">Quantidade<\/th>\n<th>Unidade<\/th>\n<th>Notas T\u00e9cnicas<\/th>\n<\/tr>\n<\/thead>\n<tbody>\n<tr>\n<td>P01-WU-CAR<\/td>\n<td>Estrutura Modular de Unidade de Parede<\/td>\n<td style=\"text-align: right;\">Conforme planta baixa<\/td>\n<td>m\u00f3dulos<\/td>\n<td>Material: MDF resistente ao fogo ou n\u00facleo de madeira compensada de grau comercial<br \/>Constru\u00e7\u00e3o: Constru\u00e7\u00e3o modular com trava de encaixe ou pino para montagem no local<br \/>Dimens\u00f5es: Aproximadamente 3,5m-4m de altura x 1m-1,2m de largura por m\u00f3dulo, com base em estimativas<\/td>\n<\/tr>\n<tr>\n<td>P02-WU-VEN<\/td>\n<td>Painel de acabamento da unidade de parede \u2013 Nogueira<\/td>\n<td style=\"text-align: right;\">Conforme eleva\u00e7\u00e3o<\/td>\n<td>m\u00b2<\/td>\n<td>Material: Veneer de madeira de nogueira de grau A<br \/>Acabamento: Lacado transparente, acetinado e quente<br \/>Dire\u00e7\u00e3o do Gr\u00e3o: Gr\u00e3o vertical combinando<br \/>Aplica\u00e7\u00e3o: Aplicado \u00e0s faces vis\u00edveis do corpo P01<\/td>\n<\/tr>\n<tr>\n<td>P03-WU-VIT<\/td>\n<td>Inser\u00e7\u00e3o de vitrine de parede integrada<\/td>\n<td style=\"text-align: right;\">1 por m\u00f3dulo<\/td>\n<td>ea<\/td>\n<td>Material: Vidro de seguran\u00e7a temperado de 8mm-10mm de ferro baixo<br \/>Posi\u00e7\u00e3o: Integrado ao n\u00edvel dos olhos (aproximadamente 1,1m do ch\u00e3o)<br \/>Caracter\u00edsticas: Painel frontal de visualiza\u00e7\u00e3o sem moldura, pr\u00e9-perfurado para integra\u00e7\u00e3o de ilumina\u00e7\u00e3o<\/td>\n<\/tr>\n<tr>\n<td>P04-WU-MIR<\/td>\n<td>Painel traseiro da se\u00e7\u00e3o superior da parede \u2013 Espelhado<\/td>\n<td style=\"text-align: right;\">Conforme eleva\u00e7\u00e3o<\/td>\n<td>m\u00b2<\/td>\n<td>Material: vidro espelhado de prata de 6mm com bordas polidas<br \/>Aplica\u00e7\u00e3o: Aplicado \u00e0 face interna traseira das se\u00e7\u00f5es de exibi\u00e7\u00e3o da parede superior para criar profundidade<\/td>\n<\/tr>\n<tr>\n<td>P05-GEN-TRM<\/td>\n<td>Perfis decorativos de metal<\/td>\n<td style=\"text-align: right;\">De acordo com o projeto<\/td>\n<td>lm<\/td>\n<td>Material: Substrato de a\u00e7o inoxid\u00e1vel<br \/>Acabamento: Banho de ouro\/brass escovado (recomendado revestimento PVD para durabilidade)<br \/>Aplica\u00e7\u00e3o: Moldura para vitrines de parede e rebaixos de destaque entre pain\u00e9is<\/td>\n<\/tr>\n<tr>\n<td>P06-FS-FRM<\/td>\n<td>Estrutura externa e pernas para vitrine de piso<\/td>\n<td style=\"text-align: right;\">1 por unidade<\/td>\n<td>ea<\/td>\n<td>Material: Tubula\u00e7\u00e3o de metal\/constru\u00e7\u00e3o com barra plana<br \/>Acabamento: Banho de ouro\/brass escovado combinando com P05<br \/>Estrutura: Estrutura soldada ou fixada mecanicamente suportando o tampo de vidro e o gabinete base<\/td>\n<\/tr>\n<tr>\n<td>P07-FS-BASE<\/td>\n<td>Revestimento da base da vitrine de piso \u2013 M\u00e1rmore<\/td>\n<td style=\"text-align: right;\">De acordo com a quantidade por unidade<\/td>\n<td>m\u00b2<\/td>\n<td>Material: M\u00e1rmore branco com veios cinza (pedra natural ou quartzo de alta qualidade)<br \/>Acabamento: Polido<br \/>Aplica\u00e7\u00e3o: Revestimento para o plinto\/se\u00e7\u00e3o base de unidades de piso<\/td>\n<\/tr>\n<tr>\n<td>P08-FS-TOP<\/td>\n<td>Vitrine de Piso com Topo de Vidro UV-Bonded<\/td>\n<td style=\"text-align: right;\">1 por unidade<\/td>\n<td>ea<\/td>\n<td>Material: vidro temperado de seguran\u00e7a de 10mm-12mm de ferro baixo<br \/>Constru\u00e7\u00e3o: cantos em bisel UV-bonded para apar\u00eancia sem emendas e sem moldura<br \/>Dimens\u00f5es: aproximadamente 1,2m de largura x 0,6m de profundidade x 0,3m-0,4m de altura se\u00e7\u00e3o de vidro<\/td>\n<\/tr>\n<tr>\n<td>P09-INT-DECK<\/td>\n<td>Piso de Exibi\u00e7\u00e3o Interna\/Revestimento<\/td>\n<td style=\"text-align: right;\">Conforme \u00e1rea de exibi\u00e7\u00e3o<\/td>\n<td>m\u00b2<\/td>\n<td>Material: substrato de MDF revestido com veludo preto premium ou tecido de camur\u00e7a<br \/>Aplica\u00e7\u00e3o: base interna de todas as se\u00e7\u00f5es de exibi\u00e7\u00e3o de vidro (unidades de parede e piso)<\/td>\n<\/tr>\n<tr>\n<td>E01-LED-KIT<\/td>\n<td>Sistema de Ilumina\u00e7\u00e3o de Vitrine com LED Integrado<\/td>\n<td style=\"text-align: right;\">1 kit por zona de exibi\u00e7\u00e3o<\/td>\n<td>kit<\/td>\n<td>Tipo: Ilumina\u00e7\u00e3o de fita LED de alto \u00edndice de reprodu\u00e7\u00e3o de cor (&gt;90)<br \/>Temperatura de Cor: branco quente (3000K-3500K)<br \/>Componentes: perfis de alum\u00ednio ocultos, fitas de LED, drivers remotos e fia\u00e7\u00e3o de baixa voltagem<\/td>\n<\/tr>\n<tr>\n<td>E02-CEIL-TRK<\/td>\n<td>Lumin\u00e1ria de Trilho de Teto<\/td>\n<td style=\"text-align: right;\">Conforme plano de ilumina\u00e7\u00e3o<\/td>\n<td>ea<\/td>\n<td>Finalizar: Pintura em p\u00f3 preta<br \/>Tipo: Holofote de trilho ajust\u00e1vel<br \/>L\u00e2mpada: Compat\u00edvel com LED, branco quente para combinar com E01<\/td>\n<\/tr>\n<tr>\n<td>H01-INSTALL-WU<\/td>\n<td>Hardware de ancoragem estrutural para unidade de parede<\/td>\n<td style=\"text-align: right;\">1 kit por m\u00f3dulo<\/td>\n<td>kit<\/td>\n<td>Inclui calhas francesas de alta resist\u00eancia ou parafusos de press\u00e3o adequados para o tipo de parede do substrato<br \/>Cr\u00edtico para fixar unidades de parede altas e pesadas para evitar tombamento<\/td>\n<\/tr>\n<tr>\n<td>H02-SEC-LOCK<\/td>\n<td>Mecanismo de trava de seguran\u00e7a para vitrine<\/td>\n<td style=\"text-align: right;\">1 por porta de acesso<\/td>\n<td>ea<\/td>\n<td>Tipo: Fechadura de rosca de alta seguran\u00e7a para portas de acesso do lado da equipe em unidades de piso<br \/>Acabamento: Lat\u00e3o\/Dourado para combinar com o acabamento<br \/>Chave: Mesma chave por zona da loja<\/td>\n<\/tr>\n<\/tbody>\n<\/table>","protected":false},"featured_media":15739,"parent":0,"template":"","meta":{"_acf_changed":false},"product-category":[],"product-tags":[],"class_list":["post-15749","product","type-product","status-publish","has-post-thumbnail","hentry"],"acf":{"product_image":[15739,15740,15741,15742,15743,15744,15745,15746],"product_short_description":"Our modular luxury jewelry store design features an innovative blend of floor-to-ceiling wall display units and freestanding showcases. Designed to enhance product visibility and customer engagement, this fixture system is perfect for high-end boutiques, luxury watch retailers, and upscale department stores.","a_image":null,"Product_Description_A":"","B_Image":null,"Product_Description_B":"","C_Image":null,"Product_Description_C":"","D_Image":null,"Product_Description_D":""},"_links":{"self":[{"href":"https:\/\/oydisplay.com\/pt\/wp-json\/wp\/v2\/product\/15749","targetHints":{"allow":["GET"]}}],"collection":[{"href":"https:\/\/oydisplay.com\/pt\/wp-json\/wp\/v2\/product"}],"about":[{"href":"https:\/\/oydisplay.com\/pt\/wp-json\/wp\/v2\/types\/product"}],"acf:attachment":[{"embeddable":true,"href":"https:\/\/oydisplay.com\/pt\/wp-json\/wp\/v2\/media\/15746"},{"embeddable":true,"href":"https:\/\/oydisplay.com\/pt\/wp-json\/wp\/v2\/media\/15745"},{"embeddable":true,"href":"https:\/\/oydisplay.com\/pt\/wp-json\/wp\/v2\/media\/15744"},{"embeddable":true,"href":"https:\/\/oydisplay.com\/pt\/wp-json\/wp\/v2\/media\/15743"},{"embeddable":true,"href":"https:\/\/oydisplay.com\/pt\/wp-json\/wp\/v2\/media\/15742"},{"embeddable":true,"href":"https:\/\/oydisplay.com\/pt\/wp-json\/wp\/v2\/media\/15741"},{"embeddable":true,"href":"https:\/\/oydisplay.com\/pt\/wp-json\/wp\/v2\/media\/15740"},{"embeddable":true,"href":"https:\/\/oydisplay.com\/pt\/wp-json\/wp\/v2\/media\/15739"}],"wp:featuredmedia":[{"embeddable":true,"href":"https:\/\/oydisplay.com\/pt\/wp-json\/wp\/v2\/media\/15739"}],"wp:attachment":[{"href":"https:\/\/oydisplay.com\/pt\/wp-json\/wp\/v2\/media?parent=15749"}],"wp:term":[{"taxonomy":"product-category","embeddable":true,"href":"https:\/\/oydisplay.com\/pt\/wp-json\/wp\/v2\/product-category?post=15749"},{"taxonomy":"product-tags","embeddable":true,"href":"https:\/\/oydisplay.com\/pt\/wp-json\/wp\/v2\/product-tags?post=15749"}],"curies":[{"name":"wp","href":"https:\/\/api.w.org\/{rel}","templated":true}]}}