{"id":840,"date":"2025-03-21T16:41:10","date_gmt":"2025-03-21T08:41:10","guid":{"rendered":"https:\/\/oydisplay.com\/?page_id=840"},"modified":"2025-09-03T10:13:12","modified_gmt":"2025-09-03T02:13:12","slug":"salon-kiosk-manufacturer","status":"publish","type":"page","link":"https:\/\/oydisplay.com\/pt\/salon-kiosk-manufacturer\/","title":{"rendered":"Fabricante de quiosques para sal\u00e3o"},"content":{"rendered":"<div data-elementor-type=\"wp-page\" data-elementor-id=\"840\" class=\"elementor elementor-840\" data-elementor-post-type=\"page\">\n\t\t\t\t<div class=\"elementor-element elementor-element-607d907f e-flex e-con-boxed e-con e-parent\" data-id=\"607d907f\" data-element_type=\"container\" data-e-type=\"container\">\n\t\t\t\t\t<div class=\"e-con-inner\">\n\t\t<div class=\"elementor-element elementor-element-2c3b00f9 e-con-full e-flex e-con e-child\" data-id=\"2c3b00f9\" data-element_type=\"container\" data-e-type=\"container\">\n\t\t\t\t<div class=\"elementor-element elementor-element-a011c61 elementor-widget elementor-widget-heading\" data-id=\"a011c61\" data-element_type=\"widget\" data-e-type=\"widget\" data-widget_type=\"heading.default\">\n\t\t\t\t<div class=\"elementor-widget-container\">\n\t\t\t\t\t<h1 class=\"elementor-heading-title elementor-size-default\">Fabricante de Quiosques de Sal\u00e3o na China<\/h1>\t\t\t\t<\/div>\n\t\t\t\t<\/div>\n\t\t\t\t<div class=\"elementor-element elementor-element-3188fb19 elementor-widget__width-initial elementor-widget elementor-widget-text-editor\" data-id=\"3188fb19\" data-element_type=\"widget\" data-e-type=\"widget\" data-widget_type=\"text-editor.default\">\n\t\t\t\t<div class=\"elementor-widget-container\">\n\t\t\t\t\t\t\t\t\t<p class=\"break-words\">Garanta um n\u00edvel superior <strong>quiosque de sal\u00e3o<\/strong> para o seu neg\u00f3cio com OUYEE.<\/p><p class=\"break-words\">N\u00f3s trazemos 10 anos de experi\u00eancia na fabrica\u00e7\u00e3o de quiosques de sal\u00e3o, oferecendo diversas <strong>materiais, designs, formas, tamanhos, cores e mais<\/strong>.<\/p>\t\t\t\t\t\t\t\t<\/div>\n\t\t\t\t<\/div>\n\t\t\t\t<div class=\"elementor-element elementor-element-20c61a5f elementor-align-left e-transform elementor-widget elementor-widget-button\" data-id=\"20c61a5f\" data-element_type=\"widget\" data-e-type=\"widget\" data-settings=\"{&quot;_transform_scale_effect_hover&quot;:{&quot;unit&quot;:&quot;px&quot;,&quot;size&quot;:1.1,&quot;sizes&quot;:[]},&quot;_transform_scale_effect_hover_tablet&quot;:{&quot;unit&quot;:&quot;px&quot;,&quot;size&quot;:&quot;&quot;,&quot;sizes&quot;:[]},&quot;_transform_scale_effect_hover_mobile&quot;:{&quot;unit&quot;:&quot;px&quot;,&quot;size&quot;:&quot;&quot;,&quot;sizes&quot;:[]}}\" data-widget_type=\"button.default\">\n\t\t\t\t<div class=\"elementor-widget-container\">\n\t\t\t\t\t\t\t\t\t<div class=\"elementor-button-wrapper\">\n\t\t\t\t\t<a class=\"elementor-button elementor-button-link elementor-size-sm\" href=\"#elementor-action%3Aaction%3Dpopup%3Aopen%26settings%3DeyJpZCI6IjEzNyIsInRvZ2dsZSI6ZmFsc2V9\">\n\t\t\t\t\t\t<span class=\"elementor-button-content-wrapper\">\n\t\t\t\t\t\t\t\t\t<span class=\"elementor-button-text\">Solicite Nosso \u00daltimo Pre\u00e7o<\/span>\n\t\t\t\t\t<\/span>\n\t\t\t\t\t<\/a>\n\t\t\t\t<\/div>\n\t\t\t\t\t\t\t\t<\/div>\n\t\t\t\t<\/div>\n\t\t\t\t<\/div>\n\t\t<div class=\"elementor-element elementor-element-443a47d7 e-con-full e-flex e-con e-child\" data-id=\"443a47d7\" data-element_type=\"container\" data-e-type=\"container\">\n\t\t\t\t<div class=\"elementor-element elementor-element-1d4a40be elementor-widget elementor-widget-image\" data-id=\"1d4a40be\" data-element_type=\"widget\" data-e-type=\"widget\" data-widget_type=\"image.default\">\n\t\t\t\t<div class=\"elementor-widget-container\">\n\t\t\t\t\t\t\t\t\t\t\t\t\t\t\t<img loading=\"lazy\" decoding=\"async\" width=\"800\" height=\"449\" src=\"https:\/\/oydisplay.com\/wp-content\/uploads\/2025\/09\/Salon-Kiosk-Manufacturer-Banner.jpg\" class=\"attachment-large size-large wp-image-6508\" alt=\"Fabricante de Quiosques de Sal\u00e3o \u2013 Banner\" srcset=\"https:\/\/oydisplay.com\/wp-content\/uploads\/2025\/09\/Salon-Kiosk-Manufacturer-Banner.jpg 1024w, https:\/\/oydisplay.com\/wp-content\/uploads\/2025\/09\/Salon-Kiosk-Manufacturer-Banner-300x168.jpg 300w, https:\/\/oydisplay.com\/wp-content\/uploads\/2025\/09\/Salon-Kiosk-Manufacturer-Banner-768x431.jpg 768w\" sizes=\"auto, (max-width: 800px) 100vw, 800px\" title=\"\">\t\t\t\t\t\t\t\t\t\t\t\t\t\t\t<\/div>\n\t\t\t\t<\/div>\n\t\t\t\t<\/div>\n\t\t\t\t\t<\/div>\n\t\t\t\t<\/div>\n\t\t<div class=\"elementor-element elementor-element-5553bca elementor-hidden-mobile e-flex e-con-boxed e-con e-parent\" data-id=\"5553bca\" data-element_type=\"container\" data-e-type=\"container\" data-settings=\"{&quot;background_background&quot;:&quot;classic&quot;}\">\n\t\t\t\t\t<div class=\"e-con-inner\">\n\t\t\t\t<div class=\"elementor-element elementor-element-aa77265 elementor-widget elementor-widget-heading\" data-id=\"aa77265\" data-element_type=\"widget\" data-e-type=\"widget\" data-widget_type=\"heading.default\">\n\t\t\t\t<div class=\"elementor-widget-container\">\n\t\t\t\t\t<h2 class=\"elementor-heading-title elementor-size-default\">Sua Confian\u00e7a Fornecedor de Quiosques de Sal\u00e3o na China<\/h2>\t\t\t\t<\/div>\n\t\t\t\t<\/div>\n\t\t\t\t<div class=\"elementor-element elementor-element-5831014 elementor-widget elementor-widget-text-editor\" data-id=\"5831014\" data-element_type=\"widget\" data-e-type=\"widget\" data-widget_type=\"text-editor.default\">\n\t\t\t\t<div class=\"elementor-widget-container\">\n\t\t\t\t\t\t\t\t\t<div><p class=\"break-words\">OUYEE \u00e9 dedicado a encantar cada cliente. Nossa equipe especializada ouve atentamente suas necessidades, projetando quiosques de sal\u00e3o pr\u00e1ticos e personalizados. Usamos madeira de alta qualidade, metais resistentes, vidro superior e materiais ecol\u00f3gicos para garantir qualidade excepcional.<\/p><p class=\"break-words\">Com tecnologia de ponta e processos otimizados, os quiosques de sal\u00e3o da OUYEE combinam desempenho excelente com pre\u00e7os justos. Notavelmente, nossa velocidade de entrega nos diferencia na ind\u00fastria.<\/p><p class=\"break-words\">Tamb\u00e9m estabelecemos um sistema robusto de inspe\u00e7\u00e3o de qualidade, garantindo que cada quiosque de sal\u00e3o atenda a padr\u00f5es rigorosos.<\/p><p class=\"break-words\">De propriet\u00e1rios de sal\u00f5es iniciantes a empresas estabelecidas que precisam de um parceiro s\u00f3lido, a OUYEE oferece as solu\u00e7\u00f5es perfeitas de quiosques de sal\u00e3o na China.<\/p><\/div>\t\t\t\t\t\t\t\t<\/div>\n\t\t\t\t<\/div>\n\t\t\t\t\t<\/div>\n\t\t\t\t<\/div>\n\t\t<div class=\"elementor-element elementor-element-486e0b5 e-flex e-con-boxed e-con e-parent\" data-id=\"486e0b5\" data-element_type=\"container\" data-e-type=\"container\">\n\t\t\t\t\t<div class=\"e-con-inner\">\n\t\t<div class=\"elementor-element elementor-element-32c8887 e-con-full e-flex e-con e-child\" data-id=\"32c8887\" data-element_type=\"container\" data-e-type=\"container\">\n\t\t<div class=\"elementor-element elementor-element-ba8d359 e-con-full e-flex e-con e-child\" data-id=\"ba8d359\" data-element_type=\"container\" data-e-type=\"container\">\n\t\t\t\t<div class=\"elementor-element elementor-element-d6e2a6b elementor-widget elementor-widget-image\" data-id=\"d6e2a6b\" data-element_type=\"widget\" data-e-type=\"widget\" data-widget_type=\"image.default\">\n\t\t\t\t<div class=\"elementor-widget-container\">\n\t\t\t\t\t\t\t\t\t\t\t\t\t\t\t\t<a href=\"\/pt\/salon-kiosk-manufacturer\/barber-kiosk\/\">\n\t\t\t\t\t\t\t<img loading=\"lazy\" decoding=\"async\" width=\"480\" height=\"380\" src=\"https:\/\/oydisplay.com\/wp-content\/uploads\/2025\/03\/Barber-Kiosk.jpg\" class=\"attachment-large size-large wp-image-682\" alt=\"Quiosque de Barbeiro\" srcset=\"https:\/\/oydisplay.com\/wp-content\/uploads\/2025\/03\/Barber-Kiosk.jpg 480w, https:\/\/oydisplay.com\/wp-content\/uploads\/2025\/03\/Barber-Kiosk-300x238.jpg 300w\" sizes=\"auto, (max-width: 480px) 100vw, 480px\" title=\"\">\t\t\t\t\t\t\t\t<\/a>\n\t\t\t\t\t\t\t\t\t\t\t\t\t\t\t<\/div>\n\t\t\t\t<\/div>\n\t\t\t\t<div class=\"elementor-element elementor-element-9634d3f elementor-widget elementor-widget-heading\" data-id=\"9634d3f\" data-element_type=\"widget\" data-e-type=\"widget\" data-widget_type=\"heading.default\">\n\t\t\t\t<div class=\"elementor-widget-container\">\n\t\t\t\t\t<h3 class=\"elementor-heading-title elementor-size-default\"><a href=\"\/pt\/salon-kiosk-manufacturer\/barber-kiosk\/\">Quiosque de Barbeiro<\/a><\/h3>\t\t\t\t<\/div>\n\t\t\t\t<\/div>\n\t\t\t\t<div class=\"elementor-element elementor-element-ce6b450 elementor-widget elementor-widget-text-editor\" data-id=\"ce6b450\" data-element_type=\"widget\" data-e-type=\"widget\" data-widget_type=\"text-editor.default\">\n\t\t\t\t<div class=\"elementor-widget-container\">\n\t\t\t\t\t\t\t\t\t<p>Quiosque moderno de barbeiro com ferramentas afiadas, espelhos estilosos e uma vibra\u00e7\u00e3o descolada, oferecendo cortes r\u00e1pidos e precisos em uma configura\u00e7\u00e3o elegante.<\/p>\t\t\t\t\t\t\t\t<\/div>\n\t\t\t\t<\/div>\n\t\t\t\t<div class=\"elementor-element elementor-element-d7bc272 elementor-align-left elementor-widget elementor-widget-global elementor-global-647 elementor-widget-button\" data-id=\"d7bc272\" data-element_type=\"widget\" data-e-type=\"widget\" data-widget_type=\"button.default\">\n\t\t\t\t<div class=\"elementor-widget-container\">\n\t\t\t\t\t\t\t\t\t<div class=\"elementor-button-wrapper\">\n\t\t\t\t\t<a class=\"elementor-button elementor-button-link elementor-size-sm\" href=\"#elementor-action%3Aaction%3Dpopup%3Aopen%26settings%3DeyJpZCI6IjEzNyIsInRvZ2dsZSI6ZmFsc2V9\">\n\t\t\t\t\t\t<span class=\"elementor-button-content-wrapper\">\n\t\t\t\t\t\t\t\t\t<span class=\"elementor-button-text\">Envie sua consulta agora<\/span>\n\t\t\t\t\t<\/span>\n\t\t\t\t\t<\/a>\n\t\t\t\t<\/div>\n\t\t\t\t\t\t\t\t<\/div>\n\t\t\t\t<\/div>\n\t\t\t\t<\/div>\n\t\t<div class=\"elementor-element elementor-element-24a8dec e-con-full e-flex e-con e-child\" data-id=\"24a8dec\" data-element_type=\"container\" data-e-type=\"container\">\n\t\t\t\t<div class=\"elementor-element elementor-element-b7877a8 elementor-widget elementor-widget-image\" data-id=\"b7877a8\" data-element_type=\"widget\" data-e-type=\"widget\" data-widget_type=\"image.default\">\n\t\t\t\t<div class=\"elementor-widget-container\">\n\t\t\t\t\t\t\t\t\t\t\t\t\t\t\t\t<a href=\"\/pt\/salon-kiosk-manufacturer\/eyebrow-threading-kiosk\/\">\n\t\t\t\t\t\t\t<img loading=\"lazy\" decoding=\"async\" width=\"480\" height=\"380\" src=\"https:\/\/oydisplay.com\/wp-content\/uploads\/2025\/03\/Eyebrow-Threading-Kiosk.jpg\" class=\"attachment-large size-large wp-image-687\" alt=\"Quiosque de Depila\u00e7\u00e3o de Sobrancelhas\" srcset=\"https:\/\/oydisplay.com\/wp-content\/uploads\/2025\/03\/Eyebrow-Threading-Kiosk.jpg 480w, https:\/\/oydisplay.com\/wp-content\/uploads\/2025\/03\/Eyebrow-Threading-Kiosk-300x238.jpg 300w\" sizes=\"auto, (max-width: 480px) 100vw, 480px\" title=\"\">\t\t\t\t\t\t\t\t<\/a>\n\t\t\t\t\t\t\t\t\t\t\t\t\t\t\t<\/div>\n\t\t\t\t<\/div>\n\t\t\t\t<div class=\"elementor-element elementor-element-eea28cf elementor-widget elementor-widget-heading\" data-id=\"eea28cf\" data-element_type=\"widget\" data-e-type=\"widget\" data-widget_type=\"heading.default\">\n\t\t\t\t<div class=\"elementor-widget-container\">\n\t\t\t\t\t<h3 class=\"elementor-heading-title elementor-size-default\"><a href=\"\/pt\/salon-kiosk-manufacturer\/eyebrow-threading-kiosk\/\">Quiosque de Depila\u00e7\u00e3o de Sobrancelhas<\/a><\/h3>\t\t\t\t<\/div>\n\t\t\t\t<\/div>\n\t\t\t\t<div class=\"elementor-element elementor-element-bac88f9 elementor-widget elementor-widget-text-editor\" data-id=\"bac88f9\" data-element_type=\"widget\" data-e-type=\"widget\" data-widget_type=\"text-editor.default\">\n\t\t\t\t<div class=\"elementor-widget-container\">\n\t\t\t\t\t\t\t\t\t<p>Quiosque de depila\u00e7\u00e3o com linha de precis\u00e3o, esta\u00e7\u00f5es habilidosas, linhas limpas e foco nos detalhes, moldando sobrancelhas perfeitas em um espa\u00e7o organizado.<\/p>\t\t\t\t\t\t\t\t<\/div>\n\t\t\t\t<\/div>\n\t\t\t\t<div class=\"elementor-element elementor-element-626ea67 elementor-align-left elementor-widget elementor-widget-global elementor-global-647 elementor-widget-button\" data-id=\"626ea67\" data-element_type=\"widget\" data-e-type=\"widget\" data-widget_type=\"button.default\">\n\t\t\t\t<div class=\"elementor-widget-container\">\n\t\t\t\t\t\t\t\t\t<div class=\"elementor-button-wrapper\">\n\t\t\t\t\t<a class=\"elementor-button elementor-button-link elementor-size-sm\" href=\"#elementor-action%3Aaction%3Dpopup%3Aopen%26settings%3DeyJpZCI6IjEzNyIsInRvZ2dsZSI6ZmFsc2V9\">\n\t\t\t\t\t\t<span class=\"elementor-button-content-wrapper\">\n\t\t\t\t\t\t\t\t\t<span class=\"elementor-button-text\">Envie sua consulta agora<\/span>\n\t\t\t\t\t<\/span>\n\t\t\t\t\t<\/a>\n\t\t\t\t<\/div>\n\t\t\t\t\t\t\t\t<\/div>\n\t\t\t\t<\/div>\n\t\t\t\t<\/div>\n\t\t<div class=\"elementor-element elementor-element-21ca995 e-con-full e-flex e-con e-child\" data-id=\"21ca995\" data-element_type=\"container\" data-e-type=\"container\">\n\t\t\t\t<div class=\"elementor-element elementor-element-f3cf796 elementor-widget elementor-widget-image\" data-id=\"f3cf796\" data-element_type=\"widget\" data-e-type=\"widget\" data-widget_type=\"image.default\">\n\t\t\t\t<div class=\"elementor-widget-container\">\n\t\t\t\t\t\t\t\t\t\t\t\t\t\t\t\t<a href=\"\/pt\/salon-kiosk-manufacturer\/nail-kiosk\/\">\n\t\t\t\t\t\t\t<img loading=\"lazy\" decoding=\"async\" width=\"480\" height=\"380\" src=\"https:\/\/oydisplay.com\/wp-content\/uploads\/2025\/03\/Nail-Kiosk.jpg\" class=\"attachment-large size-large wp-image-672\" alt=\"Quiosque de Unhas\" srcset=\"https:\/\/oydisplay.com\/wp-content\/uploads\/2025\/03\/Nail-Kiosk.jpg 480w, https:\/\/oydisplay.com\/wp-content\/uploads\/2025\/03\/Nail-Kiosk-300x238.jpg 300w\" sizes=\"auto, (max-width: 480px) 100vw, 480px\" title=\"\">\t\t\t\t\t\t\t\t<\/a>\n\t\t\t\t\t\t\t\t\t\t\t\t\t\t\t<\/div>\n\t\t\t\t<\/div>\n\t\t\t\t<div class=\"elementor-element elementor-element-447ff52 elementor-widget elementor-widget-heading\" data-id=\"447ff52\" data-element_type=\"widget\" data-e-type=\"widget\" data-widget_type=\"heading.default\">\n\t\t\t\t<div class=\"elementor-widget-container\">\n\t\t\t\t\t<h3 class=\"elementor-heading-title elementor-size-default\"><a href=\"\/pt\/salon-kiosk-manufacturer\/nail-kiosk\/\">Quiosque de Unhas <\/a><\/h3>\t\t\t\t<\/div>\n\t\t\t\t<\/div>\n\t\t\t\t<div class=\"elementor-element elementor-element-cace1e2 elementor-widget elementor-widget-text-editor\" data-id=\"cace1e2\" data-element_type=\"widget\" data-e-type=\"widget\" data-widget_type=\"text-editor.default\">\n\t\t\t\t<div class=\"elementor-widget-container\">\n\t\t\t\t\t\t\t\t\t<p>Quiosque de unhas elegante com bancadas de esmaltes brilhantes, assentos confort\u00e1veis e toque art\u00edstico, criando manicures deslumbrantes em uma cabine moderna.<\/p>\t\t\t\t\t\t\t\t<\/div>\n\t\t\t\t<\/div>\n\t\t\t\t<div class=\"elementor-element elementor-element-5201d3c elementor-align-left elementor-widget elementor-widget-global elementor-global-647 elementor-widget-button\" data-id=\"5201d3c\" data-element_type=\"widget\" data-e-type=\"widget\" data-widget_type=\"button.default\">\n\t\t\t\t<div class=\"elementor-widget-container\">\n\t\t\t\t\t\t\t\t\t<div class=\"elementor-button-wrapper\">\n\t\t\t\t\t<a class=\"elementor-button elementor-button-link elementor-size-sm\" href=\"#elementor-action%3Aaction%3Dpopup%3Aopen%26settings%3DeyJpZCI6IjEzNyIsInRvZ2dsZSI6ZmFsc2V9\">\n\t\t\t\t\t\t<span class=\"elementor-button-content-wrapper\">\n\t\t\t\t\t\t\t\t\t<span class=\"elementor-button-text\">Envie sua consulta agora<\/span>\n\t\t\t\t\t<\/span>\n\t\t\t\t\t<\/a>\n\t\t\t\t<\/div>\n\t\t\t\t\t\t\t\t<\/div>\n\t\t\t\t<\/div>\n\t\t\t\t<\/div>\n\t\t\t\t<\/div>\n\t\t\t\t\t<\/div>\n\t\t\t\t<\/div>\n\t\t\t\t<\/div>","protected":false},"excerpt":{"rendered":"<p>Salon Kiosk Manufacturer in China Secure a top-tier salon kiosk for your business with OUYEE. We bring 10 years of expertise in crafting salon kiosks, offering diverse materials, designs, shapes, sizes, colors, and more. Request Our Latest Price Your Trust Hair Salon Kiosk Supplier in China OUYEE is dedicated to delighting every client. Our expert [&hellip;]<\/p>\n","protected":false},"author":1,"featured_media":0,"parent":0,"menu_order":0,"comment_status":"closed","ping_status":"closed","template":"","meta":{"_acf_changed":false,"footnotes":""},"class_list":["post-840","page","type-page","status-publish","hentry"],"acf":[],"_links":{"self":[{"href":"https:\/\/oydisplay.com\/pt\/wp-json\/wp\/v2\/pages\/840","targetHints":{"allow":["GET"]}}],"collection":[{"href":"https:\/\/oydisplay.com\/pt\/wp-json\/wp\/v2\/pages"}],"about":[{"href":"https:\/\/oydisplay.com\/pt\/wp-json\/wp\/v2\/types\/page"}],"author":[{"embeddable":true,"href":"https:\/\/oydisplay.com\/pt\/wp-json\/wp\/v2\/users\/1"}],"replies":[{"embeddable":true,"href":"https:\/\/oydisplay.com\/pt\/wp-json\/wp\/v2\/comments?post=840"}],"version-history":[{"count":25,"href":"https:\/\/oydisplay.com\/pt\/wp-json\/wp\/v2\/pages\/840\/revisions"}],"predecessor-version":[{"id":6584,"href":"https:\/\/oydisplay.com\/pt\/wp-json\/wp\/v2\/pages\/840\/revisions\/6584"}],"wp:attachment":[{"href":"https:\/\/oydisplay.com\/pt\/wp-json\/wp\/v2\/media?parent=840"}],"curies":[{"name":"wp","href":"https:\/\/api.w.org\/{rel}","templated":true}]}}