{"id":2280,"date":"2025-04-16T09:59:25","date_gmt":"2025-04-16T01:59:25","guid":{"rendered":"https:\/\/oydisplay.com\/?page_id=2280"},"modified":"2025-04-16T10:02:20","modified_gmt":"2025-04-16T02:02:20","slug":"terms","status":"publish","type":"page","link":"https:\/\/oydisplay.com\/it\/terms\/","title":{"rendered":"\u00a0Termini"},"content":{"rendered":"<div data-elementor-type=\"wp-page\" data-elementor-id=\"2280\" class=\"elementor elementor-2280\" data-elementor-post-type=\"page\">\n\t\t\t\t<div class=\"elementor-element elementor-element-cf0fc9c e-flex e-con-boxed e-con e-parent\" data-id=\"cf0fc9c\" data-element_type=\"container\" data-e-type=\"container\">\n\t\t\t\t\t<div class=\"e-con-inner\">\n\t\t\t\t<div class=\"elementor-element elementor-element-da7ba20 elementor-widget elementor-widget-text-editor\" data-id=\"da7ba20\" data-element_type=\"widget\" data-e-type=\"widget\" data-widget_type=\"text-editor.default\">\n\t\t\t\t<div class=\"elementor-widget-container\">\n\t\t\t\t\t\t\t\t\t<h1>Termini e Condizioni<\/h1><p>Ultimo aggiornamento: 16 aprile 2025<\/p><p>Si prega di leggere attentamente questi termini e condizioni prima di utilizzare il Nostro Servizio.<\/p><h2>Interpretazione e Definizioni<\/h2><h3>Interpretazione<\/h3><p>Le parole di cui la lettera iniziale \u00e8 maiuscola hanno significati definiti nelle seguenti condizioni. Le definizioni seguenti avranno lo stesso significato indipendentemente dal fatto che appaiano al singolare o al plurale.<\/p><h3>Definizioni<\/h3><p>Ai fini di questi Termini e Condizioni:<\/p><ul><li><p><strong>Affiliato<\/strong> significa un'entit\u00e0 che controlla, \u00e8 controllata da o \u00e8 sotto il controllo comune di una parte, dove \u201ccontrollo\u201d significa propriet\u00e0 del 50% o pi\u00f9 delle azioni, interessi azionari o altri titoli con diritto di voto per l'elezione di direttori o altra autorit\u00e0 di gestione.<\/p><\/li><li><p><strong>Paese<\/strong> si riferisce a: Italia<\/p><\/li><li><p><strong>Azienda<\/strong> (riferita come \u201cl'Azienda\u201d, \u201cNoi\u201d, \u201cCi\u201d o \u201cNostro\u201d in questo Accordo) si riferisce a Ouyee Display.<\/p><\/li><li><p><strong>Dispositivo<\/strong> qualsiasi dispositivo che pu\u00f2 accedere al Servizio come un computer, un cellulare o un tablet digitale.<\/p><\/li><li><p><strong>Servizio<\/strong> si riferisce al Sito Web.<\/p><\/li><li><p><strong>Termini e Condizioni<\/strong> (noto anche come \u201cTermini\u201d) si intendono questi Termini e Condizioni che costituiscono l'intero accordo tra Lei e la Societ\u00e0 riguardo all'uso del Servizio.<\/p><\/li><li><p><strong>Servizio di Social Media di Terze Parti<\/strong> significa qualsiasi servizio o contenuto (inclusi dati, informazioni, prodotti o servizi) fornito da una terza parte che pu\u00f2 essere visualizzato, incluso o reso disponibile dal Servizio.<\/p><\/li><li><p><strong>Sito Web<\/strong> si riferisce a Ouyee Display, accessibile da <a href=\"https:\/\/oydisplay.com\/it\/\" target=\"_blank\" rel=\"external nofollow noopener\">https:\/\/oydisplay.com\/<\/a><\/p><\/li><li><p><strong>Tu<\/strong> significa l'individuo che accede o utilizza il Servizio, o la societ\u00e0, o altra entit\u00e0 legale per conto della quale tale individuo accede o utilizza il Servizio, come applicabile.<\/p><\/li><\/ul><h2>Riconoscimento<\/h2><p>Questi sono i Termini e Condizioni che regolano l'uso di questo Servizio e l'accordo che opera tra Lei e la Societ\u00e0. Questi Termini e Condizioni stabiliscono i diritti e gli obblighi di tutti gli utenti riguardo all'uso del Servizio.<\/p><p>Il Suo accesso e utilizzo del Servizio sono condizionati al Suo accettamento e rispetto di questi Termini e Condizioni. Questi Termini e Condizioni si applicano a tutti i visitatori, utenti e altri che accedono o utilizzano il Servizio.<\/p><p>Accedendo o utilizzando il Servizio Lei accetta di essere vincolato da questi Termini e Condizioni. Se non \u00e8 d'accordo con una qualsiasi parte di questi Termini e Condizioni, non pu\u00f2 accedere al Servizio.<\/p><p>Dichiara di avere pi\u00f9 di 18 anni. La Societ\u00e0 non consente a chi ha meno di 18 anni di utilizzare il Servizio.<\/p><p>Il Suo accesso e utilizzo del Servizio sono anche condizionati al Suo accettamento e rispetto dell'Informativa sulla Privacy della Societ\u00e0. La nostra Informativa sulla Privacy descrive le nostre politiche e procedure sulla raccolta, l'uso e la divulgazione delle Sue informazioni personali quando utilizza l'Applicazione o il Sito Web e Le informa sui Suoi diritti sulla privacy e su come la legge La protegge. Si prega di leggere attentamente la nostra Informativa sulla Privacy prima di utilizzare il Nostro Servizio.<\/p><h2>Link ad altri siti web<\/h2><p>Il Nostro Servizio pu\u00f2 contenere link a siti web o servizi di terze parti che non sono di propriet\u00e0 o controllati dalla Societ\u00e0.<\/p><p>La Societ\u00e0 non ha controllo e non si assume alcuna responsabilit\u00e0 per i contenuti, le politiche sulla privacy o le pratiche di qualsiasi sito web o servizio di terze parti. Inoltre, riconosce e accetta che la Societ\u00e0 non sar\u00e0 responsabile, direttamente o indirettamente, di eventuali danni o perdite causati o presunti causati dall'uso o dall'affidamento a tali contenuti, beni o servizi disponibili su o tramite tali siti o servizi.<\/p><p>Consigliamo vivamente di leggere i termini e le condizioni e le politiche sulla privacy di qualsiasi sito web o servizio di terze parti che visita.<\/p><h2>Risoluzione<\/h2><p>Potremmo terminare o sospendere il Suo accesso immediatamente, senza preavviso o responsabilit\u00e0, per qualsiasi motivo, incluso senza limitazioni se viola questi Termini e Condizioni.<\/p><p>Alla risoluzione, il Suo diritto di utilizzare il Servizio cesser\u00e0 immediatamente.<\/p><h2>Limitazione di Responsabilit\u00e0<\/h2><p>Fermo restando qualsiasi danno che Lei possa subire, la responsabilit\u00e0 totale della Societ\u00e0 e di qualsiasi suo fornitore ai sensi di qualsiasi disposizione di questi Termini e la Sua soluzione esclusiva per tutto quanto sopra sar\u00e0 limitata all'importo effettivamente pagato da Lei tramite il Servizio o 100 USD se non ha acquistato nulla tramite il Servizio.<\/p><p>Nella misura massima consentita dalla legge applicabile, in nessun caso la Societ\u00e0 o i suoi fornitori saranno responsabili di danni speciali, incidentali, indiretti o consequenziali di qualsiasi tipo (inclusi, ma non limitati a, danni per perdita di profitti, perdita di dati o altre informazioni, interruzione dell'attivit\u00e0, lesioni personali, perdita di privacy derivanti dall'uso o dall'impossibilit\u00e0 di usare il Servizio, software di terze parti e\/o hardware di terze parti utilizzati con il Servizio, o in altro modo in relazione a qualsiasi disposizione di questi Termini), anche se la Societ\u00e0 o un fornitore \u00e8 stato avvisato della possibilit\u00e0 di tali danni e anche se il rimedio fallisce nel suo scopo essenziale.<\/p><p>Alcuni stati non consentono l'esclusione di garanzie implicite o la limitazione della responsabilit\u00e0 per danni incidentali o consequenziali, il che significa che alcune delle limitazioni sopra potrebbero non applicarsi. In questi stati, la responsabilit\u00e0 di ciascuna parte sar\u00e0 limitata nella misura massima consentita dalla legge.<\/p><h2>\u201cDichiarazione di \u201dCOME \u00c8\u201c e \u201dCOME DISPONIBILE\u201d<\/h2><p>Il Servizio viene fornito a Lei \u201cCOME \u00c8\u201d e \u201cCOME DISPONIBILE\u201d e con tutti i difetti e le imperfezioni senza alcuna garanzia di alcun tipo. Nella misura massima consentita dalla legge applicabile, la Societ\u00e0, per conto proprio e per conto delle sue Affiliate e dei rispettivi licenzianti e fornitori di servizi, declina espressamente tutte le garanzie, espresse, implicite, statutarie o di altro tipo, riguardo al Servizio, comprese tutte le garanzie implicite di commerciabilit\u00e0, idoneit\u00e0 a uno scopo particolare, titolo e non violazione, e garanzie che possano derivare dal corso degli affari, dal corso delle prestazioni, dall'uso o dalla pratica commerciale. Senza limitare quanto sopra, la Societ\u00e0 non garantisce n\u00e9 si impegna, e non fa alcuna dichiarazione di alcun tipo che il Servizio soddisfer\u00e0 le Sue esigenze, raggiunger\u00e0 risultati previsti, sar\u00e0 compatibile o funzioner\u00e0 con altri software, applicazioni, sistemi o servizi, operer\u00e0 senza interruzioni, soddisfer\u00e0 standard di prestazioni o affidabilit\u00e0 o sar\u00e0 privo di errori o che eventuali errori o difetti possano o saranno corretti.<\/p><p>Senza limitare quanto sopra, n\u00e9 la Societ\u00e0 n\u00e9 alcuno dei fornitori della societ\u00e0 fanno alcuna dichiarazione o garanzia di alcun tipo, espressa o implicita: (i) circa il funzionamento o la disponibilit\u00e0 del Servizio, o le informazioni, i contenuti e i materiali o i prodotti inclusi; (ii) che il Servizio sar\u00e0 ininterrotto o privo di errori; (iii) circa l'accuratezza, l'affidabilit\u00e0 o l'aggiornamento di qualsiasi informazione o contenuto fornito tramite il Servizio; o (iv) che il Servizio, i suoi server, i contenuti o le email inviate da o per conto della Societ\u00e0 siano privi di virus, script, cavalli di Troia, worm, malware, bombe a orologeria o altri componenti dannosi.<\/p><p>Alcune giurisdizioni non consentono l'esclusione di determinati tipi di garanzie o limitazioni sui diritti statutari applicabili di un consumatore, quindi alcune o tutte le esclusioni e limitazioni sopra potrebbero non applicarsi a Lei. Ma in tal caso, le esclusioni e le limitazioni stabilite in questa sezione saranno applicate nella misura massima perseguibile ai sensi della legge applicabile.<\/p><h2>Legge applicabile<\/h2><p>Le leggi della Regione, escludendo le sue regole sul conflitto di leggi, regoleranno questi Termini e il Suo utilizzo del Servizio. Il Suo utilizzo dell'Applicazione potrebbe anche essere soggetto ad altre leggi locali, statali, nazionali o internazionali.<\/p><h2>Risoluzione delle controversie<\/h2><p>Se ha qualsiasi preoccupazione o controversia riguardo al Servizio, si impegna innanzitutto a cercare di risolvere informalmente la controversia contattando la Societ\u00e0.<\/p><h2>Per gli utenti dell'Unione Europea (UE)<\/h2><p>Se \u00e8 un consumatore dell'Unione Europea, beneficer\u00e0 di tutte le disposizioni obbligatorie della legge del paese in cui risiede.<\/p><h2>Conformit\u00e0 legale<\/h2><p>Dichiara e garantisce che (i) non si trova in un paese soggetto a embargo del governo olandese, o che \u00e8 stato designato dal governo olandese come paese di \u201csupporto al terrorismo\u201d, e (ii) non \u00e8 inserito in alcun elenco del governo olandese di soggetti proibiti o restritti.<\/p><h2>Separabilit\u00e0 e Rinuncia<\/h2><h3>Separabilit\u00e0<\/h3><p>Se una qualsiasi disposizione di questi Termini viene ritenuta non applicabile o invalida, tale disposizione sar\u00e0 modificata e interpretata per conseguire gli obiettivi di tale disposizione nel modo pi\u00f9 ampio possibile ai sensi della legge applicabile e le restanti disposizioni continueranno in pieno vigore ed efficacia.<\/p><h3>Rinuncia<\/h3><p>Fatte salve le disposizioni qui previste, il mancato esercizio di un diritto o il mancato adempimento di un obbligo ai sensi di questi Termini non influir\u00e0 sulla possibilit\u00e0 di esercitare tale diritto o di richiedere tale adempimento in qualsiasi momento successivo, n\u00e9 la rinuncia a una violazione costituir\u00e0 rinuncia a qualsiasi violazione successiva.<\/p><h2>Interpretazione della Traduzione<\/h2><p>Questi Termini e Condizioni potrebbero essere stati tradotti se li abbiamo resi disponibili sul nostro Servizio.<br \/>Concordi che il testo originale in inglese prevarr\u00e0 in caso di controversia.<\/p><h2>Modifiche a Questi Termini e Condizioni<\/h2><p>Ci riserviamo il diritto, a nostra esclusiva discrezione, di modificare o sostituire questi Termini in qualsiasi momento. Se una revisione \u00e8 sostanziale, faremo sforzi ragionevoli per fornire almeno 30 giorni di preavviso prima che entrino in vigore i nuovi termini. Ci\u00f2 che costituisce una modifica sostanziale sar\u00e0 determinato a nostra esclusiva discrezione.<\/p><p>Continuando ad accedere o utilizzare il nostro Servizio dopo che tali revisioni sono diventate efficaci, accetti di essere vincolato dai termini rivisti. Se non accetti i nuovi termini, in tutto o in parte, ti preghiamo di interrompere l'uso del sito web e del Servizio.<\/p><h2>Contattaci<\/h2><p>Se hai domande su questi Termini e Condizioni, puoi contattarci:<\/p><ul><li>Per email: <a href=\"mailto:gzouyeedisplay@gmail.com\">gzouyeedisplay@gmail.com<\/a><\/li><\/ul>\t\t\t\t\t\t\t\t<\/div>\n\t\t\t\t<\/div>\n\t\t\t\t\t<\/div>\n\t\t\t\t<\/div>\n\t\t\t\t<\/div>","protected":false},"excerpt":{"rendered":"<p>Terms and Conditions Last updated: April 16, 2025 Please read these terms and conditions carefully before using Our Service. Interpretation and Definitions Interpretation The words of which the initial letter is capitalized have meanings defined under the following conditions. The following definitions shall have the same meaning regardless of whether they appear in singular or [&hellip;]<\/p>\n","protected":false},"author":1,"featured_media":0,"parent":0,"menu_order":0,"comment_status":"closed","ping_status":"closed","template":"","meta":{"_acf_changed":false,"footnotes":""},"class_list":["post-2280","page","type-page","status-publish","hentry"],"acf":[],"_links":{"self":[{"href":"https:\/\/oydisplay.com\/it\/wp-json\/wp\/v2\/pages\/2280","targetHints":{"allow":["GET"]}}],"collection":[{"href":"https:\/\/oydisplay.com\/it\/wp-json\/wp\/v2\/pages"}],"about":[{"href":"https:\/\/oydisplay.com\/it\/wp-json\/wp\/v2\/types\/page"}],"author":[{"embeddable":true,"href":"https:\/\/oydisplay.com\/it\/wp-json\/wp\/v2\/users\/1"}],"replies":[{"embeddable":true,"href":"https:\/\/oydisplay.com\/it\/wp-json\/wp\/v2\/comments?post=2280"}],"version-history":[{"count":8,"href":"https:\/\/oydisplay.com\/it\/wp-json\/wp\/v2\/pages\/2280\/revisions"}],"predecessor-version":[{"id":6287,"href":"https:\/\/oydisplay.com\/it\/wp-json\/wp\/v2\/pages\/2280\/revisions\/6287"}],"wp:attachment":[{"href":"https:\/\/oydisplay.com\/it\/wp-json\/wp\/v2\/media?parent=2280"}],"curies":[{"name":"wp","href":"https:\/\/api.w.org\/{rel}","templated":true}]}}