{"id":2271,"date":"2025-04-16T09:55:33","date_gmt":"2025-04-16T01:55:33","guid":{"rendered":"https:\/\/oydisplay.com\/?page_id=2271"},"modified":"2025-04-16T09:58:30","modified_gmt":"2025-04-16T01:58:30","slug":"privacy","status":"publish","type":"page","link":"https:\/\/oydisplay.com\/it\/privacy\/","title":{"rendered":"Privacy"},"content":{"rendered":"<div data-elementor-type=\"wp-page\" data-elementor-id=\"2271\" class=\"elementor elementor-2271\" data-elementor-post-type=\"page\">\n\t\t\t\t<div class=\"elementor-element elementor-element-b7a0fad e-flex e-con-boxed e-con e-parent\" data-id=\"b7a0fad\" data-element_type=\"container\" data-e-type=\"container\">\n\t\t\t\t\t<div class=\"e-con-inner\">\n\t\t\t\t<div class=\"elementor-element elementor-element-90b73b8 elementor-widget elementor-widget-text-editor\" data-id=\"90b73b8\" data-element_type=\"widget\" data-e-type=\"widget\" data-widget_type=\"text-editor.default\">\n\t\t\t\t<div class=\"elementor-widget-container\">\n\t\t\t\t\t\t\t\t\t<h1>Politica sulla Privacy<\/h1><p>Ultimo aggiornamento: 16 aprile 2025<\/p><p>Questa Politica sulla Privacy descrive le nostre politiche e procedure sulla raccolta, l'uso e la divulgazione delle tue informazioni quando utilizzi il Servizio e ti informa sui tuoi diritti sulla privacy e su come la legge ti protegge.<\/p><p>Utilizziamo i tuoi dati personali per fornire e migliorare il Servizio. Utilizzando il Servizio, acconsenti alla raccolta e all'uso delle informazioni in conformit\u00e0 con questa Politica sulla Privacy.<\/p><h2>Interpretazione e Definizioni<\/h2><h3>Interpretazione<\/h3><p>Le parole di cui la lettera iniziale \u00e8 maiuscola hanno significati definiti nelle seguenti condizioni. Le definizioni seguenti avranno lo stesso significato indipendentemente dal fatto che appaiano al singolare o al plurale.<\/p><h3>Definizioni<\/h3><p>Ai fini di questa Politica sulla Privacy:<\/p><ul><li><p><strong>Account<\/strong> significa un account unico creato per te per accedere al nostro Servizio o a parti del nostro Servizio.<\/p><\/li><li><p><strong>Affiliato<\/strong> significa un'entit\u00e0 che controlla, \u00e8 controllata da o \u00e8 sotto il controllo comune di una parte, dove \u201ccontrollo\u201d significa propriet\u00e0 del 50% o pi\u00f9 delle azioni, interessi azionari o altri titoli con diritto di voto per l'elezione di direttori o altra autorit\u00e0 di gestione.<\/p><\/li><li><p><strong>Azienda<\/strong> (riferita come \u201cl'Azienda\u201d, \u201cNoi\u201d, \u201cCi\u201d o \u201cNostro\u201d in questo Accordo) si riferisce a Ouyee Display.<\/p><\/li><li><p><strong>Cookie<\/strong> sono piccoli file che vengono posizionati sul tuo computer, dispositivo mobile o qualsiasi altro dispositivo da un sito web, contenenti i dettagli della tua cronologia di navigazione su quel sito tra i suoi molteplici usi.<\/p><\/li><li><p><strong>Paese<\/strong> si riferisce a: Italia<\/p><\/li><li><p><strong>Dispositivo<\/strong> qualsiasi dispositivo che pu\u00f2 accedere al Servizio come un computer, un cellulare o un tablet digitale.<\/p><\/li><li><p><strong>Dati Personali<\/strong> sono qualsiasi informazione che si riferisce a una persona identificata o identificabile.<\/p><\/li><li><p><strong>Servizio<\/strong> si riferisce al Sito Web.<\/p><\/li><li><p><strong>Fornitore di Servizi<\/strong> significa qualsiasi persona fisica o giuridica che elabora i dati per conto della Societ\u00e0. Si riferisce a aziende o individui terzi impiegati dalla Societ\u00e0 per facilitare il Servizio, fornire il Servizio per conto della Societ\u00e0, eseguire servizi correlati al Servizio o assistere la Societ\u00e0 nell'analizzare come viene utilizzato il Servizio.<\/p><\/li><li><p><strong>Dati di Utilizzo<\/strong> si riferisce ai dati raccolti automaticamente, generati dall'uso del Servizio o dall'infrastruttura stessa del Servizio (ad esempio, la durata di una visita a una pagina).<\/p><\/li><li><p><strong>Sito Web<\/strong> si riferisce a Ouyee Display, accessibile da <a href=\"https:\/\/oydisplay.com\/it\/\" target=\"_blank\" rel=\"external nofollow noopener\">https:\/\/oydisplay.com\/<\/a><\/p><\/li><li><p><strong>Tu<\/strong> significa l'individuo che accede o utilizza il Servizio, o la societ\u00e0, o altra entit\u00e0 legale per conto della quale tale individuo accede o utilizza il Servizio, come applicabile.<\/p><\/li><\/ul><h2>Raccolta e Utilizzo dei Tuoi Dati Personali<\/h2><h3>Tipi di Dati Raccolti<\/h3><h4>Dati Personali<\/h4><p>Durante l'uso del Nostro Servizio, potremmo chiederti di fornirci alcune informazioni personali identificabili che possono essere utilizzate per contattarti o identificarti. Le informazioni personali identificabili possono includere, ma non sono limitate a:<\/p><ul><li><p>Indirizzo email<\/p><\/li><li><p>Nome e cognome<\/p><\/li><li><p>Numero di telefono<\/p><\/li><li><p>Dati di Utilizzo<\/p><\/li><\/ul><h4>Dati di Utilizzo<\/h4><p>I Dati di Utilizzo vengono raccolti automaticamente durante l'uso del Servizio.<\/p><p>I dati di utilizzo possono includere informazioni come l'indirizzo IP del tuo dispositivo (ad esempio, indirizzo IP), tipo di browser, versione del browser, le pagine del nostro Servizio che visiti, data e ora della visita, tempo trascorso su quelle pagine, identificativi unici del dispositivo e altri dati diagnostici.<\/p><p>Quando accedi al Servizio tramite o attraverso un dispositivo mobile, potremmo raccogliere automaticamente alcune informazioni, tra cui, ma non solo, il tipo di dispositivo mobile che utilizzi, l'ID univoco del tuo dispositivo mobile, l'indirizzo IP del tuo dispositivo mobile, il sistema operativo del tuo dispositivo mobile, il tipo di browser Internet mobile che utilizzi, identificativi unici del dispositivo e altri dati diagnostici.<\/p><p>Potremmo anche raccogliere informazioni che il tuo browser invia ogni volta che visiti il nostro Servizio o quando accedi al Servizio tramite un dispositivo mobile.<\/p><h4>Tecnologie di Tracciamento e Cookie<\/h4><p>Utilizziamo Cookie e tecnologie di tracciamento simili per monitorare l'attivit\u00e0 sul nostro Servizio e memorizzare determinate informazioni. Le tecnologie di tracciamento utilizzate sono beacon, tag e script per raccogliere e tracciare informazioni e per migliorare e analizzare il nostro Servizio. Le tecnologie che utilizziamo possono includere:<\/p><ul><li><strong>Cookie o Cookie del Browser.<\/strong> Un cookie \u00e8 un piccolo file posizionato sul tuo dispositivo. Puoi istruirlo a rifiutare tutti i Cookie o a indicare quando viene inviato un Cookie. Tuttavia, se non accetti i Cookie, potresti non essere in grado di utilizzare alcune parti del nostro Servizio. A meno che tu non abbia modificato le impostazioni del browser affinch\u00e9 rifiuti i Cookie, il nostro Servizio potrebbe utilizzare Cookie.<\/li><li><strong>Beacon Web.<\/strong> Alcune sezioni del nostro Servizio e le nostre email possono contenere piccoli file elettronici noti come beacon web (noto anche come gif trasparenti, tag pixel e gif a singolo pixel) che permettono all'azienda, ad esempio, di contare gli utenti che hanno visitato quelle pagine o aperto un'email e per altre statistiche correlate al sito web (ad esempio, registrare la popolarit\u00e0 di una certa sezione e verificare l'integrit\u00e0 del sistema e del server).<\/li><\/ul><p>I Cookie possono essere \u201cPersistenti\u201d o \u201cSessione\u201d. I Cookie Persistenti rimangono sul tuo computer personale o dispositivo mobile quando sei offline, mentre i Cookie di Sessione vengono eliminati non appena chiudi il browser web.<\/p><p>Utilizziamo sia Cookie di Sessione che Cookie Persistenti per le finalit\u00e0 di seguito indicate:<\/p><ul><li><p><strong>Cookie Necessari \/ Essenziali<\/strong><\/p><p>Tipo: Cookie di Sessione<\/p><p>Gestiti da: Noi<\/p><p>Scopo: Questi Cookie sono essenziali per fornirti i servizi disponibili tramite il Sito Web e per consentirti di utilizzare alcune sue funzionalit\u00e0. Aiutano ad autenticare gli utenti e prevenire l'uso fraudolento degli account utente. Senza questi Cookie, i servizi richiesti non possono essere forniti, e utilizziamo solo questi Cookie per fornirti tali servizi.<\/p><\/li><li><p><strong>Cookie di Policy \/ Notifica di Accettazione Cookies<\/strong><\/p><p>Tipo: Cookie Persistenti<\/p><p>Gestiti da: Noi<\/p><p>Scopo: Questi Cookie identificano se gli utenti hanno accettato l'uso dei cookie sul Sito Web.<\/p><\/li><li><p><strong>Cookie di Funzionalit\u00e0<\/strong><\/p><p>Tipo: Cookie Persistenti<\/p><p>Gestiti da: Noi<\/p><p>Scopo: Questi Cookie ci permettono di ricordare le scelte che fai quando utilizzi il Sito Web, come ricordare i dettagli di accesso o la preferenza di lingua. Lo scopo di questi Cookie \u00e8 offrirti un'esperienza pi\u00f9 personalizzata e evitarti di dover reinserire le tue preferenze ogni volta che utilizzi il Sito Web.<\/p><\/li><\/ul><p>Per ulteriori informazioni sui cookie che utilizziamo e sulle tue scelte riguardo ai cookie, ti preghiamo di visitare la nostra Politica sui Cookie o la sezione Cookie della nostra Politica sulla Privacy.<\/p><h3>Utilizzo dei Tuoi Dati Personali<\/h3><p>L'Azienda pu\u00f2 utilizzare i Dati Personali per i seguenti scopi:<\/p><ul><li><p><strong>Per fornire e mantenere il nostro Servizio<\/strong>, incluso monitorare l'uso del nostro Servizio.<\/p><\/li><li><p><strong>Per gestire il Tuo Account:<\/strong> per gestire la tua registrazione come utente del Servizio. I Dati Personali che fornisci possono darti accesso a diverse funzionalit\u00e0 del Servizio disponibili per te come utente registrato.<\/p><\/li><li><p><strong>Per l'esecuzione di un contratto:<\/strong> lo sviluppo, la conformit\u00e0 e l'esecuzione del contratto di acquisto per i prodotti, gli articoli o i servizi che hai acquistato o di qualsiasi altro contratto con noi tramite il Servizio.<\/p><\/li><li><p><strong>Per contattarti:<\/strong> Per contattarti tramite email, chiamate telefoniche, SMS o altre forme equivalenti di comunicazione elettronica, come le notifiche push di un'applicazione mobile riguardanti aggiornamenti o comunicazioni informative relative alle funzionalit\u00e0, ai prodotti o ai servizi contrattati, inclusi gli aggiornamenti di sicurezza, quando necessario o ragionevole per la loro implementazione.<\/p><\/li><li><p><strong>Per fornirti<\/strong> notizie, offerte speciali e informazioni generali su altri beni, servizi ed eventi che offriamo e che sono simili a quelli che hai gi\u00e0 acquistato o richiesto, a meno che tu non abbia scelto di non ricevere tali informazioni.<\/p><\/li><li><p><strong>Per gestire le Tue richieste:<\/strong> Per assistere e gestire le tue richieste nei nostri confronti.<\/p><\/li><li><p><strong>Per trasferimenti aziendali:<\/strong> Potremmo utilizzare le tue informazioni per valutare o condurre una fusione, cessione, ristrutturazione, riorganizzazione, scioglimento o altra vendita o trasferimento di alcuni o tutti i nostri beni, sia come impresa in funzionamento che come parte di fallimento, liquidazione o procedimento simile, in cui i Dati Personali in nostro possesso riguardanti gli utenti del nostro Servizio sono tra i beni trasferiti.<\/p><\/li><li><p><strong>Per altri scopi<\/strong>: Potremmo utilizzare le tue informazioni per altri scopi, come analisi dei dati, identificazione delle tendenze di utilizzo, valutazione dell'efficacia delle nostre campagne promozionali e per valutare e migliorare il nostro Servizio, prodotti, servizi, marketing e la tua esperienza.<\/p><\/li><\/ul><p>Potremmo condividere le tue informazioni personali nelle seguenti situazioni:<\/p><ul><li><strong>Con Fornitori di Servizi:<\/strong> Potremmo condividere le Tue informazioni personali con i Fornitori di Servizi per monitorare e analizzare l'uso del nostro Servizio, per contattarti.<\/li><li><strong>Per trasferimenti aziendali:<\/strong> Potremmo condividere o trasferire le Tue informazioni personali in relazione a, o durante negoziazioni di, qualsiasi fusione, vendita di beni dell'azienda, finanziamento o acquisizione di tutto o parte della nostra attivit\u00e0 a un'altra societ\u00e0.<\/li><li><strong>Con Affiliati:<\/strong> Potremmo condividere le Tue informazioni con i nostri affiliati, nel qual caso richiederemo a tali affiliati di rispettare questa Informativa sulla Privacy. Gli affiliati includono la nostra societ\u00e0 madre e qualsiasi altra controllata, partner di joint venture o altre societ\u00e0 che controlliamo o che sono sotto controllo comune con noi.<\/li><li><strong>Con partner commerciali:<\/strong> Potremmo condividere le Tue informazioni con i nostri partner commerciali per offrirti determinati prodotti, servizi o promozioni.<\/li><li><strong>Con altri utenti:<\/strong> quando condividi informazioni personali o interagisci in altro modo nelle aree pubbliche con altri utenti, tali informazioni possono essere visualizzate da tutti gli utenti e possono essere distribuite pubblicamente all'esterno.<\/li><li><strong>Con il tuo consenso<\/strong>: Possiamo divulgare le tue informazioni personali per qualsiasi altro scopo con il tuo consenso.<\/li><\/ul><h3>Conservazione dei Tuoi Dati Personali<\/h3><p>La Societ\u00e0 conserver\u00e0 i Tuoi Dati Personali solo per il tempo necessario agli scopi descritti in questa Informativa sulla Privacy. Conserveremo e utilizzeremo i Tuoi Dati Personali nella misura necessaria per rispettare i nostri obblighi legali (ad esempio, se siamo tenuti a conservare i tuoi dati per conformarci alle leggi applicabili), risolvere controversie e far rispettare i nostri accordi e politiche legali.<\/p><p>La Societ\u00e0 conserver\u00e0 anche i Dati di Utilizzo per scopi di analisi interna. I Dati di Utilizzo sono generalmente conservati per un periodo di tempo pi\u00f9 breve, tranne quando questi dati vengono usati per rafforzare la sicurezza o migliorare la funzionalit\u00e0 del nostro Servizio, o quando siamo legalmente obbligati a conservarli per periodi pi\u00f9 lunghi.<\/p><h3>Trasferimento dei Tuoi Dati Personali<\/h3><p>Le tue informazioni, inclusi i Dati Personali, vengono trattate presso le sedi operative della Societ\u00e0 e in qualsiasi altro luogo in cui le parti coinvolte nel trattamento si trovino. Ci\u00f2 significa che queste informazioni possono essere trasferite \u2014 e conservate su \u2014 computer situati al di fuori del tuo stato, provincia, paese o altra giurisdizione governativa in cui le leggi sulla protezione dei dati potrebbero differire da quelle della tua giurisdizione.<\/p><p>Il tuo consenso a questa Informativa sulla Privacy, seguito dalla tua presentazione di tali informazioni, rappresenta il tuo accordo a tale trasferimento.<\/p><p>La Societ\u00e0 adotter\u00e0 tutte le misure ragionevolmente necessarie per garantire che i tuoi dati siano trattati in modo sicuro e in conformit\u00e0 con questa Informativa sulla Privacy e nessun trasferimento dei tuoi Dati Personali avverr\u00e0 a un'organizzazione o a un paese a meno che non siano in atto controlli adeguati, inclusa la sicurezza dei tuoi dati e altre informazioni personali.<\/p><h3>Elimina i Tuoi Dati Personali<\/h3><p>Hai il diritto di eliminare o richiedere che ti assistiamo nell'eliminazione dei Dati Personali che abbiamo raccolto su di te.<\/p><p>Il nostro Servizio potrebbe offrirti la possibilit\u00e0 di eliminare alcune informazioni su di te all'interno del Servizio.<\/p><p>Puoi aggiornare, modificare o eliminare le tue informazioni in qualsiasi momento accedendo al Tuo Account, se ne hai uno, e visitando la sezione delle impostazioni dell'account che ti consente di gestire le tue informazioni personali. Puoi anche contattarci per richiedere l'accesso, la correzione o l'eliminazione di qualsiasi informazione personale che ci hai fornito.<\/p><p>Ti preghiamo di notare, tuttavia, che potremmo dover conservare alcune informazioni quando abbiamo un obbligo legale o una base lecita per farlo.<\/p><h3>Divulgazione dei Tuoi Dati Personali<\/h3><h4>Transazioni Commerciali<\/h4><p>Se l'Azienda \u00e8 coinvolta in una fusione, acquisizione o vendita di beni, i Tuoi Dati Personali potrebbero essere trasferiti. Ti forniremo un avviso prima che i Tuoi Dati Personali siano trasferiti e diventino soggetti a una Politica sulla Privacy diversa.<\/p><h4>Forze dell'ordine<\/h4><p>In determinate circostanze, l'Azienda potrebbe essere tenuta a divulgare i Tuoi Dati Personali se richiesto dalla legge o in risposta a richieste valide da parte delle autorit\u00e0 pubbliche (ad esempio un tribunale o un'agenzia governativa).<\/p><h4>Altri requisiti legali<\/h4><p>L'Azienda pu\u00f2 divulgare i Tuoi Dati Personali in buona fede, ritenendo che tale azione sia necessaria per:<\/p><ul><li>Rispettare un obbligo legale<\/li><li>Proteggere e difendere i diritti o la propriet\u00e0 dell'Azienda<\/li><li>Prevenire o indagare su possibili illeciti in relazione al Servizio<\/li><li>Proteggere la sicurezza personale degli Utenti del Servizio o del pubblico<\/li><li>Proteggersi da responsabilit\u00e0 legale<\/li><\/ul><h3>Sicurezza dei Tuoi Dati Personali<\/h3><p>La sicurezza dei Tuoi Dati Personali \u00e8 importante per Noi, ma ricorda che nessun metodo di trasmissione su Internet o metodo di archiviazione elettronica \u00e8 completamente sicuro. Pur impegnandoci a utilizzare mezzi commercialmente accettabili per proteggere i Tuoi Dati Personali, non possiamo garantirne la sicurezza assoluta.<\/p><h2>Privacy dei Minori<\/h2><p>Il nostro Servizio non si rivolge a nessuno sotto i 13 anni. Non raccogliamo consapevolmente informazioni personali identificabili da chiunque abbia meno di 13 anni. Se sei un genitore o tutore e sei consapevole che tuo figlio ci ha fornito Dati Personali, ti preghiamo di contattarci. Se veniamo a conoscenza che abbiamo raccolto Dati Personali da qualcuno sotto i 13 anni senza verifica del consenso genitoriale, adottiamo misure per rimuovere tali informazioni dai nostri server.<\/p><p>Se dobbiamo fare affidamento sul consenso come base legale per trattare le tue informazioni e il tuo paese richiede il consenso di un genitore, potremmo richiedere il consenso del genitore prima di raccogliere e utilizzare tali informazioni.<\/p><h2>Link ad altri siti web<\/h2><p>Il nostro servizio pu\u00f2 contenere link ad altri siti web che non sono gestiti da noi. Se clicchi su un link di terze parti, verrai reindirizzato al sito di quella terza parte. Ti consigliamo vivamente di consultare l'Informativa sulla Privacy di ogni sito che visiti.<\/p><p>Non abbiamo alcun controllo e non assumiamo alcuna responsabilit\u00e0 per i contenuti, le politiche sulla privacy o le pratiche di siti o servizi di terze parti.<\/p><h2>Modifiche a questa Informativa sulla Privacy<\/h2><p>Potremmo aggiornare la nostra Informativa sulla Privacy di tanto in tanto. Ti informeremo di eventuali modifiche pubblicando la nuova Informativa sulla Privacy su questa pagina.<\/p><p>Ti informeremo via email e\/o con un avviso ben visibile sul nostro servizio, prima che la modifica diventi efficace, e aggiorneremo la data di \u201cUltimo aggiornamento\u201d in cima a questa Informativa sulla Privacy.<\/p><p>Si consiglia di rivedere periodicamente questa Informativa sulla Privacy per eventuali modifiche. Le modifiche a questa Informativa sulla Privacy sono efficaci quando vengono pubblicate su questa pagina.<\/p><h2>Contattaci<\/h2><p>Se hai domande su questa Informativa sulla Privacy, puoi contattarci:<\/p><ul><li><p>Per email: <a href=\"mailto:gzouyeedisplay@gmail.com\">gzouyeedisplay@gmail.com<\/a><\/p><\/li><li><p>Visitando questa pagina sul nostro sito web: <a href=\"https:\/\/oydisplay.com\/it\/contact\/\" target=\"_blank\" rel=\"external nofollow noopener\">https:\/\/oydisplay.com\/contact\/<\/a><\/p><\/li><li><p>Per numero di telefono: <a href=\"tel:+86 18813963880\">+86 18813963880<\/a><\/p><\/li><\/ul>\t\t\t\t\t\t\t\t<\/div>\n\t\t\t\t<\/div>\n\t\t\t\t\t<\/div>\n\t\t\t\t<\/div>\n\t\t\t\t<\/div>","protected":false},"excerpt":{"rendered":"<p>Privacy Policy Last updated: April 16, 2025 This Privacy Policy describes Our policies and procedures on the collection, use and disclosure of Your information when You use the Service and tells You about Your privacy rights and how the law protects You. We use Your Personal data to provide and improve the Service. By using [&hellip;]<\/p>\n","protected":false},"author":1,"featured_media":0,"parent":0,"menu_order":0,"comment_status":"closed","ping_status":"closed","template":"","meta":{"_acf_changed":false,"footnotes":""},"class_list":["post-2271","page","type-page","status-publish","hentry"],"acf":[],"_links":{"self":[{"href":"https:\/\/oydisplay.com\/it\/wp-json\/wp\/v2\/pages\/2271","targetHints":{"allow":["GET"]}}],"collection":[{"href":"https:\/\/oydisplay.com\/it\/wp-json\/wp\/v2\/pages"}],"about":[{"href":"https:\/\/oydisplay.com\/it\/wp-json\/wp\/v2\/types\/page"}],"author":[{"embeddable":true,"href":"https:\/\/oydisplay.com\/it\/wp-json\/wp\/v2\/users\/1"}],"replies":[{"embeddable":true,"href":"https:\/\/oydisplay.com\/it\/wp-json\/wp\/v2\/comments?post=2271"}],"version-history":[{"count":7,"href":"https:\/\/oydisplay.com\/it\/wp-json\/wp\/v2\/pages\/2271\/revisions"}],"predecessor-version":[{"id":2278,"href":"https:\/\/oydisplay.com\/it\/wp-json\/wp\/v2\/pages\/2271\/revisions\/2278"}],"wp:attachment":[{"href":"https:\/\/oydisplay.com\/it\/wp-json\/wp\/v2\/media?parent=2271"}],"curies":[{"name":"wp","href":"https:\/\/api.w.org\/{rel}","templated":true}]}}