{"id":840,"date":"2025-03-21T16:41:10","date_gmt":"2025-03-21T08:41:10","guid":{"rendered":"https:\/\/oydisplay.com\/?page_id=840"},"modified":"2025-09-03T10:13:12","modified_gmt":"2025-09-03T02:13:12","slug":"salon-kiosk-manufacturer","status":"publish","type":"page","link":"https:\/\/oydisplay.com\/fr\/salon-kiosk-manufacturer\/","title":{"rendered":"fabricant de kiosques pour salons"},"content":{"rendered":"<div data-elementor-type=\"wp-page\" data-elementor-id=\"840\" class=\"elementor elementor-840\" data-elementor-post-type=\"page\">\n\t\t\t\t<div class=\"elementor-element elementor-element-607d907f e-flex e-con-boxed e-con e-parent\" data-id=\"607d907f\" data-element_type=\"container\" data-e-type=\"container\">\n\t\t\t\t\t<div class=\"e-con-inner\">\n\t\t<div class=\"elementor-element elementor-element-2c3b00f9 e-con-full e-flex e-con e-child\" data-id=\"2c3b00f9\" data-element_type=\"container\" data-e-type=\"container\">\n\t\t\t\t<div class=\"elementor-element elementor-element-a011c61 elementor-widget elementor-widget-heading\" data-id=\"a011c61\" data-element_type=\"widget\" data-e-type=\"widget\" data-widget_type=\"heading.default\">\n\t\t\t\t<div class=\"elementor-widget-container\">\n\t\t\t\t\t<h1 class=\"elementor-heading-title elementor-size-default\">Fabricant de kiosques de salon en Chine<\/h1>\t\t\t\t<\/div>\n\t\t\t\t<\/div>\n\t\t\t\t<div class=\"elementor-element elementor-element-3188fb19 elementor-widget__width-initial elementor-widget elementor-widget-text-editor\" data-id=\"3188fb19\" data-element_type=\"widget\" data-e-type=\"widget\" data-widget_type=\"text-editor.default\">\n\t\t\t\t<div class=\"elementor-widget-container\">\n\t\t\t\t\t\t\t\t\t<p class=\"break-words\">Assurez-vous d'une qualit\u00e9 sup\u00e9rieure <strong>kiosque de salon<\/strong> pour votre entreprise avec OUYEE.<\/p><p class=\"break-words\">Nous apportons 10 ans d'expertise dans la fabrication de kiosques de salon, offrant une diversit\u00e9 de <strong>mat\u00e9riaux, de designs, de formes, de tailles, de couleurs, et plus encore<\/strong>.<\/p>\t\t\t\t\t\t\t\t<\/div>\n\t\t\t\t<\/div>\n\t\t\t\t<div class=\"elementor-element elementor-element-20c61a5f elementor-align-left e-transform elementor-widget elementor-widget-button\" data-id=\"20c61a5f\" data-element_type=\"widget\" data-e-type=\"widget\" data-settings=\"{&quot;_transform_scale_effect_hover&quot;:{&quot;unit&quot;:&quot;px&quot;,&quot;size&quot;:1.1,&quot;sizes&quot;:[]},&quot;_transform_scale_effect_hover_tablet&quot;:{&quot;unit&quot;:&quot;px&quot;,&quot;size&quot;:&quot;&quot;,&quot;sizes&quot;:[]},&quot;_transform_scale_effect_hover_mobile&quot;:{&quot;unit&quot;:&quot;px&quot;,&quot;size&quot;:&quot;&quot;,&quot;sizes&quot;:[]}}\" data-widget_type=\"button.default\">\n\t\t\t\t<div class=\"elementor-widget-container\">\n\t\t\t\t\t\t\t\t\t<div class=\"elementor-button-wrapper\">\n\t\t\t\t\t<a class=\"elementor-button elementor-button-link elementor-size-sm\" href=\"#elementor-action%3Aaction%3Dpopup%3Aopen%26settings%3DeyJpZCI6IjEzNyIsInRvZ2dsZSI6ZmFsc2V9\">\n\t\t\t\t\t\t<span class=\"elementor-button-content-wrapper\">\n\t\t\t\t\t\t\t\t\t<span class=\"elementor-button-text\">Demandez notre dernier prix<\/span>\n\t\t\t\t\t<\/span>\n\t\t\t\t\t<\/a>\n\t\t\t\t<\/div>\n\t\t\t\t\t\t\t\t<\/div>\n\t\t\t\t<\/div>\n\t\t\t\t<\/div>\n\t\t<div class=\"elementor-element elementor-element-443a47d7 e-con-full e-flex e-con e-child\" data-id=\"443a47d7\" data-element_type=\"container\" data-e-type=\"container\">\n\t\t\t\t<div class=\"elementor-element elementor-element-1d4a40be elementor-widget elementor-widget-image\" data-id=\"1d4a40be\" data-element_type=\"widget\" data-e-type=\"widget\" data-widget_type=\"image.default\">\n\t\t\t\t<div class=\"elementor-widget-container\">\n\t\t\t\t\t\t\t\t\t\t\t\t\t\t\t<img loading=\"lazy\" decoding=\"async\" width=\"800\" height=\"449\" src=\"https:\/\/oydisplay.com\/wp-content\/uploads\/2025\/09\/Salon-Kiosk-Manufacturer-Banner.jpg\" class=\"attachment-large size-large wp-image-6508\" alt=\"Fabricant de kiosques de salon \u2013 Banni\u00e8re\" srcset=\"https:\/\/oydisplay.com\/wp-content\/uploads\/2025\/09\/Salon-Kiosk-Manufacturer-Banner.jpg 1024w, https:\/\/oydisplay.com\/wp-content\/uploads\/2025\/09\/Salon-Kiosk-Manufacturer-Banner-300x168.jpg 300w, https:\/\/oydisplay.com\/wp-content\/uploads\/2025\/09\/Salon-Kiosk-Manufacturer-Banner-768x431.jpg 768w\" sizes=\"auto, (max-width: 800px) 100vw, 800px\" title=\"\">\t\t\t\t\t\t\t\t\t\t\t\t\t\t\t<\/div>\n\t\t\t\t<\/div>\n\t\t\t\t<\/div>\n\t\t\t\t\t<\/div>\n\t\t\t\t<\/div>\n\t\t<div class=\"elementor-element elementor-element-5553bca elementor-hidden-mobile e-flex e-con-boxed e-con e-parent\" data-id=\"5553bca\" data-element_type=\"container\" data-e-type=\"container\" data-settings=\"{&quot;background_background&quot;:&quot;classic&quot;}\">\n\t\t\t\t\t<div class=\"e-con-inner\">\n\t\t\t\t<div class=\"elementor-element elementor-element-aa77265 elementor-widget elementor-widget-heading\" data-id=\"aa77265\" data-element_type=\"widget\" data-e-type=\"widget\" data-widget_type=\"heading.default\">\n\t\t\t\t<div class=\"elementor-widget-container\">\n\t\t\t\t\t<h2 class=\"elementor-heading-title elementor-size-default\">Votre confiance, fournisseur de kiosques de salon en France<\/h2>\t\t\t\t<\/div>\n\t\t\t\t<\/div>\n\t\t\t\t<div class=\"elementor-element elementor-element-5831014 elementor-widget elementor-widget-text-editor\" data-id=\"5831014\" data-element_type=\"widget\" data-e-type=\"widget\" data-widget_type=\"text-editor.default\">\n\t\t\t\t<div class=\"elementor-widget-container\">\n\t\t\t\t\t\t\t\t\t<div><p class=\"break-words\">OUYEE s'engage \u00e0 satisfaire chaque client. Notre \u00e9quipe d'experts \u00e9coute attentivement vos besoins, concevant des kiosques de salon pratiques et personnalis\u00e9s. Nous utilisons du bois fin, des m\u00e9taux r\u00e9sistants, du verre sup\u00e9rieur et des mat\u00e9riaux \u00e9cologiques pour garantir une qualit\u00e9 exceptionnelle.<\/p><p class=\"break-words\">En s'appuyant sur une technologie de pointe et des processus rationalis\u00e9s, les kiosques de salon d'OUYEE allient performance exceptionnelle et prix \u00e9quitables. Notamment, notre rapidit\u00e9 de livraison nous distingue dans l'industrie.<\/p><p class=\"break-words\">Nous avons \u00e9galement mis en place un syst\u00e8me d'inspection de qualit\u00e9 robuste, garantissant que chaque kiosque de salon respecte des normes strictes.<\/p><p class=\"break-words\">Des jeunes propri\u00e9taires de salons aux entreprises \u00e9tablies recherchant un partenaire fiable, OUYEE propose des solutions de kiosques de salon parfaites en France.<\/p><\/div>\t\t\t\t\t\t\t\t<\/div>\n\t\t\t\t<\/div>\n\t\t\t\t\t<\/div>\n\t\t\t\t<\/div>\n\t\t<div class=\"elementor-element elementor-element-486e0b5 e-flex e-con-boxed e-con e-parent\" data-id=\"486e0b5\" data-element_type=\"container\" data-e-type=\"container\">\n\t\t\t\t\t<div class=\"e-con-inner\">\n\t\t<div class=\"elementor-element elementor-element-32c8887 e-con-full e-flex e-con e-child\" data-id=\"32c8887\" data-element_type=\"container\" data-e-type=\"container\">\n\t\t<div class=\"elementor-element elementor-element-ba8d359 e-con-full e-flex e-con e-child\" data-id=\"ba8d359\" data-element_type=\"container\" data-e-type=\"container\">\n\t\t\t\t<div class=\"elementor-element elementor-element-d6e2a6b elementor-widget elementor-widget-image\" data-id=\"d6e2a6b\" data-element_type=\"widget\" data-e-type=\"widget\" data-widget_type=\"image.default\">\n\t\t\t\t<div class=\"elementor-widget-container\">\n\t\t\t\t\t\t\t\t\t\t\t\t\t\t\t\t<a href=\"\/fr\/salon-kiosk-manufacturer\/barber-kiosk\/\">\n\t\t\t\t\t\t\t<img loading=\"lazy\" decoding=\"async\" width=\"480\" height=\"380\" src=\"https:\/\/oydisplay.com\/wp-content\/uploads\/2025\/03\/Barber-Kiosk.jpg\" class=\"attachment-large size-large wp-image-682\" alt=\"Kiosque de barbier\" srcset=\"https:\/\/oydisplay.com\/wp-content\/uploads\/2025\/03\/Barber-Kiosk.jpg 480w, https:\/\/oydisplay.com\/wp-content\/uploads\/2025\/03\/Barber-Kiosk-300x238.jpg 300w\" sizes=\"auto, (max-width: 480px) 100vw, 480px\" title=\"\">\t\t\t\t\t\t\t\t<\/a>\n\t\t\t\t\t\t\t\t\t\t\t\t\t\t\t<\/div>\n\t\t\t\t<\/div>\n\t\t\t\t<div class=\"elementor-element elementor-element-9634d3f elementor-widget elementor-widget-heading\" data-id=\"9634d3f\" data-element_type=\"widget\" data-e-type=\"widget\" data-widget_type=\"heading.default\">\n\t\t\t\t<div class=\"elementor-widget-container\">\n\t\t\t\t\t<h3 class=\"elementor-heading-title elementor-size-default\"><a href=\"\/fr\/salon-kiosk-manufacturer\/barber-kiosk\/\">Kiosque de barbier<\/a><\/h3>\t\t\t\t<\/div>\n\t\t\t\t<\/div>\n\t\t\t\t<div class=\"elementor-element elementor-element-ce6b450 elementor-widget elementor-widget-text-editor\" data-id=\"ce6b450\" data-element_type=\"widget\" data-e-type=\"widget\" data-widget_type=\"text-editor.default\">\n\t\t\t\t<div class=\"elementor-widget-container\">\n\t\t\t\t\t\t\t\t\t<p>Kiosque de barbier moderne avec outils pr\u00e9cis, miroirs \u00e9l\u00e9gants et ambiance cool, offrant des coupes rapides et pr\u00e9cises dans un espace \u00e9pur\u00e9.<\/p>\t\t\t\t\t\t\t\t<\/div>\n\t\t\t\t<\/div>\n\t\t\t\t<div class=\"elementor-element elementor-element-d7bc272 elementor-align-left elementor-widget elementor-widget-global elementor-global-647 elementor-widget-button\" data-id=\"d7bc272\" data-element_type=\"widget\" data-e-type=\"widget\" data-widget_type=\"button.default\">\n\t\t\t\t<div class=\"elementor-widget-container\">\n\t\t\t\t\t\t\t\t\t<div class=\"elementor-button-wrapper\">\n\t\t\t\t\t<a class=\"elementor-button elementor-button-link elementor-size-sm\" href=\"#elementor-action%3Aaction%3Dpopup%3Aopen%26settings%3DeyJpZCI6IjEzNyIsInRvZ2dsZSI6ZmFsc2V9\">\n\t\t\t\t\t\t<span class=\"elementor-button-content-wrapper\">\n\t\t\t\t\t\t\t\t\t<span class=\"elementor-button-text\">Envoyez votre demande d\u00e8s maintenant<\/span>\n\t\t\t\t\t<\/span>\n\t\t\t\t\t<\/a>\n\t\t\t\t<\/div>\n\t\t\t\t\t\t\t\t<\/div>\n\t\t\t\t<\/div>\n\t\t\t\t<\/div>\n\t\t<div class=\"elementor-element elementor-element-24a8dec e-con-full e-flex e-con e-child\" data-id=\"24a8dec\" data-element_type=\"container\" data-e-type=\"container\">\n\t\t\t\t<div class=\"elementor-element elementor-element-b7877a8 elementor-widget elementor-widget-image\" data-id=\"b7877a8\" data-element_type=\"widget\" data-e-type=\"widget\" data-widget_type=\"image.default\">\n\t\t\t\t<div class=\"elementor-widget-container\">\n\t\t\t\t\t\t\t\t\t\t\t\t\t\t\t\t<a href=\"\/fr\/salon-kiosk-manufacturer\/eyebrow-threading-kiosk\/\">\n\t\t\t\t\t\t\t<img loading=\"lazy\" decoding=\"async\" width=\"480\" height=\"380\" src=\"https:\/\/oydisplay.com\/wp-content\/uploads\/2025\/03\/Eyebrow-Threading-Kiosk.jpg\" class=\"attachment-large size-large wp-image-687\" alt=\"Kiosque \u00e0 \u00c9pilation des Sourcils\" srcset=\"https:\/\/oydisplay.com\/wp-content\/uploads\/2025\/03\/Eyebrow-Threading-Kiosk.jpg 480w, https:\/\/oydisplay.com\/wp-content\/uploads\/2025\/03\/Eyebrow-Threading-Kiosk-300x238.jpg 300w\" sizes=\"auto, (max-width: 480px) 100vw, 480px\" title=\"\">\t\t\t\t\t\t\t\t<\/a>\n\t\t\t\t\t\t\t\t\t\t\t\t\t\t\t<\/div>\n\t\t\t\t<\/div>\n\t\t\t\t<div class=\"elementor-element elementor-element-eea28cf elementor-widget elementor-widget-heading\" data-id=\"eea28cf\" data-element_type=\"widget\" data-e-type=\"widget\" data-widget_type=\"heading.default\">\n\t\t\t\t<div class=\"elementor-widget-container\">\n\t\t\t\t\t<h3 class=\"elementor-heading-title elementor-size-default\"><a href=\"\/fr\/salon-kiosk-manufacturer\/eyebrow-threading-kiosk\/\">Kiosque \u00e0 \u00c9pilation des Sourcils<\/a><\/h3>\t\t\t\t<\/div>\n\t\t\t\t<\/div>\n\t\t\t\t<div class=\"elementor-element elementor-element-bac88f9 elementor-widget elementor-widget-text-editor\" data-id=\"bac88f9\" data-element_type=\"widget\" data-e-type=\"widget\" data-widget_type=\"text-editor.default\">\n\t\t\t\t<div class=\"elementor-widget-container\">\n\t\t\t\t\t\t\t\t\t<p>Kiosque de couture de pr\u00e9cision avec stations qualifi\u00e9es, lignes nettes et souci du d\u00e9tail, fa\u00e7onnant des sourcils parfaits dans un coin ordonn\u00e9.<\/p>\t\t\t\t\t\t\t\t<\/div>\n\t\t\t\t<\/div>\n\t\t\t\t<div class=\"elementor-element elementor-element-626ea67 elementor-align-left elementor-widget elementor-widget-global elementor-global-647 elementor-widget-button\" data-id=\"626ea67\" data-element_type=\"widget\" data-e-type=\"widget\" data-widget_type=\"button.default\">\n\t\t\t\t<div class=\"elementor-widget-container\">\n\t\t\t\t\t\t\t\t\t<div class=\"elementor-button-wrapper\">\n\t\t\t\t\t<a class=\"elementor-button elementor-button-link elementor-size-sm\" href=\"#elementor-action%3Aaction%3Dpopup%3Aopen%26settings%3DeyJpZCI6IjEzNyIsInRvZ2dsZSI6ZmFsc2V9\">\n\t\t\t\t\t\t<span class=\"elementor-button-content-wrapper\">\n\t\t\t\t\t\t\t\t\t<span class=\"elementor-button-text\">Envoyez votre demande d\u00e8s maintenant<\/span>\n\t\t\t\t\t<\/span>\n\t\t\t\t\t<\/a>\n\t\t\t\t<\/div>\n\t\t\t\t\t\t\t\t<\/div>\n\t\t\t\t<\/div>\n\t\t\t\t<\/div>\n\t\t<div class=\"elementor-element elementor-element-21ca995 e-con-full e-flex e-con e-child\" data-id=\"21ca995\" data-element_type=\"container\" data-e-type=\"container\">\n\t\t\t\t<div class=\"elementor-element elementor-element-f3cf796 elementor-widget elementor-widget-image\" data-id=\"f3cf796\" data-element_type=\"widget\" data-e-type=\"widget\" data-widget_type=\"image.default\">\n\t\t\t\t<div class=\"elementor-widget-container\">\n\t\t\t\t\t\t\t\t\t\t\t\t\t\t\t\t<a href=\"\/fr\/salon-kiosk-manufacturer\/nail-kiosk\/\">\n\t\t\t\t\t\t\t<img loading=\"lazy\" decoding=\"async\" width=\"480\" height=\"380\" src=\"https:\/\/oydisplay.com\/wp-content\/uploads\/2025\/03\/Nail-Kiosk.jpg\" class=\"attachment-large size-large wp-image-672\" alt=\"Kiosque \u00e0 Ongles\" srcset=\"https:\/\/oydisplay.com\/wp-content\/uploads\/2025\/03\/Nail-Kiosk.jpg 480w, https:\/\/oydisplay.com\/wp-content\/uploads\/2025\/03\/Nail-Kiosk-300x238.jpg 300w\" sizes=\"auto, (max-width: 480px) 100vw, 480px\" title=\"\">\t\t\t\t\t\t\t\t<\/a>\n\t\t\t\t\t\t\t\t\t\t\t\t\t\t\t<\/div>\n\t\t\t\t<\/div>\n\t\t\t\t<div class=\"elementor-element elementor-element-447ff52 elementor-widget elementor-widget-heading\" data-id=\"447ff52\" data-element_type=\"widget\" data-e-type=\"widget\" data-widget_type=\"heading.default\">\n\t\t\t\t<div class=\"elementor-widget-container\">\n\t\t\t\t\t<h3 class=\"elementor-heading-title elementor-size-default\"><a href=\"\/fr\/salon-kiosk-manufacturer\/nail-kiosk\/\">Kiosque \u00e0 Ongles <\/a><\/h3>\t\t\t\t<\/div>\n\t\t\t\t<\/div>\n\t\t\t\t<div class=\"elementor-element elementor-element-cace1e2 elementor-widget elementor-widget-text-editor\" data-id=\"cace1e2\" data-element_type=\"widget\" data-e-type=\"widget\" data-widget_type=\"text-editor.default\">\n\t\t\t\t<div class=\"elementor-widget-container\">\n\t\t\t\t\t\t\t\t\t<p>Kiosque \u00e0 ongles chic avec bars \u00e0 vernis brillants, si\u00e8ges confortables et touche artistique, cr\u00e9ant des manucures \u00e9poustouflantes dans un stand tendance.<\/p>\t\t\t\t\t\t\t\t<\/div>\n\t\t\t\t<\/div>\n\t\t\t\t<div class=\"elementor-element elementor-element-5201d3c elementor-align-left elementor-widget elementor-widget-global elementor-global-647 elementor-widget-button\" data-id=\"5201d3c\" data-element_type=\"widget\" data-e-type=\"widget\" data-widget_type=\"button.default\">\n\t\t\t\t<div class=\"elementor-widget-container\">\n\t\t\t\t\t\t\t\t\t<div class=\"elementor-button-wrapper\">\n\t\t\t\t\t<a class=\"elementor-button elementor-button-link elementor-size-sm\" href=\"#elementor-action%3Aaction%3Dpopup%3Aopen%26settings%3DeyJpZCI6IjEzNyIsInRvZ2dsZSI6ZmFsc2V9\">\n\t\t\t\t\t\t<span class=\"elementor-button-content-wrapper\">\n\t\t\t\t\t\t\t\t\t<span class=\"elementor-button-text\">Envoyez votre demande d\u00e8s maintenant<\/span>\n\t\t\t\t\t<\/span>\n\t\t\t\t\t<\/a>\n\t\t\t\t<\/div>\n\t\t\t\t\t\t\t\t<\/div>\n\t\t\t\t<\/div>\n\t\t\t\t<\/div>\n\t\t\t\t<\/div>\n\t\t\t\t\t<\/div>\n\t\t\t\t<\/div>\n\t\t\t\t<\/div>","protected":false},"excerpt":{"rendered":"<p>Salon Kiosk Manufacturer in China Secure a top-tier salon kiosk for your business with OUYEE. We bring 10 years of expertise in crafting salon kiosks, offering diverse materials, designs, shapes, sizes, colors, and more. Request Our Latest Price Your Trust Hair Salon Kiosk Supplier in China OUYEE is dedicated to delighting every client. Our expert [&hellip;]<\/p>\n","protected":false},"author":1,"featured_media":0,"parent":0,"menu_order":0,"comment_status":"closed","ping_status":"closed","template":"","meta":{"_acf_changed":false,"footnotes":""},"class_list":["post-840","page","type-page","status-publish","hentry"],"acf":[],"_links":{"self":[{"href":"https:\/\/oydisplay.com\/fr\/wp-json\/wp\/v2\/pages\/840","targetHints":{"allow":["GET"]}}],"collection":[{"href":"https:\/\/oydisplay.com\/fr\/wp-json\/wp\/v2\/pages"}],"about":[{"href":"https:\/\/oydisplay.com\/fr\/wp-json\/wp\/v2\/types\/page"}],"author":[{"embeddable":true,"href":"https:\/\/oydisplay.com\/fr\/wp-json\/wp\/v2\/users\/1"}],"replies":[{"embeddable":true,"href":"https:\/\/oydisplay.com\/fr\/wp-json\/wp\/v2\/comments?post=840"}],"version-history":[{"count":25,"href":"https:\/\/oydisplay.com\/fr\/wp-json\/wp\/v2\/pages\/840\/revisions"}],"predecessor-version":[{"id":6584,"href":"https:\/\/oydisplay.com\/fr\/wp-json\/wp\/v2\/pages\/840\/revisions\/6584"}],"wp:attachment":[{"href":"https:\/\/oydisplay.com\/fr\/wp-json\/wp\/v2\/media?parent=840"}],"curies":[{"name":"wp","href":"https:\/\/api.w.org\/{rel}","templated":true}]}}