{"id":2271,"date":"2025-04-16T09:55:33","date_gmt":"2025-04-16T01:55:33","guid":{"rendered":"https:\/\/oydisplay.com\/?page_id=2271"},"modified":"2025-04-16T09:58:30","modified_gmt":"2025-04-16T01:58:30","slug":"privacy","status":"publish","type":"page","link":"https:\/\/oydisplay.com\/fr\/privacy\/","title":{"rendered":"Confidentialit\u00e9"},"content":{"rendered":"<div data-elementor-type=\"wp-page\" data-elementor-id=\"2271\" class=\"elementor elementor-2271\" data-elementor-post-type=\"page\">\n\t\t\t\t<div class=\"elementor-element elementor-element-b7a0fad e-flex e-con-boxed e-con e-parent\" data-id=\"b7a0fad\" data-element_type=\"container\" data-e-type=\"container\">\n\t\t\t\t\t<div class=\"e-con-inner\">\n\t\t\t\t<div class=\"elementor-element elementor-element-90b73b8 elementor-widget elementor-widget-text-editor\" data-id=\"90b73b8\" data-element_type=\"widget\" data-e-type=\"widget\" data-widget_type=\"text-editor.default\">\n\t\t\t\t<div class=\"elementor-widget-container\">\n\t\t\t\t\t\t\t\t\t<h1>Politique de Confidentialit\u00e9<\/h1><p>Derni\u00e8re mise \u00e0 jour : 16 avril 2025<\/p><p>Cette Politique de Confidentialit\u00e9 d\u00e9crit nos politiques et proc\u00e9dures concernant la collecte, l'utilisation et la divulgation de vos informations lorsque vous utilisez le Service et vous informe de vos droits en mati\u00e8re de confidentialit\u00e9 et de la fa\u00e7on dont la loi vous prot\u00e8ge.<\/p><p>Nous utilisons vos donn\u00e9es personnelles pour fournir et am\u00e9liorer le Service. En utilisant le Service, vous acceptez la collecte et l'utilisation des informations conform\u00e9ment \u00e0 cette Politique de Confidentialit\u00e9.<\/p><h2>Interpr\u00e9tation et D\u00e9finitions<\/h2><h3>Interpr\u00e9tation<\/h3><p>Les mots dont la premi\u00e8re lettre est en majuscule ont des significations d\u00e9finies dans les conditions suivantes. Les d\u00e9finitions suivantes auront la m\u00eame signification qu'elles apparaissent au singulier ou au pluriel.<\/p><h3>D\u00e9finitions<\/h3><p>Aux fins de cette Politique de Confidentialit\u00e9 :<\/p><ul><li><p><strong>Compte<\/strong> d\u00e9signe un compte unique cr\u00e9\u00e9 pour vous afin d'acc\u00e9der \u00e0 notre Service ou \u00e0 certaines de ses parties.<\/p><\/li><li><p><strong>Filiale<\/strong> d\u00e9signe une entit\u00e9 qui contr\u00f4le, est contr\u00f4l\u00e9e par ou est sous contr\u00f4le commun avec une partie, o\u00f9 \u201c contr\u00f4le \u201d signifie la propri\u00e9t\u00e9 de 50,1 % ou plus des actions, int\u00e9r\u00eats ou autres titres donnant le droit de vote lors de l'\u00e9lection des administrateurs ou d'une autre autorit\u00e9 de gestion.<\/p><\/li><li><p><strong>Soci\u00e9t\u00e9<\/strong> (d\u00e9sign\u00e9e comme \u201c la Soci\u00e9t\u00e9 \u201d, \u201c Nous \u201d, \u201c Notre \u201d ou \u201c Nos \u201d dans cet Accord) d\u00e9signe Ouyee Display.<\/p><\/li><li><p><strong>Cookies<\/strong> sont de petits fichiers qui sont plac\u00e9s sur votre ordinateur, appareil mobile ou tout autre appareil par un site web, contenant les d\u00e9tails de votre historique de navigation sur ce site parmi ses nombreuses utilisations.<\/p><\/li><li><p><strong>Pays<\/strong> fait r\u00e9f\u00e9rence \u00e0 : France<\/p><\/li><li><p><strong>Appareil<\/strong> d\u00e9signe tout appareil pouvant acc\u00e9der au Service, comme un ordinateur, un t\u00e9l\u00e9phone portable ou une tablette num\u00e9rique.<\/p><\/li><li><p><strong>Donn\u00e9es Personnelles<\/strong> est toute information qui concerne une personne identifi\u00e9e ou identifiable.<\/p><\/li><li><p><strong>Service<\/strong> fait r\u00e9f\u00e9rence au Site Web.<\/p><\/li><li><p><strong>Fournisseur de Service<\/strong> d\u00e9signe toute personne physique ou morale qui traite les donn\u00e9es pour le compte de la Soci\u00e9t\u00e9. Il fait r\u00e9f\u00e9rence \u00e0 des entreprises ou individus tiers employ\u00e9s par la Soci\u00e9t\u00e9 pour faciliter le Service, fournir le Service au nom de la Soci\u00e9t\u00e9, effectuer des services li\u00e9s au Service ou aider la Soci\u00e9t\u00e9 \u00e0 analyser comment le Service est utilis\u00e9.<\/p><\/li><li><p><strong>Donn\u00e9es d'Utilisation<\/strong> se r\u00e9f\u00e8re aux donn\u00e9es collect\u00e9es automatiquement, soit g\u00e9n\u00e9r\u00e9es par l'utilisation du Service, soit par l'infrastructure du Service elle-m\u00eame (par exemple, la dur\u00e9e d'une visite de page).<\/p><\/li><li><p><strong>Site Web<\/strong> fait r\u00e9f\u00e9rence \u00e0 Ouyee Display, accessible depuis <a href=\"https:\/\/oydisplay.com\/fr\/\" target=\"_blank\" rel=\"external nofollow noopener\">https:\/\/oydisplay.com\/<\/a><\/p><\/li><li><p><strong>Vous<\/strong> d\u00e9signe la personne physique acc\u00e9dant ou utilisant le Service, ou la soci\u00e9t\u00e9, ou toute autre entit\u00e9 juridique pour le compte de laquelle cette personne acc\u00e8de ou utilise le Service, selon le cas.<\/p><\/li><\/ul><h2>Collecte et Utilisation de Vos Donn\u00e9es Personnelles<\/h2><h3>Types de Donn\u00e9es Collect\u00e9es<\/h3><h4>Donn\u00e9es Personnelles<\/h4><p>Lors de l'utilisation de Notre Service, Nous pouvons vous demander de nous fournir certaines informations personnellement identifiables qui peuvent \u00eatre utilis\u00e9es pour vous contacter ou vous identifier. Les informations personnellement identifiables peuvent inclure, mais sans s'y limiter :<\/p><ul><li><p>Adresse e-mail<\/p><\/li><li><p>Pr\u00e9nom et nom de famille<\/p><\/li><li><p>Num\u00e9ro de t\u00e9l\u00e9phone<\/p><\/li><li><p>Donn\u00e9es d'Utilisation<\/p><\/li><\/ul><h4>Donn\u00e9es d'Utilisation<\/h4><p>Les donn\u00e9es d'utilisation sont collect\u00e9es automatiquement lors de l'utilisation du Service.<\/p><p>Les donn\u00e9es d'utilisation peuvent inclure des informations telles que l'adresse IP de votre appareil, le type de navigateur, la version du navigateur, les pages de notre Service que vous visitez, la date et l'heure de votre visite, le temps pass\u00e9 sur ces pages, des identifiants uniques de l'appareil et d'autres donn\u00e9es de diagnostic.<\/p><p>Lorsque vous acc\u00e9dez au Service via ou par un appareil mobile, nous pouvons collecter certaines informations automatiquement, y compris, mais sans s'y limiter, le type d'appareil mobile que vous utilisez, l'ID unique de votre appareil mobile, l'adresse IP de votre appareil mobile, le syst\u00e8me d'exploitation de votre mobile, le type de navigateur Internet mobile que vous utilisez, des identifiants uniques de l'appareil et d'autres donn\u00e9es de diagnostic.<\/p><p>Nous pouvons \u00e9galement collecter des informations que votre navigateur envoie chaque fois que vous visitez notre Service ou lorsque vous acc\u00e9dez au Service via un appareil mobile.<\/p><h4>Technologies de suivi et Cookies<\/h4><p>Nous utilisons des Cookies et des technologies de suivi similaires pour suivre l'activit\u00e9 sur notre Service et stocker certaines informations. Les technologies de suivi utilis\u00e9es sont des balises, des tags et des scripts pour collecter et suivre des informations, ainsi que pour am\u00e9liorer et analyser notre Service. Les technologies que nous utilisons peuvent inclure :<\/p><ul><li><strong>Cookies ou Cookies de navigateur.<\/strong> Un cookie est un petit fichier plac\u00e9 sur votre appareil. Vous pouvez demander \u00e0 votre navigateur de refuser tous les Cookies ou d'indiquer quand un Cookie est envoy\u00e9. Cependant, si vous n'acceptez pas les Cookies, il se peut que vous ne puissiez pas utiliser certaines parties de notre Service. \u00c0 moins que vous n'ayez modifi\u00e9 les param\u00e8tres de votre navigateur pour qu'il refuse les Cookies, notre Service peut utiliser des Cookies.<\/li><li><strong>Balises Web.<\/strong> Certaines sections de notre Service et nos e-mails peuvent contenir de petits fichiers \u00e9lectroniques appel\u00e9s balises web (\u00e9galement appel\u00e9es gifs clairs, balises pixel, et gifs \u00e0 pixel unique) qui permettent \u00e0 la soci\u00e9t\u00e9, par exemple, de compter le nombre d'utilisateurs ayant visit\u00e9 ces pages ou ouvert un e-mail, ainsi que pour d'autres statistiques li\u00e9es au site web (par exemple, enregistrer la popularit\u00e9 d'une certaine section et v\u00e9rifier l'int\u00e9grit\u00e9 du syst\u00e8me et du serveur).<\/li><\/ul><p>Les Cookies peuvent \u00eatre \u201c Persistants \u201d ou \u201c de Session \u201d. Les Cookies persistants restent sur votre ordinateur personnel ou appareil mobile lorsque vous \u00eates hors ligne, tandis que les Cookies de session sont supprim\u00e9s d\u00e8s que vous fermez votre navigateur web.<\/p><p>Nous utilisons \u00e0 la fois des Cookies de session et des Cookies persistants pour les finalit\u00e9s d\u00e9crites ci-dessous :<\/p><ul><li><p><strong>Cookies n\u00e9cessaires \/ essentiels<\/strong><\/p><p>Type : Cookies de session<\/p><p>G\u00e9r\u00e9s par : Nous<\/p><p>Objectif : Ces Cookies sont essentiels pour vous fournir les services disponibles via le Site Web et pour vous permettre d'utiliser certaines de ses fonctionnalit\u00e9s. Ils aident \u00e0 authentifier les utilisateurs et \u00e0 pr\u00e9venir l'utilisation frauduleuse des comptes utilisateur. Sans ces Cookies, les services que vous avez demand\u00e9s ne peuvent pas \u00eatre fournis, et nous utilisons uniquement ces Cookies pour vous fournir ces services.<\/p><\/li><li><p><strong>Politique \/ Avis d'acceptation des Cookies<\/strong><\/p><p>Type : Cookies persistants<\/p><p>G\u00e9r\u00e9s par : Nous<\/p><p>Objectif : Ces Cookies identifient si les utilisateurs ont accept\u00e9 l'utilisation des cookies sur le Site Web.<\/p><\/li><li><p><strong>Cookies de fonctionnalit\u00e9<\/strong><\/p><p>Type : Cookies persistants<\/p><p>G\u00e9r\u00e9s par : Nous<\/p><p>Objectif : Ces Cookies nous permettent de nous souvenir des choix que Vous faites lorsque Vous utilisez le Site Web, tels que la m\u00e9morisation de vos identifiants de connexion ou de votre pr\u00e9f\u00e9rence linguistique. L'objectif de ces Cookies est de vous offrir une exp\u00e9rience plus personnalis\u00e9e et d'\u00e9viter que vous ayez \u00e0 ressaisir vos pr\u00e9f\u00e9rences \u00e0 chaque utilisation du Site Web.<\/p><\/li><\/ul><p>Pour plus d'informations sur les cookies que nous utilisons et vos choix concernant les cookies, veuillez consulter notre Politique relative aux Cookies ou la section Cookies de notre Politique de Confidentialit\u00e9.<\/p><h3>Utilisation de Vos Donn\u00e9es Personnelles<\/h3><p>La Soci\u00e9t\u00e9 peut utiliser les Donn\u00e9es Personnelles aux fins suivantes :<\/p><ul><li><p><strong>Fournir et maintenir notre Service<\/strong>, y compris pour surveiller l'utilisation de notre Service.<\/p><\/li><li><p><strong>G\u00e9rer Votre Compte :<\/strong> pour g\u00e9rer votre inscription en tant qu'utilisateur du Service. Les Donn\u00e9es Personnelles que vous fournissez peuvent vous donner acc\u00e8s \u00e0 diff\u00e9rentes fonctionnalit\u00e9s du Service qui sont disponibles pour vous en tant qu'utilisateur inscrit.<\/p><\/li><li><p><strong>Pour l'ex\u00e9cution d'un contrat :<\/strong> le d\u00e9veloppement, la conformit\u00e9 et la r\u00e9alisation du contrat d'achat pour les produits, articles ou services que vous avez achet\u00e9s ou pour tout autre contrat avec Nous via le Service.<\/p><\/li><li><p><strong>Vous contacter :<\/strong> Pour vous contacter par email, appels t\u00e9l\u00e9phoniques, SMS ou autres formes \u00e9quivalentes de communication \u00e9lectronique, telles que les notifications push d'une application mobile concernant des mises \u00e0 jour ou des communications informatives li\u00e9es aux fonctionnalit\u00e9s, produits ou services contract\u00e9s, y compris les mises \u00e0 jour de s\u00e9curit\u00e9, lorsque cela est n\u00e9cessaire ou raisonnable pour leur mise en \u0153uvre.<\/p><\/li><li><p><strong>Pour vous fournir<\/strong> des actualit\u00e9s, offres sp\u00e9ciales et informations g\u00e9n\u00e9rales sur d'autres biens, services et \u00e9v\u00e9nements que nous proposons et qui sont similaires \u00e0 ceux que vous avez d\u00e9j\u00e0 achet\u00e9s ou pour lesquels vous avez manifest\u00e9 de l'int\u00e9r\u00eat, sauf si vous avez choisi de ne pas recevoir ces informations.<\/p><\/li><li><p><strong>G\u00e9rer Vos demandes :<\/strong> Pour r\u00e9pondre \u00e0 et g\u00e9rer Vos demandes aupr\u00e8s de Nous.<\/p><\/li><li><p><strong>Pour les transferts d'entreprise :<\/strong> Nous pouvons utiliser Vos informations pour \u00e9valuer ou r\u00e9aliser une fusion, une cession, une restructuration, une r\u00e9organisation, une dissolution ou toute autre vente ou transfert de tout ou partie de nos actifs, que ce soit en tant qu'entreprise en activit\u00e9 ou dans le cadre d'une proc\u00e9dure de faillite, de liquidation ou similaire, dans laquelle les Donn\u00e9es Personnelles que Nous d\u00e9tenons concernant nos utilisateurs du Service font partie des actifs transf\u00e9r\u00e9s.<\/p><\/li><li><p><strong>\u00c0 d'autres fins<\/strong>: Nous pouvons utiliser Vos informations \u00e0 d'autres fins, telles que l'analyse de donn\u00e9es, l'identification des tendances d'utilisation, la d\u00e9termination de l'efficacit\u00e9 de nos campagnes promotionnelles et l'\u00e9valuation et l'am\u00e9lioration de notre Service, de nos produits, services, marketing et de votre exp\u00e9rience.<\/p><\/li><\/ul><p>Nous pouvons partager Vos informations personnelles dans les situations suivantes :<\/p><ul><li><strong>Avec les Prestataires de services :<\/strong> Nous pouvons partager Vos informations personnelles avec des Prestataires de services pour surveiller et analyser l'utilisation de notre Service, pour Vous contacter.<\/li><li><strong>Pour les transferts d'entreprise :<\/strong> Nous pouvons partager ou transf\u00e9rer Vos informations personnelles en lien avec, ou lors de n\u00e9gociations de, toute fusion, vente d'actifs de la Soci\u00e9t\u00e9, financement ou acquisition de tout ou partie de notre activit\u00e9 \u00e0 une autre soci\u00e9t\u00e9.<\/li><li><strong>Avec les filiales :<\/strong> Nous pouvons partager Vos informations avec nos filiales, auquel cas nous exigerons que ces filiales respectent cette Politique de Confidentialit\u00e9. Les filiales incluent notre soci\u00e9t\u00e9 m\u00e8re et toute autre filiale, partenaire de coentreprise ou autre soci\u00e9t\u00e9 que nous contr\u00f4lons ou qui est sous contr\u00f4le commun avec nous.<\/li><li><strong>Avec les partenaires commerciaux :<\/strong> Nous pouvons partager Vos informations avec nos partenaires commerciaux pour vous offrir certains produits, services ou promotions.<\/li><li><strong>Avec d'autres utilisateurs :<\/strong> Lorsque Vous partagez des informations personnelles ou interagissez autrement dans les espaces publics avec d'autres utilisateurs, ces informations peuvent \u00eatre vues par tous les utilisateurs et peuvent \u00eatre diffus\u00e9es publiquement en dehors.<\/li><li><strong>Avec votre consentement<\/strong>: Nous pouvons divulguer Vos informations personnelles \u00e0 toute autre fin avec votre consentement.<\/li><\/ul><h3>Retention de Vos Donn\u00e9es Personnelles<\/h3><p>La Soci\u00e9t\u00e9 ne conservera Vos Donn\u00e9es Personnelles que le temps n\u00e9cessaire aux finalit\u00e9s d\u00e9crites dans cette Politique de Confidentialit\u00e9. Nous conserverons et utiliserons Vos Donn\u00e9es Personnelles dans la mesure n\u00e9cessaire pour respecter nos obligations l\u00e9gales (par exemple, si nous sommes tenus de conserver vos donn\u00e9es pour respecter les lois applicables), r\u00e9soudre les litiges et faire respecter nos accords et politiques l\u00e9gaux.<\/p><p>La Soci\u00e9t\u00e9 conservera \u00e9galement des Donn\u00e9es d'Utilisation \u00e0 des fins d'analyse interne. Les Donn\u00e9es d'Utilisation sont g\u00e9n\u00e9ralement conserv\u00e9es pour une p\u00e9riode plus courte, sauf lorsque ces donn\u00e9es sont utilis\u00e9es pour renforcer la s\u00e9curit\u00e9 ou am\u00e9liorer la fonctionnalit\u00e9 de Notre Service, ou lorsque nous sommes l\u00e9galement oblig\u00e9s de conserver ces donn\u00e9es plus longtemps.<\/p><h3>Transfert de Vos Donn\u00e9es Personnelles<\/h3><p>Vos informations, y compris les Donn\u00e9es Personnelles, sont trait\u00e9es dans les bureaux op\u00e9rationnels de la Soci\u00e9t\u00e9 et dans tout autre lieu o\u00f9 les parties impliqu\u00e9es dans le traitement sont situ\u00e9es. Cela signifie que ces informations peuvent \u00eatre transf\u00e9r\u00e9es et conserv\u00e9es sur des ordinateurs situ\u00e9s en dehors de votre r\u00e9gion, province, pays ou autre juridiction gouvernementale o\u00f9 les lois sur la protection des donn\u00e9es peuvent diff\u00e9rer de celles de votre r\u00e9gion.<\/p><p>Votre consentement \u00e0 cette Politique de Confidentialit\u00e9, suivi de votre soumission de telles informations, repr\u00e9sente votre accord \u00e0 ce transfert.<\/p><p>La Soci\u00e9t\u00e9 prendra toutes les mesures raisonnablement n\u00e9cessaires pour garantir que vos donn\u00e9es soient trait\u00e9es en toute s\u00e9curit\u00e9 et conform\u00e9ment \u00e0 cette Politique de Confidentialit\u00e9, et aucun transfert de Vos Donn\u00e9es Personnelles ne sera effectu\u00e9 vers une organisation ou un pays sauf si des contr\u00f4les ad\u00e9quats sont en place, notamment la s\u00e9curit\u00e9 de vos donn\u00e9es et autres informations personnelles.<\/p><h3>Supprimer Vos Donn\u00e9es Personnelles<\/h3><p>Vous avez le droit de supprimer ou de demander que Nous vous aidions \u00e0 supprimer les Donn\u00e9es Personnelles que Nous avons collect\u00e9es \u00e0 votre sujet.<\/p><p>Notre Service peut vous donner la possibilit\u00e9 de supprimer certaines informations vous concernant directement depuis le Service.<\/p><p>Vous pouvez mettre \u00e0 jour, modifier ou supprimer vos informations \u00e0 tout moment en vous connectant \u00e0 votre Compte, si vous en avez un, et en visitant la section des param\u00e8tres du compte qui vous permet de g\u00e9rer vos informations personnelles. Vous pouvez \u00e9galement nous contacter pour demander l'acc\u00e8s, la correction ou la suppression de toute information personnelle que vous nous avez fournie.<\/p><p>Veuillez noter, cependant, que Nous pourrions avoir besoin de conserver certaines informations lorsque nous avons une obligation l\u00e9gale ou une base l\u00e9gale pour le faire.<\/p><h3>Divulgation de Vos Donn\u00e9es Personnelles<\/h3><h4>Transactions Commerciales<\/h4><p>Si la Soci\u00e9t\u00e9 est impliqu\u00e9e dans une fusion, une acquisition ou une vente d'actifs, Vos Donn\u00e9es Personnelles peuvent \u00eatre transf\u00e9r\u00e9es. Nous vous en informerons avant que Vos Donn\u00e9es Personnelles ne soient transf\u00e9r\u00e9es et qu'elles deviennent soumises \u00e0 une Politique de Confidentialit\u00e9 diff\u00e9rente.<\/p><h4>Application de la loi<\/h4><p>Dans certaines circonstances, la Soci\u00e9t\u00e9 peut \u00eatre tenue de divulguer Vos Donn\u00e9es Personnelles si cela est requis par la loi ou en r\u00e9ponse \u00e0 des demandes valides des autorit\u00e9s publiques (par exemple, un tribunal ou une agence gouvernementale).<\/p><h4>Autres exigences l\u00e9gales<\/h4><p>La Soci\u00e9t\u00e9 peut divulguer Vos Donn\u00e9es Personnelles en toute bonne foi si elle estime que cette action est n\u00e9cessaire pour :<\/p><ul><li>Se conformer \u00e0 une obligation l\u00e9gale<\/li><li>Prot\u00e9ger et d\u00e9fendre les droits ou la propri\u00e9t\u00e9 de la Soci\u00e9t\u00e9<\/li><li>Pr\u00e9venir ou enqu\u00eater sur d'\u00e9ventuelles infractions en lien avec le Service<\/li><li>Prot\u00e9ger la s\u00e9curit\u00e9 personnelle des Utilisateurs du Service ou du public<\/li><li>Se pr\u00e9munir contre la responsabilit\u00e9 l\u00e9gale<\/li><\/ul><h3>S\u00e9curit\u00e9 de Vos Donn\u00e9es Personnelles<\/h3><p>La s\u00e9curit\u00e9 de Vos Donn\u00e9es Personnelles est importante pour Nous, mais rappelez-vous qu'aucune m\u00e9thode de transmission sur Internet, ni m\u00e9thode de stockage \u00e9lectronique n'est totalement s\u00e9curis\u00e9e. Bien que Nous nous effor\u00e7ons d'utiliser des moyens commercialement acceptables pour prot\u00e9ger Vos Donn\u00e9es Personnelles, Nous ne pouvons garantir leur s\u00e9curit\u00e9 absolue.<\/p><h2>Confidentialit\u00e9 des Enfants<\/h2><p>Notre Service ne s'adresse pas aux personnes de moins de 13 ans. Nous ne collectons pas intentionnellement d'informations personnellement identifiables aupr\u00e8s de personnes de moins de 13 ans. Si vous \u00eates un parent ou un tuteur et que vous savez que votre enfant nous a fourni des Donn\u00e9es Personnelles, veuillez nous contacter. Si nous d\u00e9couvrons que nous avons collect\u00e9 des Donn\u00e9es Personnelles aupr\u00e8s de quelqu'un de moins de 13 ans sans v\u00e9rification du consentement parental, nous prenons des mesures pour supprimer ces informations de nos serveurs.<\/p><p>Si nous devons nous appuyer sur le consentement comme base l\u00e9gale pour traiter vos informations et que votre pays exige le consentement d\u2019un parent, nous pouvons demander le consentement de votre parent avant de collecter et d\u2019utiliser ces informations.<\/p><h2>Liens vers d'autres sites Web<\/h2><p>Notre Service peut contenir des liens vers d\u2019autres sites web qui ne sont pas exploit\u00e9s par Nous. Si vous cliquez sur un lien tiers, vous serez dirig\u00e9 vers le site de ce tiers. Nous vous conseillons vivement de consulter la Politique de Confidentialit\u00e9 de chaque site que vous visitez.<\/p><p>Nous n\u2019avons aucun contr\u00f4le sur et n\u2019assumons aucune responsabilit\u00e9 concernant le contenu, les politiques de confidentialit\u00e9 ou les pratiques de tout site ou service tiers.<\/p><h2>Modifications de cette Politique de Confidentialit\u00e9<\/h2><p>Nous pouvons mettre \u00e0 jour notre Politique de Confidentialit\u00e9 de temps \u00e0 autre. Nous vous informerons de toute modification en publiant la nouvelle Politique de Confidentialit\u00e9 sur cette page.<\/p><p>Nous vous informerons par email et\/ou par un avis visible sur notre Service, avant que la modification ne prenne effet, et mettrons \u00e0 jour la date de \u201c Derni\u00e8re mise \u00e0 jour \u201d en haut de cette Politique de Confidentialit\u00e9.<\/p><p>Il est conseill\u00e9 de revoir cette Politique de Confidentialit\u00e9 p\u00e9riodiquement pour toute modification. Les modifications de cette Politique de Confidentialit\u00e9 prennent effet lorsqu\u2019elles sont publi\u00e9es sur cette page.<\/p><h2>Contactez-nous<\/h2><p>Si vous avez des questions concernant cette Politique de Confidentialit\u00e9, vous pouvez nous contacter :<\/p><ul><li><p>Par email : <a href=\"mailto:gzouyeedisplay@gmail.com\">gzouyeedisplay@gmail.com<\/a><\/p><\/li><li><p>En visitant cette page sur notre site web : <a href=\"https:\/\/oydisplay.com\/fr\/contact\/\" target=\"_blank\" rel=\"external nofollow noopener\">https:\/\/oydisplay.com\/contact\/<\/a><\/p><\/li><li><p>Par num\u00e9ro de t\u00e9l\u00e9phone : <a href=\"tel:+86 18813963880\">+86 18813963880<\/a><\/p><\/li><\/ul>\t\t\t\t\t\t\t\t<\/div>\n\t\t\t\t<\/div>\n\t\t\t\t\t<\/div>\n\t\t\t\t<\/div>\n\t\t\t\t<\/div>","protected":false},"excerpt":{"rendered":"<p>Privacy Policy Last updated: April 16, 2025 This Privacy Policy describes Our policies and procedures on the collection, use and disclosure of Your information when You use the Service and tells You about Your privacy rights and how the law protects You. We use Your Personal data to provide and improve the Service. By using [&hellip;]<\/p>\n","protected":false},"author":1,"featured_media":0,"parent":0,"menu_order":0,"comment_status":"closed","ping_status":"closed","template":"","meta":{"_acf_changed":false,"footnotes":""},"class_list":["post-2271","page","type-page","status-publish","hentry"],"acf":[],"_links":{"self":[{"href":"https:\/\/oydisplay.com\/fr\/wp-json\/wp\/v2\/pages\/2271","targetHints":{"allow":["GET"]}}],"collection":[{"href":"https:\/\/oydisplay.com\/fr\/wp-json\/wp\/v2\/pages"}],"about":[{"href":"https:\/\/oydisplay.com\/fr\/wp-json\/wp\/v2\/types\/page"}],"author":[{"embeddable":true,"href":"https:\/\/oydisplay.com\/fr\/wp-json\/wp\/v2\/users\/1"}],"replies":[{"embeddable":true,"href":"https:\/\/oydisplay.com\/fr\/wp-json\/wp\/v2\/comments?post=2271"}],"version-history":[{"count":7,"href":"https:\/\/oydisplay.com\/fr\/wp-json\/wp\/v2\/pages\/2271\/revisions"}],"predecessor-version":[{"id":2278,"href":"https:\/\/oydisplay.com\/fr\/wp-json\/wp\/v2\/pages\/2271\/revisions\/2278"}],"wp:attachment":[{"href":"https:\/\/oydisplay.com\/fr\/wp-json\/wp\/v2\/media?parent=2271"}],"curies":[{"name":"wp","href":"https:\/\/api.w.org\/{rel}","templated":true}]}}