{"id":812,"date":"2025-03-21T15:53:32","date_gmt":"2025-03-21T07:53:32","guid":{"rendered":"https:\/\/oydisplay.com\/?page_id=812"},"modified":"2026-04-20T18:09:03","modified_gmt":"2026-04-20T10:09:03","slug":"retail-kiosk-manufacturer","status":"publish","type":"page","link":"https:\/\/oydisplay.com\/es\/retail-kiosk-manufacturer\/","title":{"rendered":"fabricante de quioscos minoristas"},"content":{"rendered":"<div data-elementor-type=\"wp-page\" data-elementor-id=\"812\" class=\"elementor elementor-812\" data-elementor-post-type=\"page\">\n\t\t\t\t<div class=\"elementor-element elementor-element-5db1380e e-flex e-con-boxed e-con e-parent\" data-id=\"5db1380e\" data-element_type=\"container\" data-e-type=\"container\">\n\t\t\t\t\t<div class=\"e-con-inner\">\n\t\t<div class=\"elementor-element elementor-element-582def61 e-con-full e-flex e-con e-child\" data-id=\"582def61\" data-element_type=\"container\" data-e-type=\"container\">\n\t\t\t\t<div class=\"elementor-element elementor-element-713738f2 elementor-widget elementor-widget-heading\" data-id=\"713738f2\" data-element_type=\"widget\" data-e-type=\"widget\" data-widget_type=\"heading.default\">\n\t\t\t\t<div class=\"elementor-widget-container\">\n\t\t\t\t\t<h1 class=\"elementor-heading-title elementor-size-default\">Fabricante de quioscos minoristas en China<\/h1>\t\t\t\t<\/div>\n\t\t\t\t<\/div>\n\t\t\t\t<div class=\"elementor-element elementor-element-3b419853 elementor-widget__width-initial elementor-widget elementor-widget-text-editor\" data-id=\"3b419853\" data-element_type=\"widget\" data-e-type=\"widget\" data-widget_type=\"text-editor.default\">\n\t\t\t\t<div class=\"elementor-widget-container\">\n\t\t\t\t\t\t\t\t\t<p class=\"break-words\">OUYEE destaca como el principal fabricante de quioscos minoristas en China <strong>fabricante de quioscos minoristas<\/strong>. Ofrecemos una amplia selecci\u00f3n de quioscos minoristas, con una variedad de <strong>estilos, tama\u00f1os, colores, materiales y acabados personalizados.<\/strong><\/p><p class=\"break-words\">Ya sea que imagines un quiosco minorista lujoso, atemporal, de vanguardia o \u00fanico en su tipo, estamos aqu\u00ed para hacer realidad tu visi\u00f3n con precisi\u00f3n y estilo.<\/p><p class=\"break-words\">\u00a1Cont\u00e1ctanos hoy para comenzar a dise\u00f1ar tu quiosco minorista personalizado!<\/p>\t\t\t\t\t\t\t\t<\/div>\n\t\t\t\t<\/div>\n\t\t\t\t<div class=\"elementor-element elementor-element-dea6dab elementor-align-left e-transform elementor-widget elementor-widget-button\" data-id=\"dea6dab\" data-element_type=\"widget\" data-e-type=\"widget\" data-settings=\"{&quot;_transform_scale_effect_hover&quot;:{&quot;unit&quot;:&quot;px&quot;,&quot;size&quot;:1.1,&quot;sizes&quot;:[]},&quot;_transform_scale_effect_hover_tablet&quot;:{&quot;unit&quot;:&quot;px&quot;,&quot;size&quot;:&quot;&quot;,&quot;sizes&quot;:[]},&quot;_transform_scale_effect_hover_mobile&quot;:{&quot;unit&quot;:&quot;px&quot;,&quot;size&quot;:&quot;&quot;,&quot;sizes&quot;:[]}}\" data-widget_type=\"button.default\">\n\t\t\t\t<div class=\"elementor-widget-container\">\n\t\t\t\t\t\t\t\t\t<div class=\"elementor-button-wrapper\">\n\t\t\t\t\t<a class=\"elementor-button elementor-button-link elementor-size-sm\" href=\"#elementor-action%3Aaction%3Dpopup%3Aopen%26settings%3DeyJpZCI6IjEzNyIsInRvZ2dsZSI6ZmFsc2V9\">\n\t\t\t\t\t\t<span class=\"elementor-button-content-wrapper\">\n\t\t\t\t\t\t\t\t\t<span class=\"elementor-button-text\">Solicita nuestro \u00faltimo precio<\/span>\n\t\t\t\t\t<\/span>\n\t\t\t\t\t<\/a>\n\t\t\t\t<\/div>\n\t\t\t\t\t\t\t\t<\/div>\n\t\t\t\t<\/div>\n\t\t\t\t<\/div>\n\t\t<div class=\"elementor-element elementor-element-34546093 e-con-full e-flex e-con e-child\" data-id=\"34546093\" data-element_type=\"container\" data-e-type=\"container\">\n\t\t\t\t<div class=\"elementor-element elementor-element-2936eaf elementor-widget elementor-widget-image\" data-id=\"2936eaf\" data-element_type=\"widget\" data-e-type=\"widget\" data-widget_type=\"image.default\">\n\t\t\t\t<div class=\"elementor-widget-container\">\n\t\t\t\t\t\t\t\t\t\t\t\t\t\t\t<img loading=\"lazy\" decoding=\"async\" width=\"800\" height=\"449\" src=\"https:\/\/oydisplay.com\/wp-content\/uploads\/2025\/09\/Retail-Kiosk-Manufacturer-Banner.jpg\" class=\"attachment-large size-large wp-image-6507\" alt=\"Fabricante de Quioscos Minoristas \u2013 Banner\" srcset=\"https:\/\/oydisplay.com\/wp-content\/uploads\/2025\/09\/Retail-Kiosk-Manufacturer-Banner.jpg 1024w, https:\/\/oydisplay.com\/wp-content\/uploads\/2025\/09\/Retail-Kiosk-Manufacturer-Banner-300x168.jpg 300w, https:\/\/oydisplay.com\/wp-content\/uploads\/2025\/09\/Retail-Kiosk-Manufacturer-Banner-768x431.jpg 768w\" sizes=\"auto, (max-width: 800px) 100vw, 800px\" title=\"\">\t\t\t\t\t\t\t\t\t\t\t\t\t\t\t<\/div>\n\t\t\t\t<\/div>\n\t\t\t\t<\/div>\n\t\t\t\t\t<\/div>\n\t\t\t\t<\/div>\n\t\t<div class=\"elementor-element elementor-element-bb40880 elementor-hidden-mobile e-flex e-con-boxed e-con e-parent\" data-id=\"bb40880\" data-element_type=\"container\" data-e-type=\"container\" data-settings=\"{&quot;background_background&quot;:&quot;classic&quot;}\">\n\t\t\t\t\t<div class=\"e-con-inner\">\n\t\t\t\t<div class=\"elementor-element elementor-element-0cbff52 elementor-widget elementor-widget-heading\" data-id=\"0cbff52\" data-element_type=\"widget\" data-e-type=\"widget\" data-widget_type=\"heading.default\">\n\t\t\t\t<div class=\"elementor-widget-container\">\n\t\t\t\t\t<h2 class=\"elementor-heading-title elementor-size-default\">Tu proveedor confiable de quioscos minoristas en China<\/h2>\t\t\t\t<\/div>\n\t\t\t\t<\/div>\n\t\t\t\t<div class=\"elementor-element elementor-element-2564a32 elementor-widget elementor-widget-text-editor\" data-id=\"2564a32\" data-element_type=\"widget\" data-e-type=\"widget\" data-widget_type=\"text-editor.default\">\n\t\t\t\t<div class=\"elementor-widget-container\">\n\t\t\t\t\t\t\t\t\t<div><p class=\"break-words\">Con m\u00e1s de una d\u00e9cada de experiencia en quioscos minoristas, OUYEE tiene la capacidad total para fabricar cualquier quiosco minorista personalizado, incluyendo dise\u00f1os interactivos inteligentes.<\/p><p class=\"break-words\">Puedes optar por un quiosco minorista compacto de 30 metros cuadrados hecho de construcci\u00f3n totalmente met\u00e1lica, quioscos con pantalla t\u00e1ctil, quioscos con exhibidores, y m\u00e1s.<\/p><p class=\"break-words\">Los quioscos minoristas sirven para una amplia gama de aplicaciones en centros comerciales, comercio callejero y promoci\u00f3n de marcas, siendo especialmente ideales para proyectos minoristas innovadores dise\u00f1ados para captar la atenci\u00f3n.<\/p><p class=\"break-words\">Si necesitas quioscos minoristas personalizados para tu proyecto, no dudes en contactarnos hoy.<\/p><\/div>\t\t\t\t\t\t\t\t<\/div>\n\t\t\t\t<\/div>\n\t\t\t\t\t<\/div>\n\t\t\t\t<\/div>\n\t\t<div class=\"elementor-element elementor-element-6d319e7 e-flex e-con-boxed e-con e-parent\" data-id=\"6d319e7\" data-element_type=\"container\" data-e-type=\"container\" data-settings=\"{&quot;background_background&quot;:&quot;classic&quot;}\">\n\t\t\t\t\t<div class=\"e-con-inner\">\n\t\t<div class=\"elementor-element elementor-element-c04e5a4 e-con-full e-flex e-con e-child\" data-id=\"c04e5a4\" data-element_type=\"container\" data-e-type=\"container\">\n\t\t<div class=\"elementor-element elementor-element-a07557d e-con-full e-flex e-con e-child\" data-id=\"a07557d\" data-element_type=\"container\" data-e-type=\"container\">\n\t\t\t\t<div class=\"elementor-element elementor-element-ae94a39 elementor-widget elementor-widget-image\" data-id=\"ae94a39\" data-element_type=\"widget\" data-e-type=\"widget\" data-widget_type=\"image.default\">\n\t\t\t\t<div class=\"elementor-widget-container\">\n\t\t\t\t\t\t\t\t\t\t\t\t\t\t\t\t<a href=\"\/es\/retail-kiosk-manufacturer\/cell-phone-kiosk\/\">\n\t\t\t\t\t\t\t<img loading=\"lazy\" decoding=\"async\" width=\"480\" height=\"380\" src=\"https:\/\/oydisplay.com\/wp-content\/uploads\/2025\/03\/Cell-Phone-Kiosk.jpg\" class=\"attachment-large size-large wp-image-684\" alt=\"Quiosco para tel\u00e9fonos m\u00f3viles\" srcset=\"https:\/\/oydisplay.com\/wp-content\/uploads\/2025\/03\/Cell-Phone-Kiosk.jpg 480w, https:\/\/oydisplay.com\/wp-content\/uploads\/2025\/03\/Cell-Phone-Kiosk-300x238.jpg 300w\" sizes=\"auto, (max-width: 480px) 100vw, 480px\" title=\"\">\t\t\t\t\t\t\t\t<\/a>\n\t\t\t\t\t\t\t\t\t\t\t\t\t\t\t<\/div>\n\t\t\t\t<\/div>\n\t\t\t\t<div class=\"elementor-element elementor-element-77ea72f elementor-widget elementor-widget-heading\" data-id=\"77ea72f\" data-element_type=\"widget\" data-e-type=\"widget\" data-widget_type=\"heading.default\">\n\t\t\t\t<div class=\"elementor-widget-container\">\n\t\t\t\t\t<h3 class=\"elementor-heading-title elementor-size-default\"><a href=\"\/es\/retail-kiosk-manufacturer\/cell-phone-kiosk\/\">Quiosco para tel\u00e9fonos m\u00f3viles<\/a><\/h3>\t\t\t\t<\/div>\n\t\t\t\t<\/div>\n\t\t\t\t<div class=\"elementor-element elementor-element-7dab689 elementor-widget elementor-widget-text-editor\" data-id=\"7dab689\" data-element_type=\"widget\" data-e-type=\"widget\" data-widget_type=\"text-editor.default\">\n\t\t\t\t<div class=\"elementor-widget-container\">\n\t\t\t\t\t\t\t\t\t<p>Quiosco avanzado para tel\u00e9fonos m\u00f3viles con pantallas seguras, dise\u00f1o met\u00e1lico elegante y tecnolog\u00eda inteligente para exhibir gadgets de vanguardia en espacios minoristas concurridos.<\/p>\t\t\t\t\t\t\t\t<\/div>\n\t\t\t\t<\/div>\n\t\t\t\t<div class=\"elementor-element elementor-element-47215f3 elementor-align-left elementor-widget elementor-widget-global elementor-global-647 elementor-widget-button\" data-id=\"47215f3\" data-element_type=\"widget\" data-e-type=\"widget\" data-widget_type=\"button.default\">\n\t\t\t\t<div class=\"elementor-widget-container\">\n\t\t\t\t\t\t\t\t\t<div class=\"elementor-button-wrapper\">\n\t\t\t\t\t<a class=\"elementor-button elementor-button-link elementor-size-sm\" href=\"#elementor-action%3Aaction%3Dpopup%3Aopen%26settings%3DeyJpZCI6IjEzNyIsInRvZ2dsZSI6ZmFsc2V9\">\n\t\t\t\t\t\t<span class=\"elementor-button-content-wrapper\">\n\t\t\t\t\t\t\t\t\t<span class=\"elementor-button-text\">Env\u00eda tu consulta ahora<\/span>\n\t\t\t\t\t<\/span>\n\t\t\t\t\t<\/a>\n\t\t\t\t<\/div>\n\t\t\t\t\t\t\t\t<\/div>\n\t\t\t\t<\/div>\n\t\t\t\t<\/div>\n\t\t<div class=\"elementor-element elementor-element-cab753f e-con-full e-flex e-con e-child\" data-id=\"cab753f\" data-element_type=\"container\" data-e-type=\"container\">\n\t\t\t\t<div class=\"elementor-element elementor-element-cc6e288 elementor-widget elementor-widget-image\" data-id=\"cc6e288\" data-element_type=\"widget\" data-e-type=\"widget\" data-widget_type=\"image.default\">\n\t\t\t\t<div class=\"elementor-widget-container\">\n\t\t\t\t\t\t\t\t\t\t\t\t\t\t\t\t<a href=\"\/es\/retail-kiosk-manufacturer\/sunglass-kiosk\/\">\n\t\t\t\t\t\t\t<img loading=\"lazy\" decoding=\"async\" width=\"480\" height=\"380\" src=\"https:\/\/oydisplay.com\/wp-content\/uploads\/2025\/03\/Sunglass-Kiosk.jpg\" class=\"attachment-large size-large wp-image-678\" alt=\"Quiosco de gafas de sol\" srcset=\"https:\/\/oydisplay.com\/wp-content\/uploads\/2025\/03\/Sunglass-Kiosk.jpg 480w, https:\/\/oydisplay.com\/wp-content\/uploads\/2025\/03\/Sunglass-Kiosk-300x238.jpg 300w\" sizes=\"auto, (max-width: 480px) 100vw, 480px\" title=\"\">\t\t\t\t\t\t\t\t<\/a>\n\t\t\t\t\t\t\t\t\t\t\t\t\t\t\t<\/div>\n\t\t\t\t<\/div>\n\t\t\t\t<div class=\"elementor-element elementor-element-f15db3e elementor-widget elementor-widget-heading\" data-id=\"f15db3e\" data-element_type=\"widget\" data-e-type=\"widget\" data-widget_type=\"heading.default\">\n\t\t\t\t<div class=\"elementor-widget-container\">\n\t\t\t\t\t<h3 class=\"elementor-heading-title elementor-size-default\"><a href=\"\/es\/retail-kiosk-manufacturer\/sunglass-kiosk\/\">Quiosco de gafas de sol <\/a><\/h3>\t\t\t\t<\/div>\n\t\t\t\t<\/div>\n\t\t\t\t<div class=\"elementor-element elementor-element-a5fd2de elementor-widget elementor-widget-text-editor\" data-id=\"a5fd2de\" data-element_type=\"widget\" data-e-type=\"widget\" data-widget_type=\"text-editor.default\">\n\t\t\t\t<div class=\"elementor-widget-container\">\n\t\t\t\t\t\t\t\t\t<p>Elegante quiosco de gafas de sol con vidrio UV seguro, estanter\u00edas modernas y dise\u00f1os vibrantes, perfecto para exhibir gafas de moda en \u00e1reas de alto tr\u00e1fico.<\/p>\t\t\t\t\t\t\t\t<\/div>\n\t\t\t\t<\/div>\n\t\t\t\t<div class=\"elementor-element elementor-element-7022a89 elementor-align-left elementor-widget elementor-widget-global elementor-global-647 elementor-widget-button\" data-id=\"7022a89\" data-element_type=\"widget\" data-e-type=\"widget\" data-widget_type=\"button.default\">\n\t\t\t\t<div class=\"elementor-widget-container\">\n\t\t\t\t\t\t\t\t\t<div class=\"elementor-button-wrapper\">\n\t\t\t\t\t<a class=\"elementor-button elementor-button-link elementor-size-sm\" href=\"#elementor-action%3Aaction%3Dpopup%3Aopen%26settings%3DeyJpZCI6IjEzNyIsInRvZ2dsZSI6ZmFsc2V9\">\n\t\t\t\t\t\t<span class=\"elementor-button-content-wrapper\">\n\t\t\t\t\t\t\t\t\t<span class=\"elementor-button-text\">Env\u00eda tu consulta ahora<\/span>\n\t\t\t\t\t<\/span>\n\t\t\t\t\t<\/a>\n\t\t\t\t<\/div>\n\t\t\t\t\t\t\t\t<\/div>\n\t\t\t\t<\/div>\n\t\t\t\t<\/div>\n\t\t<div class=\"elementor-element elementor-element-783fddf e-con-full e-flex e-con e-child\" data-id=\"783fddf\" data-element_type=\"container\" data-e-type=\"container\">\n\t\t\t\t<div class=\"elementor-element elementor-element-d21c7fb elementor-widget elementor-widget-image\" data-id=\"d21c7fb\" data-element_type=\"widget\" data-e-type=\"widget\" data-widget_type=\"image.default\">\n\t\t\t\t<div class=\"elementor-widget-container\">\n\t\t\t\t\t\t\t\t\t\t\t\t\t\t\t\t<a href=\"\/es\/retail-kiosk-manufacturer\/jewelry-kiosk\/\">\n\t\t\t\t\t\t\t<img loading=\"lazy\" decoding=\"async\" width=\"480\" height=\"380\" src=\"https:\/\/oydisplay.com\/wp-content\/uploads\/2025\/03\/Jewelry-Kiosk.jpg\" class=\"attachment-large size-large wp-image-691\" alt=\"Quiosco de joyer\u00eda\" srcset=\"https:\/\/oydisplay.com\/wp-content\/uploads\/2025\/03\/Jewelry-Kiosk.jpg 480w, https:\/\/oydisplay.com\/wp-content\/uploads\/2025\/03\/Jewelry-Kiosk-300x238.jpg 300w\" sizes=\"auto, (max-width: 480px) 100vw, 480px\" title=\"\">\t\t\t\t\t\t\t\t<\/a>\n\t\t\t\t\t\t\t\t\t\t\t\t\t\t\t<\/div>\n\t\t\t\t<\/div>\n\t\t\t\t<div class=\"elementor-element elementor-element-eb67288 elementor-widget elementor-widget-heading\" data-id=\"eb67288\" data-element_type=\"widget\" data-e-type=\"widget\" data-widget_type=\"heading.default\">\n\t\t\t\t<div class=\"elementor-widget-container\">\n\t\t\t\t\t<h3 class=\"elementor-heading-title elementor-size-default\"><a href=\"\/es\/retail-kiosk-manufacturer\/jewelry-kiosk\/\">Quiosco de joyer\u00eda<\/a><\/h3>\t\t\t\t<\/div>\n\t\t\t\t<\/div>\n\t\t\t\t<div class=\"elementor-element elementor-element-a0c54d5 elementor-widget elementor-widget-text-editor\" data-id=\"a0c54d5\" data-element_type=\"widget\" data-e-type=\"widget\" data-widget_type=\"text-editor.default\">\n\t\t\t\t<div class=\"elementor-widget-container\">\n\t\t\t\t\t\t\t\t\t<p>Lujoso quiosco de joyer\u00eda con elegantes vitrinas de cristal, iluminaci\u00f3n LED suave y cerraduras robustas para destacar gemas deslumbrantes en un entorno premium.<\/p>\t\t\t\t\t\t\t\t<\/div>\n\t\t\t\t<\/div>\n\t\t\t\t<div class=\"elementor-element elementor-element-c1ee13f elementor-align-left elementor-widget elementor-widget-global elementor-global-647 elementor-widget-button\" data-id=\"c1ee13f\" data-element_type=\"widget\" data-e-type=\"widget\" data-widget_type=\"button.default\">\n\t\t\t\t<div class=\"elementor-widget-container\">\n\t\t\t\t\t\t\t\t\t<div class=\"elementor-button-wrapper\">\n\t\t\t\t\t<a class=\"elementor-button elementor-button-link elementor-size-sm\" href=\"#elementor-action%3Aaction%3Dpopup%3Aopen%26settings%3DeyJpZCI6IjEzNyIsInRvZ2dsZSI6ZmFsc2V9\">\n\t\t\t\t\t\t<span class=\"elementor-button-content-wrapper\">\n\t\t\t\t\t\t\t\t\t<span class=\"elementor-button-text\">Env\u00eda tu consulta ahora<\/span>\n\t\t\t\t\t<\/span>\n\t\t\t\t\t<\/a>\n\t\t\t\t<\/div>\n\t\t\t\t\t\t\t\t<\/div>\n\t\t\t\t<\/div>\n\t\t\t\t<\/div>\n\t\t\t\t<\/div>\n\t\t<div class=\"elementor-element elementor-element-2f18ea0 e-con-full e-flex e-con e-child\" data-id=\"2f18ea0\" data-element_type=\"container\" data-e-type=\"container\">\n\t\t<div class=\"elementor-element elementor-element-7c50ed2 e-con-full e-flex e-con e-child\" data-id=\"7c50ed2\" data-element_type=\"container\" data-e-type=\"container\">\n\t\t\t\t<div class=\"elementor-element elementor-element-b7f971c elementor-widget elementor-widget-image\" data-id=\"b7f971c\" data-element_type=\"widget\" data-e-type=\"widget\" data-widget_type=\"image.default\">\n\t\t\t\t<div class=\"elementor-widget-container\">\n\t\t\t\t\t\t\t\t\t\t\t\t\t\t\t\t<a href=\"\/es\/retail-kiosk-manufacturer\/perfume-kiosk\/\">\n\t\t\t\t\t\t\t<img loading=\"lazy\" decoding=\"async\" width=\"480\" height=\"380\" src=\"https:\/\/oydisplay.com\/wp-content\/uploads\/2025\/03\/Perfume-Kiosk.jpg\" class=\"attachment-large size-large wp-image-673\" alt=\"Quiosco de Perfumes\" srcset=\"https:\/\/oydisplay.com\/wp-content\/uploads\/2025\/03\/Perfume-Kiosk.jpg 480w, https:\/\/oydisplay.com\/wp-content\/uploads\/2025\/03\/Perfume-Kiosk-300x238.jpg 300w\" sizes=\"auto, (max-width: 480px) 100vw, 480px\" title=\"\">\t\t\t\t\t\t\t\t<\/a>\n\t\t\t\t\t\t\t\t\t\t\t\t\t\t\t<\/div>\n\t\t\t\t<\/div>\n\t\t\t\t<div class=\"elementor-element elementor-element-81d96e9 elementor-widget elementor-widget-heading\" data-id=\"81d96e9\" data-element_type=\"widget\" data-e-type=\"widget\" data-widget_type=\"heading.default\">\n\t\t\t\t<div class=\"elementor-widget-container\">\n\t\t\t\t\t<h3 class=\"elementor-heading-title elementor-size-default\"><a href=\"\/es\/retail-kiosk-manufacturer\/perfume-kiosk\/\">Quiosco de Perfumes<\/a><\/h3>\t\t\t\t<\/div>\n\t\t\t\t<\/div>\n\t\t\t\t<div class=\"elementor-element elementor-element-e043b43 elementor-widget elementor-widget-text-editor\" data-id=\"e043b43\" data-element_type=\"widget\" data-e-type=\"widget\" data-widget_type=\"text-editor.default\">\n\t\t\t\t<div class=\"elementor-widget-container\">\n\t\t\t\t\t\t\t\t\t<p>Quiosco de perfumes sofisticado con estanter\u00edas personalizadas, acabados de lujo y aroma encantador, dise\u00f1ado para elevar las fragancias premium con estilo.<\/p>\t\t\t\t\t\t\t\t<\/div>\n\t\t\t\t<\/div>\n\t\t\t\t<div class=\"elementor-element elementor-element-398bfa1 elementor-align-left elementor-widget elementor-widget-global elementor-global-647 elementor-widget-button\" data-id=\"398bfa1\" data-element_type=\"widget\" data-e-type=\"widget\" data-widget_type=\"button.default\">\n\t\t\t\t<div class=\"elementor-widget-container\">\n\t\t\t\t\t\t\t\t\t<div class=\"elementor-button-wrapper\">\n\t\t\t\t\t<a class=\"elementor-button elementor-button-link elementor-size-sm\" href=\"#elementor-action%3Aaction%3Dpopup%3Aopen%26settings%3DeyJpZCI6IjEzNyIsInRvZ2dsZSI6ZmFsc2V9\">\n\t\t\t\t\t\t<span class=\"elementor-button-content-wrapper\">\n\t\t\t\t\t\t\t\t\t<span class=\"elementor-button-text\">Env\u00eda tu consulta ahora<\/span>\n\t\t\t\t\t<\/span>\n\t\t\t\t\t<\/a>\n\t\t\t\t<\/div>\n\t\t\t\t\t\t\t\t<\/div>\n\t\t\t\t<\/div>\n\t\t\t\t<\/div>\n\t\t<div class=\"elementor-element elementor-element-2046353 e-con-full e-flex e-con e-child\" data-id=\"2046353\" data-element_type=\"container\" data-e-type=\"container\">\n\t\t\t\t<div class=\"elementor-element elementor-element-6cd9f6e elementor-widget elementor-widget-image\" data-id=\"6cd9f6e\" data-element_type=\"widget\" data-e-type=\"widget\" data-widget_type=\"image.default\">\n\t\t\t\t<div class=\"elementor-widget-container\">\n\t\t\t\t\t\t\t\t\t\t\t\t\t\t\t\t<a href=\"\/es\/retail-kiosk-manufacturer\/clothing-kiosk\/\">\n\t\t\t\t\t\t\t<img loading=\"lazy\" decoding=\"async\" width=\"480\" height=\"380\" src=\"https:\/\/oydisplay.com\/wp-content\/uploads\/2025\/03\/Clothing-Kiosk.jpg\" class=\"attachment-large size-large wp-image-685\" alt=\"Quiosco de ropa\" srcset=\"https:\/\/oydisplay.com\/wp-content\/uploads\/2025\/03\/Clothing-Kiosk.jpg 480w, https:\/\/oydisplay.com\/wp-content\/uploads\/2025\/03\/Clothing-Kiosk-300x238.jpg 300w\" sizes=\"auto, (max-width: 480px) 100vw, 480px\" title=\"\">\t\t\t\t\t\t\t\t<\/a>\n\t\t\t\t\t\t\t\t\t\t\t\t\t\t\t<\/div>\n\t\t\t\t<\/div>\n\t\t\t\t<div class=\"elementor-element elementor-element-6665705 elementor-widget elementor-widget-heading\" data-id=\"6665705\" data-element_type=\"widget\" data-e-type=\"widget\" data-widget_type=\"heading.default\">\n\t\t\t\t<div class=\"elementor-widget-container\">\n\t\t\t\t\t<h3 class=\"elementor-heading-title elementor-size-default\"><a href=\"\/es\/retail-kiosk-manufacturer\/clothing-kiosk\/\">Quiosco de ropa<\/a><\/h3>\t\t\t\t<\/div>\n\t\t\t\t<\/div>\n\t\t\t\t<div class=\"elementor-element elementor-element-1049751 elementor-widget elementor-widget-text-editor\" data-id=\"1049751\" data-element_type=\"widget\" data-e-type=\"widget\" data-widget_type=\"text-editor.default\">\n\t\t\t\t<div class=\"elementor-widget-container\">\n\t\t\t\t\t\t\t\t\t<p>Quiosco de ropa de tendencia con estantes vers\u00e1tiles, colores llamativos y dise\u00f1o compacto, ideal para exhibir ropa de temporada en mercados concurridos.<\/p>\t\t\t\t\t\t\t\t<\/div>\n\t\t\t\t<\/div>\n\t\t\t\t<div class=\"elementor-element elementor-element-8b16330 elementor-align-left elementor-widget elementor-widget-global elementor-global-647 elementor-widget-button\" data-id=\"8b16330\" data-element_type=\"widget\" data-e-type=\"widget\" data-widget_type=\"button.default\">\n\t\t\t\t<div class=\"elementor-widget-container\">\n\t\t\t\t\t\t\t\t\t<div class=\"elementor-button-wrapper\">\n\t\t\t\t\t<a class=\"elementor-button elementor-button-link elementor-size-sm\" href=\"#elementor-action%3Aaction%3Dpopup%3Aopen%26settings%3DeyJpZCI6IjEzNyIsInRvZ2dsZSI6ZmFsc2V9\">\n\t\t\t\t\t\t<span class=\"elementor-button-content-wrapper\">\n\t\t\t\t\t\t\t\t\t<span class=\"elementor-button-text\">Env\u00eda tu consulta ahora<\/span>\n\t\t\t\t\t<\/span>\n\t\t\t\t\t<\/a>\n\t\t\t\t<\/div>\n\t\t\t\t\t\t\t\t<\/div>\n\t\t\t\t<\/div>\n\t\t\t\t<\/div>\n\t\t<div class=\"elementor-element elementor-element-146da5f e-con-full e-flex e-con e-child\" data-id=\"146da5f\" data-element_type=\"container\" data-e-type=\"container\">\n\t\t\t\t<div class=\"elementor-element elementor-element-352f1f5 elementor-widget elementor-widget-image\" data-id=\"352f1f5\" data-element_type=\"widget\" data-e-type=\"widget\" data-widget_type=\"image.default\">\n\t\t\t\t<div class=\"elementor-widget-container\">\n\t\t\t\t\t\t\t\t\t\t\t\t\t\t\t\t<a href=\"\/es\/retail-kiosk-manufacturer\/watch-kiosk\/\">\n\t\t\t\t\t\t\t<img loading=\"lazy\" decoding=\"async\" width=\"480\" height=\"380\" src=\"https:\/\/oydisplay.com\/wp-content\/uploads\/2025\/03\/Watch-Kiosk.jpg\" class=\"attachment-large size-large wp-image-680\" alt=\"Quiosco de Relojes\" srcset=\"https:\/\/oydisplay.com\/wp-content\/uploads\/2025\/03\/Watch-Kiosk.jpg 480w, https:\/\/oydisplay.com\/wp-content\/uploads\/2025\/03\/Watch-Kiosk-300x238.jpg 300w\" sizes=\"auto, (max-width: 480px) 100vw, 480px\" title=\"\">\t\t\t\t\t\t\t\t<\/a>\n\t\t\t\t\t\t\t\t\t\t\t\t\t\t\t<\/div>\n\t\t\t\t<\/div>\n\t\t\t\t<div class=\"elementor-element elementor-element-917add6 elementor-widget elementor-widget-heading\" data-id=\"917add6\" data-element_type=\"widget\" data-e-type=\"widget\" data-widget_type=\"heading.default\">\n\t\t\t\t<div class=\"elementor-widget-container\">\n\t\t\t\t\t<h3 class=\"elementor-heading-title elementor-size-default\"><a href=\"\/es\/retail-kiosk-manufacturer\/watch-kiosk\/\">Quiosco de Relojes<\/a><\/h3>\t\t\t\t<\/div>\n\t\t\t\t<\/div>\n\t\t\t\t<div class=\"elementor-element elementor-element-b1759f6 elementor-widget elementor-widget-text-editor\" data-id=\"b1759f6\" data-element_type=\"widget\" data-e-type=\"widget\" data-widget_type=\"text-editor.default\">\n\t\t\t\t<div class=\"elementor-widget-container\">\n\t\t\t\t\t\t\t\t\t<p>Quiosco de relojes atemporal con soportes elegantes, tapas de vidrio y atractivo minimalista, dise\u00f1ado para mostrar relojes de precisi\u00f3n con elegancia.<\/p>\t\t\t\t\t\t\t\t<\/div>\n\t\t\t\t<\/div>\n\t\t\t\t<div class=\"elementor-element elementor-element-9d6a347 elementor-align-left elementor-widget elementor-widget-global elementor-global-647 elementor-widget-button\" data-id=\"9d6a347\" data-element_type=\"widget\" data-e-type=\"widget\" data-widget_type=\"button.default\">\n\t\t\t\t<div class=\"elementor-widget-container\">\n\t\t\t\t\t\t\t\t\t<div class=\"elementor-button-wrapper\">\n\t\t\t\t\t<a class=\"elementor-button elementor-button-link elementor-size-sm\" href=\"#elementor-action%3Aaction%3Dpopup%3Aopen%26settings%3DeyJpZCI6IjEzNyIsInRvZ2dsZSI6ZmFsc2V9\">\n\t\t\t\t\t\t<span class=\"elementor-button-content-wrapper\">\n\t\t\t\t\t\t\t\t\t<span class=\"elementor-button-text\">Env\u00eda tu consulta ahora<\/span>\n\t\t\t\t\t<\/span>\n\t\t\t\t\t<\/a>\n\t\t\t\t<\/div>\n\t\t\t\t\t\t\t\t<\/div>\n\t\t\t\t<\/div>\n\t\t\t\t<\/div>\n\t\t\t\t<\/div>\n\t\t\t\t\t<\/div>\n\t\t\t\t<\/div>\n\t\t\t\t<\/div>","protected":false},"excerpt":{"rendered":"<p>Retail Kiosk Manufacturer in China OUYEE stands out as China\u2019s premier retail kiosk manufacturer. We deliver an extensive selection of retail kiosks, featuring a variety of styles, sizes, colors, materials, and bespoke finishes. Whether you envision a luxurious, timeless, cutting-edge, or one-of-a-kind retail kiosk, we\u2019re here to bring your vision to life with precision and [&hellip;]<\/p>\n","protected":false},"author":1,"featured_media":6507,"parent":0,"menu_order":0,"comment_status":"closed","ping_status":"closed","template":"","meta":{"_acf_changed":false,"footnotes":""},"class_list":["post-812","page","type-page","status-publish","has-post-thumbnail","hentry"],"acf":[],"_links":{"self":[{"href":"https:\/\/oydisplay.com\/es\/wp-json\/wp\/v2\/pages\/812","targetHints":{"allow":["GET"]}}],"collection":[{"href":"https:\/\/oydisplay.com\/es\/wp-json\/wp\/v2\/pages"}],"about":[{"href":"https:\/\/oydisplay.com\/es\/wp-json\/wp\/v2\/types\/page"}],"author":[{"embeddable":true,"href":"https:\/\/oydisplay.com\/es\/wp-json\/wp\/v2\/users\/1"}],"replies":[{"embeddable":true,"href":"https:\/\/oydisplay.com\/es\/wp-json\/wp\/v2\/comments?post=812"}],"version-history":[{"count":25,"href":"https:\/\/oydisplay.com\/es\/wp-json\/wp\/v2\/pages\/812\/revisions"}],"predecessor-version":[{"id":6565,"href":"https:\/\/oydisplay.com\/es\/wp-json\/wp\/v2\/pages\/812\/revisions\/6565"}],"wp:featuredmedia":[{"embeddable":true,"href":"https:\/\/oydisplay.com\/es\/wp-json\/wp\/v2\/media\/6507"}],"wp:attachment":[{"href":"https:\/\/oydisplay.com\/es\/wp-json\/wp\/v2\/media?parent=812"}],"curies":[{"name":"wp","href":"https:\/\/api.w.org\/{rel}","templated":true}]}}