{"id":8029,"date":"2025-10-15T10:15:14","date_gmt":"2025-10-15T02:15:14","guid":{"rendered":"https:\/\/oydisplay.com\/?page_id=8029"},"modified":"2026-04-20T18:01:55","modified_gmt":"2026-04-20T10:01:55","slug":"shop-interior-design-ideas","status":"publish","type":"page","link":"https:\/\/oydisplay.com\/de\/shop-interior-design-ideas\/","title":{"rendered":"Einrichtungsideen f\u00fcr den Einzelhandelsgesch\u00e4ftsraum"},"content":{"rendered":"<div data-elementor-type=\"wp-page\" data-elementor-id=\"8029\" class=\"elementor elementor-8029\" data-elementor-post-type=\"page\">\n\t\t\t\t<div class=\"elementor-element elementor-element-498f9bc e-flex e-con-boxed e-con e-parent\" data-id=\"498f9bc\" data-element_type=\"container\" data-e-type=\"container\">\n\t\t\t\t\t<div class=\"e-con-inner\">\n\t\t\t\t<div class=\"elementor-element elementor-element-25efcc0 elementor-widget elementor-widget-heading\" data-id=\"25efcc0\" data-element_type=\"widget\" data-e-type=\"widget\" data-widget_type=\"heading.default\">\n\t\t\t\t<div class=\"elementor-widget-container\">\n\t\t\t\t\t<h1 class=\"elementor-heading-title elementor-size-default\">Einrichtungsideen f\u00fcr den Einzelhandelsgesch\u00e4ftsraum<\/h1>\t\t\t\t<\/div>\n\t\t\t\t<\/div>\n\t\t\t\t\t<\/div>\n\t\t\t\t<\/div>\n\t\t<div class=\"elementor-element elementor-element-4ebd16f e-con-full e-flex e-con e-child\" data-id=\"4ebd16f\" data-element_type=\"container\" data-e-type=\"container\">\n\t\t<div class=\"elementor-element elementor-element-430077b e-con-full e-flex e-con e-child\" data-id=\"430077b\" data-element_type=\"container\" data-e-type=\"container\" data-settings=\"{&quot;background_background&quot;:&quot;classic&quot;}\">\n\t\t\t\t<div class=\"elementor-element elementor-element-bd5b6f6 elementor-widget elementor-widget-image\" data-id=\"bd5b6f6\" data-element_type=\"widget\" data-e-type=\"widget\" data-widget_type=\"image.default\">\n\t\t\t\t<div class=\"elementor-widget-container\">\n\t\t\t\t\t\t\t\t\t\t\t\t\t\t\t\t<a href=\"\/de\/jewelry-store-interior-design-company\/\">\n\t\t\t\t\t\t\t<img loading=\"lazy\" decoding=\"async\" width=\"800\" height=\"480\" src=\"https:\/\/oydisplay.com\/wp-content\/uploads\/2025\/03\/Jewelry-Shop-Design-Cases-4.webp\" class=\"attachment-large size-large wp-image-249\" alt=\"Schmuckgesch\u00e4ft-Designf\u00e4lle-4\" srcset=\"https:\/\/oydisplay.com\/wp-content\/uploads\/2025\/03\/Jewelry-Shop-Design-Cases-4.webp 1000w, https:\/\/oydisplay.com\/wp-content\/uploads\/2025\/03\/Jewelry-Shop-Design-Cases-4-300x180.webp 300w, https:\/\/oydisplay.com\/wp-content\/uploads\/2025\/03\/Jewelry-Shop-Design-Cases-4-768x461.webp 768w\" sizes=\"auto, (max-width: 800px) 100vw, 800px\" title=\"\">\t\t\t\t\t\t\t\t<\/a>\n\t\t\t\t\t\t\t\t\t\t\t\t\t\t\t<\/div>\n\t\t\t\t<\/div>\n\t\t\t\t<div class=\"elementor-element elementor-element-7414151 elementor-widget elementor-widget-heading\" data-id=\"7414151\" data-element_type=\"widget\" data-e-type=\"widget\" data-widget_type=\"heading.default\">\n\t\t\t\t<div class=\"elementor-widget-container\">\n\t\t\t\t\t<h3 class=\"elementor-heading-title elementor-size-default\"><a href=\"\/de\/jewelry-store-interior-design-company\/\">Schmuckgesch\u00e4ft-Design<\/a><\/h3>\t\t\t\t<\/div>\n\t\t\t\t<\/div>\n\t\t\t\t<\/div>\n\t\t<div class=\"elementor-element elementor-element-164995b e-con-full e-flex e-con e-child\" data-id=\"164995b\" data-element_type=\"container\" data-e-type=\"container\" data-settings=\"{&quot;background_background&quot;:&quot;classic&quot;}\">\n\t\t\t\t<div class=\"elementor-element elementor-element-1c13daf elementor-widget elementor-widget-image\" data-id=\"1c13daf\" data-element_type=\"widget\" data-e-type=\"widget\" data-widget_type=\"image.default\">\n\t\t\t\t<div class=\"elementor-widget-container\">\n\t\t\t\t\t\t\t\t\t\t\t\t\t\t\t\t<a href=\"\/de\/cosmetic-shop-interior-design-company\/\">\n\t\t\t\t\t\t\t<img loading=\"lazy\" decoding=\"async\" width=\"800\" height=\"480\" src=\"https:\/\/oydisplay.com\/wp-content\/uploads\/2025\/03\/Cosmetic-Shop-Design.webp\" class=\"attachment-large size-large wp-image-442\" alt=\"Kosmetikgesch\u00e4ft-Design\" srcset=\"https:\/\/oydisplay.com\/wp-content\/uploads\/2025\/03\/Cosmetic-Shop-Design.webp 1000w, https:\/\/oydisplay.com\/wp-content\/uploads\/2025\/03\/Cosmetic-Shop-Design-300x180.webp 300w, https:\/\/oydisplay.com\/wp-content\/uploads\/2025\/03\/Cosmetic-Shop-Design-768x461.webp 768w\" sizes=\"auto, (max-width: 800px) 100vw, 800px\" title=\"\">\t\t\t\t\t\t\t\t<\/a>\n\t\t\t\t\t\t\t\t\t\t\t\t\t\t\t<\/div>\n\t\t\t\t<\/div>\n\t\t\t\t<div class=\"elementor-element elementor-element-8183cb1 elementor-widget elementor-widget-heading\" data-id=\"8183cb1\" data-element_type=\"widget\" data-e-type=\"widget\" data-widget_type=\"heading.default\">\n\t\t\t\t<div class=\"elementor-widget-container\">\n\t\t\t\t\t<h3 class=\"elementor-heading-title elementor-size-default\"><a href=\"\/de\/cosmetic-shop-interior-design-company\/\">Kosmetikgesch\u00e4ft-Design\n<\/a><\/h3>\t\t\t\t<\/div>\n\t\t\t\t<\/div>\n\t\t\t\t<\/div>\n\t\t<div class=\"elementor-element elementor-element-c06c8cb e-con-full e-flex e-con e-child\" data-id=\"c06c8cb\" data-element_type=\"container\" data-e-type=\"container\" data-settings=\"{&quot;background_background&quot;:&quot;classic&quot;}\">\n\t\t\t\t<div class=\"elementor-element elementor-element-202abec elementor-widget elementor-widget-image\" data-id=\"202abec\" data-element_type=\"widget\" data-e-type=\"widget\" data-widget_type=\"image.default\">\n\t\t\t\t<div class=\"elementor-widget-container\">\n\t\t\t\t\t\t\t\t\t\t\t\t\t\t\t\t<a href=\"\/de\/smoke-shop-interior-design-company\/\">\n\t\t\t\t\t\t\t<img loading=\"lazy\" decoding=\"async\" width=\"800\" height=\"480\" src=\"https:\/\/oydisplay.com\/wp-content\/uploads\/2025\/03\/Smoke-Shop-Design.webp\" class=\"attachment-large size-large wp-image-443\" alt=\"Rauchwarengesch\u00e4ft-Design\" srcset=\"https:\/\/oydisplay.com\/wp-content\/uploads\/2025\/03\/Smoke-Shop-Design.webp 1000w, https:\/\/oydisplay.com\/wp-content\/uploads\/2025\/03\/Smoke-Shop-Design-300x180.webp 300w, https:\/\/oydisplay.com\/wp-content\/uploads\/2025\/03\/Smoke-Shop-Design-768x461.webp 768w\" sizes=\"auto, (max-width: 800px) 100vw, 800px\" title=\"\">\t\t\t\t\t\t\t\t<\/a>\n\t\t\t\t\t\t\t\t\t\t\t\t\t\t\t<\/div>\n\t\t\t\t<\/div>\n\t\t\t\t<div class=\"elementor-element elementor-element-46980b4 elementor-widget elementor-widget-heading\" data-id=\"46980b4\" data-element_type=\"widget\" data-e-type=\"widget\" data-widget_type=\"heading.default\">\n\t\t\t\t<div class=\"elementor-widget-container\">\n\t\t\t\t\t<h3 class=\"elementor-heading-title elementor-size-default\"><a href=\"\/de\/smoke-shop-interior-design-company\/\">Rauchwarengesch\u00e4ft-Design\n<\/a><\/h3>\t\t\t\t<\/div>\n\t\t\t\t<\/div>\n\t\t\t\t<\/div>\n\t\t<div class=\"elementor-element elementor-element-7528e0b e-con-full e-flex e-con e-child\" data-id=\"7528e0b\" data-element_type=\"container\" data-e-type=\"container\" data-settings=\"{&quot;background_background&quot;:&quot;classic&quot;}\">\n\t\t\t\t<div class=\"elementor-element elementor-element-3d1286f elementor-widget elementor-widget-image\" data-id=\"3d1286f\" data-element_type=\"widget\" data-e-type=\"widget\" data-widget_type=\"image.default\">\n\t\t\t\t<div class=\"elementor-widget-container\">\n\t\t\t\t\t\t\t\t\t\t\t\t\t\t\t\t<a href=\"\/de\/optical-shop-interior-design-company\/\">\n\t\t\t\t\t\t\t<img loading=\"lazy\" decoding=\"async\" width=\"800\" height=\"480\" src=\"https:\/\/oydisplay.com\/wp-content\/uploads\/2025\/03\/Optical-shop-Design.webp\" class=\"attachment-large size-large wp-image-448\" alt=\"Optikergesch\u00e4ft-Design\" srcset=\"https:\/\/oydisplay.com\/wp-content\/uploads\/2025\/03\/Optical-shop-Design.webp 1000w, https:\/\/oydisplay.com\/wp-content\/uploads\/2025\/03\/Optical-shop-Design-300x180.webp 300w, https:\/\/oydisplay.com\/wp-content\/uploads\/2025\/03\/Optical-shop-Design-768x461.webp 768w\" sizes=\"auto, (max-width: 800px) 100vw, 800px\" title=\"\">\t\t\t\t\t\t\t\t<\/a>\n\t\t\t\t\t\t\t\t\t\t\t\t\t\t\t<\/div>\n\t\t\t\t<\/div>\n\t\t\t\t<div class=\"elementor-element elementor-element-da17632 elementor-widget elementor-widget-heading\" data-id=\"da17632\" data-element_type=\"widget\" data-e-type=\"widget\" data-widget_type=\"heading.default\">\n\t\t\t\t<div class=\"elementor-widget-container\">\n\t\t\t\t\t<h3 class=\"elementor-heading-title elementor-size-default\"><a href=\"\/de\/optical-shop-interior-design-company\/\">Optikgesch\u00e4ft-Design<\/a><\/h3>\t\t\t\t<\/div>\n\t\t\t\t<\/div>\n\t\t\t\t<\/div>\n\t\t\t\t<\/div>\n\t\t<div class=\"elementor-element elementor-element-6dfc668 e-con-full e-flex e-con e-child\" data-id=\"6dfc668\" data-element_type=\"container\" data-e-type=\"container\">\n\t\t<div class=\"elementor-element elementor-element-a632803 e-con-full e-flex e-con e-child\" data-id=\"a632803\" data-element_type=\"container\" data-e-type=\"container\" data-settings=\"{&quot;background_background&quot;:&quot;classic&quot;}\">\n\t\t\t\t<div class=\"elementor-element elementor-element-d559523 elementor-widget elementor-widget-image\" data-id=\"d559523\" data-element_type=\"widget\" data-e-type=\"widget\" data-widget_type=\"image.default\">\n\t\t\t\t<div class=\"elementor-widget-container\">\n\t\t\t\t\t\t\t\t\t\t\t\t\t\t\t\t<a href=\"\/de\/clothing-store-interior-design-company\/\">\n\t\t\t\t\t\t\t<img loading=\"lazy\" decoding=\"async\" width=\"800\" height=\"480\" src=\"https:\/\/oydisplay.com\/wp-content\/uploads\/2025\/03\/Clothing-Store-Design.webp\" class=\"attachment-large size-large wp-image-444\" alt=\"Bekleidungsgesch\u00e4ft-Design\" srcset=\"https:\/\/oydisplay.com\/wp-content\/uploads\/2025\/03\/Clothing-Store-Design.webp 1000w, https:\/\/oydisplay.com\/wp-content\/uploads\/2025\/03\/Clothing-Store-Design-300x180.webp 300w, https:\/\/oydisplay.com\/wp-content\/uploads\/2025\/03\/Clothing-Store-Design-768x461.webp 768w\" sizes=\"auto, (max-width: 800px) 100vw, 800px\" title=\"\">\t\t\t\t\t\t\t\t<\/a>\n\t\t\t\t\t\t\t\t\t\t\t\t\t\t\t<\/div>\n\t\t\t\t<\/div>\n\t\t\t\t<div class=\"elementor-element elementor-element-a2fd0fa elementor-widget elementor-widget-heading\" data-id=\"a2fd0fa\" data-element_type=\"widget\" data-e-type=\"widget\" data-widget_type=\"heading.default\">\n\t\t\t\t<div class=\"elementor-widget-container\">\n\t\t\t\t\t<h3 class=\"elementor-heading-title elementor-size-default\"><a href=\"\/de\/clothing-store-interior-design-company\/\">Bekleidungsgesch\u00e4ft-Design\n<\/a><\/h3>\t\t\t\t<\/div>\n\t\t\t\t<\/div>\n\t\t\t\t<\/div>\n\t\t<div class=\"elementor-element elementor-element-9d47abd e-con-full e-flex e-con e-child\" data-id=\"9d47abd\" data-element_type=\"container\" data-e-type=\"container\" data-settings=\"{&quot;background_background&quot;:&quot;classic&quot;}\">\n\t\t\t\t<div class=\"elementor-element elementor-element-11e2c45 elementor-widget elementor-widget-image\" data-id=\"11e2c45\" data-element_type=\"widget\" data-e-type=\"widget\" data-widget_type=\"image.default\">\n\t\t\t\t<div class=\"elementor-widget-container\">\n\t\t\t\t\t\t\t\t\t\t\t\t\t\t\t\t<a href=\"\/de\/shoe-shop-interior-design-company\/\">\n\t\t\t\t\t\t\t<img loading=\"lazy\" decoding=\"async\" width=\"800\" height=\"480\" src=\"https:\/\/oydisplay.com\/wp-content\/uploads\/2025\/03\/Shoe-Handbag-Shop-Design.webp\" class=\"attachment-large size-large wp-image-445\" alt=\"Schuh- &amp; Handtaschenladen-Design\" srcset=\"https:\/\/oydisplay.com\/wp-content\/uploads\/2025\/03\/Shoe-Handbag-Shop-Design.webp 1000w, https:\/\/oydisplay.com\/wp-content\/uploads\/2025\/03\/Shoe-Handbag-Shop-Design-300x180.webp 300w, https:\/\/oydisplay.com\/wp-content\/uploads\/2025\/03\/Shoe-Handbag-Shop-Design-768x461.webp 768w\" sizes=\"auto, (max-width: 800px) 100vw, 800px\" title=\"\">\t\t\t\t\t\t\t\t<\/a>\n\t\t\t\t\t\t\t\t\t\t\t\t\t\t\t<\/div>\n\t\t\t\t<\/div>\n\t\t\t\t<div class=\"elementor-element elementor-element-e54b74d elementor-widget elementor-widget-heading\" data-id=\"e54b74d\" data-element_type=\"widget\" data-e-type=\"widget\" data-widget_type=\"heading.default\">\n\t\t\t\t<div class=\"elementor-widget-container\">\n\t\t\t\t\t<h3 class=\"elementor-heading-title elementor-size-default\"><a href=\"\/de\/shoe-shop-interior-design-company\/\">Schuh- &amp; Handtaschenladen-Design\n<\/a><\/h3>\t\t\t\t<\/div>\n\t\t\t\t<\/div>\n\t\t\t\t<\/div>\n\t\t<div class=\"elementor-element elementor-element-fd8c7e1 e-con-full e-flex e-con e-child\" data-id=\"fd8c7e1\" data-element_type=\"container\" data-e-type=\"container\" data-settings=\"{&quot;background_background&quot;:&quot;classic&quot;}\">\n\t\t\t\t<div class=\"elementor-element elementor-element-e7c387f elementor-widget elementor-widget-image\" data-id=\"e7c387f\" data-element_type=\"widget\" data-e-type=\"widget\" data-widget_type=\"image.default\">\n\t\t\t\t<div class=\"elementor-widget-container\">\n\t\t\t\t\t\t\t\t\t\t\t\t\t\t\t\t<a href=\"\/de\/supermarket-interior-design-company\/\">\n\t\t\t\t\t\t\t<img loading=\"lazy\" decoding=\"async\" width=\"800\" height=\"480\" src=\"https:\/\/oydisplay.com\/wp-content\/uploads\/2025\/03\/Supermarket-Store-Design.webp\" class=\"attachment-large size-large wp-image-446\" alt=\"Supermarkt-Store-Design\" srcset=\"https:\/\/oydisplay.com\/wp-content\/uploads\/2025\/03\/Supermarket-Store-Design.webp 1000w, https:\/\/oydisplay.com\/wp-content\/uploads\/2025\/03\/Supermarket-Store-Design-300x180.webp 300w, https:\/\/oydisplay.com\/wp-content\/uploads\/2025\/03\/Supermarket-Store-Design-768x461.webp 768w\" sizes=\"auto, (max-width: 800px) 100vw, 800px\" title=\"\">\t\t\t\t\t\t\t\t<\/a>\n\t\t\t\t\t\t\t\t\t\t\t\t\t\t\t<\/div>\n\t\t\t\t<\/div>\n\t\t\t\t<div class=\"elementor-element elementor-element-9c624d0 elementor-widget elementor-widget-heading\" data-id=\"9c624d0\" data-element_type=\"widget\" data-e-type=\"widget\" data-widget_type=\"heading.default\">\n\t\t\t\t<div class=\"elementor-widget-container\">\n\t\t\t\t\t<h3 class=\"elementor-heading-title elementor-size-default\"><a href=\"\/de\/supermarket-interior-design-company\/\">Supermarkt-Store-Design\n<\/a><\/h3>\t\t\t\t<\/div>\n\t\t\t\t<\/div>\n\t\t\t\t<\/div>\n\t\t<div class=\"elementor-element elementor-element-d126475 e-con-full e-flex e-con e-child\" data-id=\"d126475\" data-element_type=\"container\" data-e-type=\"container\" data-settings=\"{&quot;background_background&quot;:&quot;classic&quot;}\">\n\t\t\t\t<div class=\"elementor-element elementor-element-69bb5e4 elementor-widget elementor-widget-image\" data-id=\"69bb5e4\" data-element_type=\"widget\" data-e-type=\"widget\" data-widget_type=\"image.default\">\n\t\t\t\t<div class=\"elementor-widget-container\">\n\t\t\t\t\t\t\t\t\t\t\t\t\t\t\t\t<a href=\"\/de\/pharmacy-design-company\/\">\n\t\t\t\t\t\t\t<img loading=\"lazy\" decoding=\"async\" width=\"800\" height=\"480\" src=\"https:\/\/oydisplay.com\/wp-content\/uploads\/2025\/03\/Pharmacy-Shop-Design.webp\" class=\"attachment-large size-large wp-image-447\" alt=\"Apothekenladen-Design\" srcset=\"https:\/\/oydisplay.com\/wp-content\/uploads\/2025\/03\/Pharmacy-Shop-Design.webp 1000w, https:\/\/oydisplay.com\/wp-content\/uploads\/2025\/03\/Pharmacy-Shop-Design-300x180.webp 300w, https:\/\/oydisplay.com\/wp-content\/uploads\/2025\/03\/Pharmacy-Shop-Design-768x461.webp 768w\" sizes=\"auto, (max-width: 800px) 100vw, 800px\" title=\"\">\t\t\t\t\t\t\t\t<\/a>\n\t\t\t\t\t\t\t\t\t\t\t\t\t\t\t<\/div>\n\t\t\t\t<\/div>\n\t\t\t\t<div class=\"elementor-element elementor-element-94873e5 elementor-widget elementor-widget-heading\" data-id=\"94873e5\" data-element_type=\"widget\" data-e-type=\"widget\" data-widget_type=\"heading.default\">\n\t\t\t\t<div class=\"elementor-widget-container\">\n\t\t\t\t\t<h3 class=\"elementor-heading-title elementor-size-default\"><a href=\"\/de\/pharmacy-design-company\/\">Apothekenladen-Design\n<\/a><\/h3>\t\t\t\t<\/div>\n\t\t\t\t<\/div>\n\t\t\t\t<\/div>\n\t\t\t\t<\/div>\n\t\t\t\t<\/div>","protected":false},"excerpt":{"rendered":"<p>Einzelhandelsgesch\u00e4ft Innenarchitekturideen Schmuckgesch\u00e4ft Design Kosmetikgesch\u00e4ft Design Rauchergesch\u00e4ft Design Optikergesch\u00e4ft Design Bekleidungsgesch\u00e4ft Design Schuh- &amp; Handtaschenladen Design Supermarktgesch\u00e4ft Design Apotheke Design<\/p>","protected":false},"author":1,"featured_media":5187,"parent":0,"menu_order":0,"comment_status":"closed","ping_status":"closed","template":"","meta":{"_acf_changed":false,"footnotes":""},"class_list":["post-8029","page","type-page","status-publish","has-post-thumbnail","hentry"],"acf":[],"_links":{"self":[{"href":"https:\/\/oydisplay.com\/de\/wp-json\/wp\/v2\/pages\/8029","targetHints":{"allow":["GET"]}}],"collection":[{"href":"https:\/\/oydisplay.com\/de\/wp-json\/wp\/v2\/pages"}],"about":[{"href":"https:\/\/oydisplay.com\/de\/wp-json\/wp\/v2\/types\/page"}],"author":[{"embeddable":true,"href":"https:\/\/oydisplay.com\/de\/wp-json\/wp\/v2\/users\/1"}],"replies":[{"embeddable":true,"href":"https:\/\/oydisplay.com\/de\/wp-json\/wp\/v2\/comments?post=8029"}],"version-history":[{"count":9,"href":"https:\/\/oydisplay.com\/de\/wp-json\/wp\/v2\/pages\/8029\/revisions"}],"predecessor-version":[{"id":8038,"href":"https:\/\/oydisplay.com\/de\/wp-json\/wp\/v2\/pages\/8029\/revisions\/8038"}],"wp:featuredmedia":[{"embeddable":true,"href":"https:\/\/oydisplay.com\/de\/wp-json\/wp\/v2\/media\/5187"}],"wp:attachment":[{"href":"https:\/\/oydisplay.com\/de\/wp-json\/wp\/v2\/media?parent=8029"}],"curies":[{"name":"wp","href":"https:\/\/api.w.org\/{rel}","templated":true}]}}