{"id":2280,"date":"2025-04-16T09:59:25","date_gmt":"2025-04-16T01:59:25","guid":{"rendered":"https:\/\/oydisplay.com\/?page_id=2280"},"modified":"2025-04-16T10:02:20","modified_gmt":"2025-04-16T02:02:20","slug":"terms","status":"publish","type":"page","link":"https:\/\/oydisplay.com\/de\/terms\/","title":{"rendered":"\u00a0Nutzungsbedingungen"},"content":{"rendered":"<div data-elementor-type=\"wp-page\" data-elementor-id=\"2280\" class=\"elementor elementor-2280\" data-elementor-post-type=\"page\">\n\t\t\t\t<div class=\"elementor-element elementor-element-cf0fc9c e-flex e-con-boxed e-con e-parent\" data-id=\"cf0fc9c\" data-element_type=\"container\" data-e-type=\"container\">\n\t\t\t\t\t<div class=\"e-con-inner\">\n\t\t\t\t<div class=\"elementor-element elementor-element-da7ba20 elementor-widget elementor-widget-text-editor\" data-id=\"da7ba20\" data-element_type=\"widget\" data-e-type=\"widget\" data-widget_type=\"text-editor.default\">\n\t\t\t\t<div class=\"elementor-widget-container\">\n\t\t\t\t\t\t\t\t\t<h1>Allgemeine Gesch\u00e4ftsbedingungen<\/h1><p>Zuletzt aktualisiert: 16. April 2025<\/p><p>Bitte lesen Sie diese Allgemeinen Gesch\u00e4ftsbedingungen sorgf\u00e4ltig durch, bevor Sie unseren Service nutzen.<\/p><h2>Auslegung und Definitionen<\/h2><h3>Auslegung<\/h3><p>Die W\u00f6rter, deren Anfangsbuchstabe gro\u00dfgeschrieben ist, haben Bedeutungen, die unter den folgenden Bedingungen definiert sind. Die folgenden Definitionen haben die gleiche Bedeutung, unabh\u00e4ngig davon, ob sie im Singular oder Plural erscheinen.<\/p><h3>Definitionen<\/h3><p>F\u00fcr die Zwecke dieser Allgemeinen Gesch\u00e4ftsbedingungen:<\/p><ul><li><p><strong>Partnerunternehmen<\/strong> bedeutet eine Einheit, die eine Partei kontrolliert, von ihr kontrolliert wird oder mit ihr unter gemeinsamer Kontrolle steht, wobei \u201eKontrolle\u201c den Besitz von 50,1 % oder mehr der Anteile, Eigenkapitalbeteiligungen oder anderer stimmberechtigter Wertpapiere zur Wahl von Direktoren oder anderer leitender Beh\u00f6rden bedeutet.<\/p><\/li><li><p><strong>Land<\/strong> bezieht sich auf: Deutschland<\/p><\/li><li><p><strong>Unternehmen<\/strong> (im Folgenden als \u201edas Unternehmen\u201c, \u201eWir\u201c, \u201eUns\u201c oder \u201eUnser\u201c in dieser Vereinbarung bezeichnet) bezieht sich auf Ouyee Display.<\/p><\/li><li><p><strong>Ger\u00e4t<\/strong> bedeutet jedes Ger\u00e4t, das auf den Service zugreifen kann, wie z.B. ein Computer, ein Mobiltelefon oder ein digitales Tablet.<\/p><\/li><li><p><strong>Service<\/strong> bezieht sich auf die Website.<\/p><\/li><li><p><strong>Allgemeine Gesch\u00e4ftsbedingungen<\/strong> (auch als \u201eBedingungen\u201c bezeichnet) sind diese Allgemeinen Gesch\u00e4ftsbedingungen, die die gesamte Vereinbarung zwischen Ihnen und dem Unternehmen bez\u00fcglich der Nutzung des Service bilden.<\/p><\/li><li><p><strong>Drittanbieter-Sozialen-Medien-Dienst<\/strong> bezeichnet jegliche Dienste oder Inhalte (einschlie\u00dflich Daten, Informationen, Produkte oder Dienstleistungen), die von einem Drittanbieter bereitgestellt werden und vom Dienst angezeigt, eingeschlossen oder verf\u00fcgbar gemacht werden k\u00f6nnen.<\/p><\/li><li><p><strong>Webseite<\/strong> bezieht sich auf Ouyee Display, zug\u00e4nglich von <a href=\"https:\/\/oydisplay.com\/de\/\" target=\"_blank\" rel=\"external nofollow noopener\">https:\/\/oydisplay.com\/<\/a><\/p><\/li><li><p><strong>Sie<\/strong> bezeichnet die Person, die auf den Dienst zugreift oder ihn nutzt, oder das Unternehmen oder eine andere juristische Person, im Auftrag derer diese Person auf den Dienst zugreift oder ihn nutzt, soweit zutreffend.<\/p><\/li><\/ul><h2>Best\u00e4tigung<\/h2><p>Dies sind die Allgemeinen Gesch\u00e4ftsbedingungen, die die Nutzung dieses Dienstes regeln und die zwischen Ihnen und dem Unternehmen bestehen. Diese Allgemeinen Gesch\u00e4ftsbedingungen legen die Rechte und Pflichten aller Nutzer hinsichtlich der Nutzung des Dienstes fest.<\/p><p>Ihr Zugriff auf und Ihre Nutzung des Dienstes sind an Ihre Annahme und Einhaltung dieser Allgemeinen Gesch\u00e4ftsbedingungen gebunden. Diese Allgemeinen Gesch\u00e4ftsbedingungen gelten f\u00fcr alle Besucher, Nutzer und andere, die auf den Dienst zugreifen oder ihn nutzen.<\/p><p>Durch den Zugriff auf oder die Nutzung des Dienstes erkl\u00e4ren Sie sich mit diesen Allgemeinen Gesch\u00e4ftsbedingungen einverstanden. Wenn Sie mit einem Teil dieser Allgemeinen Gesch\u00e4ftsbedingungen nicht einverstanden sind, d\u00fcrfen Sie keinen Zugriff auf den Dienst nehmen.<\/p><p>Sie versichern, dass Sie \u00fcber 18 Jahre alt sind. Das Unternehmen erlaubt Personen unter 18 Jahren nicht, den Dienst zu nutzen.<\/p><p>Ihr Zugriff auf und Ihre Nutzung des Dienstes sind au\u00dferdem an Ihre Annahme und Einhaltung der Datenschutzrichtlinie des Unternehmens gebunden. Unsere Datenschutzrichtlinie beschreibt unsere Richtlinien und Verfahren zur Erhebung, Nutzung und Offenlegung Ihrer pers\u00f6nlichen Daten, wenn Sie die Anwendung oder die Website nutzen, und informiert Sie \u00fcber Ihre Datenschutzrechte und wie das Gesetz Sie sch\u00fctzt. Bitte lesen Sie unsere Datenschutzrichtlinie sorgf\u00e4ltig durch, bevor Sie unseren Dienst nutzen.<\/p><h2>Links zu anderen Websites<\/h2><p>Unser Dienst kann Links zu Websites oder Diensten Dritter enthalten, die nicht im Besitz oder kontrolliert vom Unternehmen sind.<\/p><p>Das Unternehmen hat keine Kontrolle \u00fcber und \u00fcbernimmt keine Verantwortung f\u00fcr den Inhalt, die Datenschutzrichtlinien oder Praktiken von Websites oder Diensten Dritter. Sie erkennen ferner an und stimmen zu, dass das Unternehmen nicht verantwortlich oder haftbar ist, direkt oder indirekt, f\u00fcr Sch\u00e4den oder Verluste, die durch die Nutzung oder das Vertrauen auf solche Inhalte, Waren oder Dienstleistungen entstehen oder behauptet werden, die auf oder \u00fcber solche Websites oder Dienste verf\u00fcgbar sind.<\/p><p>Wir empfehlen Ihnen dringend, die Allgemeinen Gesch\u00e4ftsbedingungen und Datenschutzrichtlinien aller Websites oder Dienste Dritter zu lesen, die Sie besuchen.<\/p><h2>Beendigung<\/h2><p>Wir k\u00f6nnen Ihren Zugriff sofort und ohne vorherige Ank\u00fcndigung oder Haftung aus beliebigem Grund k\u00fcndigen oder aussetzen, einschlie\u00dflich, aber nicht beschr\u00e4nkt auf Verst\u00f6\u00dfe gegen diese Allgemeinen Gesch\u00e4ftsbedingungen.<\/p><p>Bei Beendigung erlischt Ihr Recht, den Dienst zu nutzen, sofort.<\/p><h2>Haftungsbeschr\u00e4nkung<\/h2><p>Ungeachtet etwaiger Sch\u00e4den, die Sie erleiden k\u00f6nnten, ist die gesamte Haftung des Unternehmens und seiner Lieferanten unter jeder Bestimmung dieser Bedingungen sowie Ihr alleiniges Rechtsmittel f\u00fcr das Vorstehende auf den Betrag beschr\u00e4nkt, den Sie tats\u00e4chlich \u00fcber den Dienst bezahlt haben, oder 100 USD, falls Sie nichts \u00fcber den Dienst gekauft haben.<\/p><p>Soweit nach geltendem Recht zul\u00e4ssig, haften das Unternehmen oder seine Lieferanten in keinem Fall f\u00fcr besondere, zuf\u00e4llige, indirekte oder Folgesch\u00e4den jeglicher Art (einschlie\u00dflich, aber nicht beschr\u00e4nkt auf Sch\u00e4den durch Gewinnverlust, Datenverlust oder andere Informationen, Gesch\u00e4ftsunterbrechung, Personensch\u00e4den, Verlust der Privatsph\u00e4re, die sich aus oder in Zusammenhang mit der Nutzung oder Unf\u00e4higkeit zur Nutzung des Dienstes, der Drittanbieter-Software und\/oder der Drittanbieter-Hardware, die mit dem Dienst verwendet wird, oder anderweitig im Zusammenhang mit einer Bestimmung dieser Bedingungen ergeben), selbst wenn das Unternehmen oder ein Lieferant auf die M\u00f6glichkeit solcher Sch\u00e4den hingewiesen wurde und selbst wenn das Rechtsmittel seinen wesentlichen Zweck verfehlt.<\/p><p>Einige Bundesl\u00e4nder erlauben den Ausschluss von stillschweigenden Garantien oder die Begrenzung der Haftung f\u00fcr zuf\u00e4llige oder Folgesch\u00e4den nicht, was bedeutet, dass einige der oben genannten Beschr\u00e4nkungen m\u00f6glicherweise nicht gelten. In diesen Bundesl\u00e4ndern ist die Haftung jeder Partei auf den gr\u00f6\u00dftm\u00f6glichen gesetzlich zul\u00e4ssigen Umfang beschr\u00e4nkt.<\/p><h2>Haftungsausschluss \u201eGEBRAUCHS- UND VERF\u00dcGBARKEITSZUSTAND\u201c<\/h2><p>Der Service wird Ihnen \u201eGEBRAUCHS- UND VERF\u00dcGBARKEITSZUSTAND\u201c sowie mit allen Fehlern und M\u00e4ngeln ohne jegliche Garantie bereitgestellt. Soweit nach geltendem Recht zul\u00e4ssig, lehnt das Unternehmen im eigenen Namen sowie im Namen seiner verbundenen Unternehmen und seiner jeweiligen Lizenzgeber und Dienstleister ausdr\u00fccklich alle Garantien ab, sei es ausdr\u00fccklich, stillschweigend, gesetzlich oder anderweitig, hinsichtlich des Service, einschlie\u00dflich aller stillschweigenden Garantien der Marktg\u00e4ngigkeit, Eignung f\u00fcr einen bestimmten Zweck, Eigentum und Nichtverletzung sowie Garantien, die sich aus dem Gesch\u00e4ftsverlauf, der Leistungserbringung, der Nutzung oder der Handels\u00fcbung ergeben k\u00f6nnen. Ohne Einschr\u00e4nkung des Vorstehenden \u00fcbernimmt das Unternehmen keine Garantie oder Zusicherung und macht keine Zusage jeglicher Art, dass der Service Ihren Anforderungen entspricht, bestimmte Ergebnisse erzielt, mit anderer Software, Anwendungen, Systemen oder Diensten kompatibel ist oder funktioniert, ohne Unterbrechung arbeitet, Leistungs- oder Zuverl\u00e4ssigkeitsstandards erf\u00fcllt oder fehlerfrei ist oder dass Fehler oder M\u00e4ngel behoben werden k\u00f6nnen oder werden.<\/p><p>Ohne Einschr\u00e4nkung des Vorstehenden gibt weder das Unternehmen noch einer seiner Anbieter irgendwelche ausdr\u00fccklichen oder stillschweigenden Zusicherungen oder Garantien: (i) hinsichtlich des Betriebs oder der Verf\u00fcgbarkeit des Service oder der darin enthaltenen Informationen, Inhalte, Materialien oder Produkte; (ii) dass der Service unterbrechungsfrei oder fehlerfrei sein wird; (iii) hinsichtlich der Genauigkeit, Zuverl\u00e4ssigkeit oder Aktualit\u00e4t der durch den Service bereitgestellten Informationen oder Inhalte; oder (iv) dass der Service, seine Server, die Inhalte oder E-Mails, die im Auftrag des Unternehmens gesendet werden, frei von Viren, Skripten, Trojanern, W\u00fcrmern, Malware, Zeitbomben oder anderen sch\u00e4dlichen Komponenten sind.<\/p><p>Einige Rechtsordnungen erlauben den Ausschluss bestimmter Garantietypen oder Beschr\u00e4nkungen der anwendbaren gesetzlichen Verbraucherrechte nicht, sodass einige oder alle oben genannten Ausschl\u00fcsse und Beschr\u00e4nkungen m\u00f6glicherweise nicht auf Sie zutreffen. In einem solchen Fall gelten die in diesem Abschnitt festgelegten Ausschl\u00fcsse und Beschr\u00e4nkungen im gr\u00f6\u00dftm\u00f6glichen gesetzlich zul\u00e4ssigen Umfang.<\/p><h2>Geltendes Recht<\/h2><p>Die Gesetze des Landes, ohne seine Kollisionsnormen, regeln diese Allgemeinen Gesch\u00e4ftsbedingungen und Ihre Nutzung des Service. Ihre Nutzung der Anwendung kann auch anderen lokalen, staatlichen, nationalen oder internationalen Gesetzen unterliegen.<\/p><h2>Streitbeilegung<\/h2><p>Wenn Sie Bedenken oder Streitigkeiten bez\u00fcglich des Service haben, erkl\u00e4ren Sie sich damit einverstanden, zun\u00e4chst zu versuchen, den Streit informell durch Kontaktaufnahme mit dem Unternehmen zu kl\u00e4ren.<\/p><h2>F\u00fcr Nutzer der Europ\u00e4ischen Union (EU)<\/h2><p>Wenn Sie ein Verbraucher der Europ\u00e4ischen Union sind, profitieren Sie von allen zwingenden Bestimmungen des Gesetzes des Landes, in dem Sie ans\u00e4ssig sind.<\/p><h2>Rechtliche Konformit\u00e4t in Deutschland<\/h2><p>Sie erkl\u00e4ren und garantieren, dass (i) Sie sich nicht in einem Land befinden, das einem Embargo der Bundesregierung unterliegt oder das von der Bundesregierung als \u201eterrorismusunterst\u00fctzendes\u201c Land bezeichnet wurde, und (ii) Sie nicht auf einer Liste der verbotenen oder eingeschr\u00e4nkten Parteien der Bundesregierung stehen.<\/p><h2>Salvatorische Klausel und Verzichtserkl\u00e4rung<\/h2><h3>Salvatorische Klausel<\/h3><p>Wenn eine Bestimmung dieser Bedingungen f\u00fcr nicht durchsetzbar oder ung\u00fcltig gehalten wird, wird diese Bestimmung ge\u00e4ndert und ausgelegt, um die Ziele dieser Bestimmung so weit wie m\u00f6glich im Rahmen des geltenden Rechts zu erreichen, und die verbleibenden Bestimmungen bleiben in vollem Umfang in Kraft.<\/p><h3>Verzichtserkl\u00e4rung<\/h3><p>Mit Ausnahme der hierin vorgesehenen F\u00e4lle beeintr\u00e4chtigt das Nichtaus\u00fcben eines Rechts oder die Nichtdurchsetzung einer Verpflichtung aus diesen Bedingungen nicht die F\u00e4higkeit einer Partei, dieses Recht auszu\u00fcben oder diese Verpflichtung zu einem sp\u00e4teren Zeitpunkt durchzusetzen, und der Verzicht auf eine Verletzung stellt keinen Verzicht auf eine sp\u00e4tere Verletzung dar.<\/p><h2>\u00dcbersetzungsinterpretation<\/h2><p>Diese Allgemeinen Gesch\u00e4ftsbedingungen k\u00f6nnen \u00fcbersetzt worden sein, falls wir sie Ihnen auf unserem Service zur Verf\u00fcgung gestellt haben.<br \/>Sie stimmen zu, dass im Falle eines Streits der urspr\u00fcngliche englische Text ma\u00dfgeblich ist.<\/p><h2>\u00c4nderungen dieser Gesch\u00e4ftsbedingungen<\/h2><p>Wir behalten uns das Recht vor, nach eigenem Ermessen diese Bedingungen jederzeit zu \u00e4ndern oder zu ersetzen. Wenn eine \u00dcberarbeitung wesentlich ist, werden wir angemessene Anstrengungen unternehmen, um mindestens 30 Tage vor Inkrafttreten der neuen Bedingungen eine Benachrichtigung zu senden. Was eine wesentliche \u00c4nderung darstellt, wird nach unserem alleinigen Ermessen bestimmt.<\/p><p>Indem Sie weiterhin auf unseren Dienst zugreifen oder ihn nutzen, nachdem diese \u00dcberarbeitungen wirksam werden, stimmen Sie zu, an die \u00fcberarbeiteten Bedingungen gebunden zu sein. Wenn Sie den neuen Bedingungen ganz oder teilweise nicht zustimmen, beenden Sie bitte die Nutzung der Website und des Dienstes.<\/p><h2>Kontaktieren Sie uns<\/h2><p>Wenn Sie Fragen zu diesen Gesch\u00e4ftsbedingungen haben, k\u00f6nnen Sie uns kontaktieren:<\/p><ul><li>Per E-Mail: <a href=\"mailto:gzouyeedisplay@gmail.com\">gzouyeedisplay@gmail.com<\/a><\/li><\/ul>\t\t\t\t\t\t\t\t<\/div>\n\t\t\t\t<\/div>\n\t\t\t\t\t<\/div>\n\t\t\t\t<\/div>\n\t\t\t\t<\/div>","protected":false},"excerpt":{"rendered":"<p>Terms and Conditions Last updated: April 16, 2025 Please read these terms and conditions carefully before using Our Service. Interpretation and Definitions Interpretation The words of which the initial letter is capitalized have meanings defined under the following conditions. The following definitions shall have the same meaning regardless of whether they appear in singular or [&hellip;]<\/p>\n","protected":false},"author":1,"featured_media":0,"parent":0,"menu_order":0,"comment_status":"closed","ping_status":"closed","template":"","meta":{"_acf_changed":false,"footnotes":""},"class_list":["post-2280","page","type-page","status-publish","hentry"],"acf":[],"_links":{"self":[{"href":"https:\/\/oydisplay.com\/de\/wp-json\/wp\/v2\/pages\/2280","targetHints":{"allow":["GET"]}}],"collection":[{"href":"https:\/\/oydisplay.com\/de\/wp-json\/wp\/v2\/pages"}],"about":[{"href":"https:\/\/oydisplay.com\/de\/wp-json\/wp\/v2\/types\/page"}],"author":[{"embeddable":true,"href":"https:\/\/oydisplay.com\/de\/wp-json\/wp\/v2\/users\/1"}],"replies":[{"embeddable":true,"href":"https:\/\/oydisplay.com\/de\/wp-json\/wp\/v2\/comments?post=2280"}],"version-history":[{"count":8,"href":"https:\/\/oydisplay.com\/de\/wp-json\/wp\/v2\/pages\/2280\/revisions"}],"predecessor-version":[{"id":6287,"href":"https:\/\/oydisplay.com\/de\/wp-json\/wp\/v2\/pages\/2280\/revisions\/6287"}],"wp:attachment":[{"href":"https:\/\/oydisplay.com\/de\/wp-json\/wp\/v2\/media?parent=2280"}],"curies":[{"name":"wp","href":"https:\/\/api.w.org\/{rel}","templated":true}]}}